{"id":4120,"date":"2025-05-01T16:51:59","date_gmt":"2025-05-01T20:51:59","guid":{"rendered":"https:\/\/www.epcm.com\/?page_id=4120"},"modified":"2025-05-30T16:46:08","modified_gmt":"2025-05-30T20:46:08","slug":"servicios-de-ingenieria-5","status":"publish","type":"page","link":"https:\/\/www.epcm.com\/es\/servicios-2\/servicios-de-ingenieria-5\/","title":{"rendered":"C\u00e1todo de tira f\u00e1cil EPCM"},"content":{"rendered":"\n<div class=\"wp-block-group alignfull has-theme-white-background-color has-background\"><div class=\"wp-block-group__inner-container is-layout-flow wp-block-group-is-layout-flow\">\n<div class=\"wp-block-columns justify-content-between is-layout-flex wp-container-core-columns-is-layout-9d6595d7 wp-block-columns-is-layout-flex\">\n<div class=\"wp-block-column is-vertically-aligned-bottom is-layout-flow wp-block-column-is-layout-flow\" style=\"flex-basis:50%\">\n<h1 class=\"wp-block-heading is-style-default has-theme-primary-color has-text-color has-30-font-size\" id=\"40-years-of-global-engineering-consulting-experience\">Qu\u00e9 es<\/h1>\n\n\n\n<p>Nuestro dise\u00f1o patentado que optimiza el proceso de decapado, permitiendo una eliminaci\u00f3n m\u00e1s f\u00e1cil del cobre con menos desgaste del equipo y tiempo de inactividad.<\/p>\n<\/div>\n\n\n\n<div class=\"wp-block-column is-vertically-aligned-top is-layout-flow wp-block-column-is-layout-flow\" style=\"flex-basis:18%\">\n<div class=\"wp-block-buttons is-vertical is-content-justification-left is-layout-flex wp-container-core-buttons-is-layout-c0ca7d81 wp-block-buttons-is-layout-flex\">\n<div class=\"wp-block-button is-style-link\"><a class=\"wp-block-button__link has-theme-primary-color has-theme-primary-light-background-color has-text-color has-background wp-element-button\" href=\"\/categor&#xED;a\/proyectos\/\">Proyectos<\/a><\/div>\n\n\n\n<div class=\"wp-block-button is-style-link\"><a class=\"wp-block-button__link has-theme-primary-color has-theme-primary-light-background-color has-text-color has-background wp-element-button\" href=\"\/servicios-soluciones\/recursos\/\">Recursos<\/a><\/div>\n\n\n\n<div class=\"wp-block-button is-style-link\"><a class=\"wp-block-button__link has-theme-primary-color has-theme-primary-light-background-color has-text-color has-background wp-element-button\" href=\"https:\/\/www.epcm.com\/es\/contact-us\/\">Cont\u00e1ctanos<\/a><\/div>\n<\/div>\n<\/div>\n<\/div>\n<\/div><\/div>\n\n<div class=\"wp-block-group alignfull is-style-image-overflow-left mb-0 has-theme-light-background-color has-background\"><div class=\"wp-block-group__inner-container is-layout-flow wp-block-group-is-layout-flow\">\n<div class=\"wp-block-columns is-layout-flex wp-container-core-columns-is-layout-9d6595d7 wp-block-columns-is-layout-flex\">\n<div class=\"wp-block-column is-layout-flow wp-block-column-is-layout-flow\">\n<figure class=\"wp-block-image size-large is-resized\"><img loading=\"lazy\" decoding=\"async\" src=\"https:\/\/www.epcm.com\/wp-content\/uploads\/2025\/04\/MG_3853-1-edited-3.jpg\" alt=\"-\" class=\"wp-image-4061\" width=\"556\" height=\"291\" title=\"- -\"><\/figure>\n<\/div>\n\n\n\n<div class=\"wp-block-column is-layout-flow wp-block-column-is-layout-flow\">\n<h2 class=\"wp-block-heading has-theme-primary-color has-text-color has-26-font-size\" id=\"our-expertise\">Ventajas<\/h2>\n\n\n\n<ul class=\"wp-block-list\">\n<li>Reducci\u00f3n del tiempo de decapado<\/li>\n\n\n\n<li>Menor mantenimiento de las m\u00e1quinas autom\u00e1ticas de decapado<\/li>\n\n\n\n<li>Mayor eficacia operativa y seguridad<\/li>\n<\/ul>\n\n\n\n<h2 class=\"wp-block-heading has-theme-primary-color has-text-color has-26-font-size\" id=\"our-expertise\">Aplicaciones<\/h2>\n\n\n\n<p>Lo mejor para instalaciones con sistemas automatizados de decapado que buscan maximizar el rendimiento y reducir las paradas imprevistas.<\/p>\n<\/div>\n<\/div>\n<\/div><\/div>\n\n<div class=\"wp-block-group alignfull has-theme-default-color has-theme-white-background-color has-text-color has-background\"><div class=\"wp-block-group__inner-container is-layout-flow wp-block-group-is-layout-flow\">\n<div class=\"wp-block-columns mb-0 is-layout-flex wp-container-core-columns-is-layout-9d6595d7 wp-block-columns-is-layout-flex\">\n<div class=\"wp-block-column is-layout-flow wp-block-column-is-layout-flow\" style=\"flex-basis:50%\">\n<h2 class=\"wp-block-heading has-text-align-left has-theme-primary-color has-text-color has-26-font-size\" id=\"fortune-500-clients-across-four-continents\">Elegir el c\u00e1todo adecuado para tu proceso<\/h2>\n<\/div>\n<\/div>\n\n\n\n<p>La selecci\u00f3n del c\u00e1todo ideal depende de tu entorno operativo, la qu\u00edmica del electrolito, el m\u00e9todo de extracci\u00f3n y las expectativas del ciclo de vida. EPCM colabora estrechamente con los clientes para recomendar la mejor soluci\u00f3n basada en la viabilidad t\u00e9cnica y econ\u00f3mica.<\/p>\n\n\n\n<p><mark style=\"background-color:rgba(0, 0, 0, 0)\" class=\"has-inline-color has-theme-primary-light-color\">Otras materias primas<\/mark><\/p>\n\n\n\n<div class=\"wp-block-columns mb-0 is-layout-flex wp-container-core-columns-is-layout-9d6595d7 wp-block-columns-is-layout-flex\">\n<div class=\"wp-block-column is-layout-flow wp-block-column-is-layout-flow\">\n<ul class=\"wp-block-list\">\n<li><strong>C\u00e1todo de acero inoxidable 316L<\/strong><\/li>\n\n\n\n<li><strong>C\u00e1todo de acero inoxidable 316<\/strong><\/li>\n\n\n\n<li><strong>C\u00e1todo de tira f\u00e1cil EPCM<\/strong><\/li>\n\n\n\n<li><strong>C\u00e1todo de titanio<\/strong><\/li>\n\n\n\n<li><strong>C\u00e1todos de acero inoxidable d\u00faplex<\/strong><\/li>\n<\/ul>\n<\/div>\n<\/div>\n<\/div><\/div>\n\n<figure class=\"wp-block-gallery has-nested-images columns-3 w-100 mb-0 wp-block-gallery-1 is-layout-flex wp-block-gallery-is-layout-flex\">\n<figure class=\"wp-block-image size-medium\"><img loading=\"lazy\" decoding=\"async\" width=\"300\" height=\"225\" data-id=\"1968\" src=\"http:\/\/www.epcm.com\/wp-content\/uploads\/2021\/10\/cathode-header-bars-300x225.jpg\" alt=\"-\" class=\"wp-image-1968\" title=\"- -\" srcset=\"https:\/\/www.epcm.com\/wp-content\/uploads\/2021\/10\/cathode-header-bars-300x225.jpg 300w, https:\/\/www.epcm.com\/wp-content\/uploads\/2021\/10\/cathode-header-bars.jpg 640w\" sizes=\"auto, (max-width: 300px) 100vw, 300px\" \/><\/figure>\n\n\n\n<figure class=\"wp-block-image size-medium\"><img loading=\"lazy\" decoding=\"async\" width=\"300\" height=\"222\" data-id=\"1969\" src=\"http:\/\/www.epcm.com\/wp-content\/uploads\/2021\/10\/cathode-header-bars2-300x222.jpg\" alt=\"-\" class=\"wp-image-1969\" title=\"- -\" srcset=\"https:\/\/www.epcm.com\/wp-content\/uploads\/2021\/10\/cathode-header-bars2-300x222.jpg 300w, https:\/\/www.epcm.com\/wp-content\/uploads\/2021\/10\/cathode-header-bars2.jpg 640w\" sizes=\"auto, (max-width: 300px) 100vw, 300px\" \/><\/figure>\n\n\n\n<figure class=\"wp-block-image size-medium\"><img loading=\"lazy\" decoding=\"async\" width=\"300\" height=\"225\" data-id=\"1970\" src=\"http:\/\/www.epcm.com\/wp-content\/uploads\/2021\/10\/new-cathode-300x225.jpg\" alt=\"-\" class=\"wp-image-1970\" title=\"- -\" srcset=\"https:\/\/www.epcm.com\/wp-content\/uploads\/2021\/10\/new-cathode-300x225.jpg 300w, https:\/\/www.epcm.com\/wp-content\/uploads\/2021\/10\/new-cathode-768x576.jpg 768w, https:\/\/www.epcm.com\/wp-content\/uploads\/2021\/10\/new-cathode.jpg 1024w\" sizes=\"auto, (max-width: 300px) 100vw, 300px\" \/><\/figure>\n<\/figure>\n\n<div class=\"wp-block-group alignfull has-theme-white-background-color has-background\"><div class=\"wp-block-group__inner-container is-layout-flow wp-block-group-is-layout-flow\">\n<p class=\"has-text-align-center mb-0 has-26-font-size\">Tanto si est\u00e1s iniciando un nuevo proyecto como si buscas optimizar tu flota de c\u00e1todos existente, EPCM ofrece soluciones para todo el ciclo de vida, desde la selecci\u00f3n de materiales y el dise\u00f1o hasta la fabricaci\u00f3n, la reparaci\u00f3n y la evaluaci\u00f3n del rendimiento. Para saber m\u00e1s sobre los c\u00e1todos EPCM,<\/p>\n\n\n\n<div class=\"wp-block-buttons is-horizontal is-content-justification-center is-layout-flex wp-container-core-buttons-is-layout-499968f5 wp-block-buttons-is-layout-flex\">\n<div class=\"wp-block-button is-style-link\"><a class=\"wp-block-button__link has-theme-primary-color has-theme-primary-light-background-color has-text-color has-background wp-element-button\" href=\"https:\/\/www.epcm.com\/es\/contact-us\/\">CONT\u00c1CTANOS<\/a><\/div>\n<\/div>\n<\/div><\/div>\n","protected":false},"excerpt":{"rendered":"<p>Qu\u00e9 es Nuestro dise\u00f1o patentado que optimiza el proceso de decapado, permitiendo una eliminaci\u00f3n m\u00e1s f\u00e1cil del cobre con menos&#8230;<\/p>\n","protected":false},"author":4,"featured_media":0,"parent":4035,"menu_order":0,"comment_status":"closed","ping_status":"closed","template":"","meta":{"_mo_disable_npp":"","footnotes":""},"class_list":["post-4120","page","type-page","status-publish","hentry"],"_links":{"self":[{"href":"https:\/\/www.epcm.com\/es\/wp-json\/wp\/v2\/pages\/4120","targetHints":{"allow":["GET"]}}],"collection":[{"href":"https:\/\/www.epcm.com\/es\/wp-json\/wp\/v2\/pages"}],"about":[{"href":"https:\/\/www.epcm.com\/es\/wp-json\/wp\/v2\/types\/page"}],"author":[{"embeddable":true,"href":"https:\/\/www.epcm.com\/es\/wp-json\/wp\/v2\/users\/4"}],"replies":[{"embeddable":true,"href":"https:\/\/www.epcm.com\/es\/wp-json\/wp\/v2\/comments?post=4120"}],"version-history":[{"count":3,"href":"https:\/\/www.epcm.com\/es\/wp-json\/wp\/v2\/pages\/4120\/revisions"}],"predecessor-version":[{"id":4160,"href":"https:\/\/www.epcm.com\/es\/wp-json\/wp\/v2\/pages\/4120\/revisions\/4160"}],"up":[{"embeddable":true,"href":"https:\/\/www.epcm.com\/es\/wp-json\/wp\/v2\/pages\/4035"}],"wp:attachment":[{"href":"https:\/\/www.epcm.com\/es\/wp-json\/wp\/v2\/media?parent=4120"}],"curies":[{"name":"wp","href":"https:\/\/api.w.org\/{rel}","templated":true}]}}