{"id":4069,"date":"2025-04-16T18:46:28","date_gmt":"2025-04-16T22:46:28","guid":{"rendered":"https:\/\/www.epcm.com\/?page_id=4069"},"modified":"2026-04-09T13:10:13","modified_gmt":"2026-04-09T17:10:13","slug":"servicios-de-ingenieria-3","status":"publish","type":"page","link":"https:\/\/www.epcm.com\/es\/servicios-2\/servicios-de-ingenieria-3\/","title":{"rendered":"Celdas Electrol\u00edticas"},"content":{"rendered":"\n<div class=\"wp-block-group alignfull has-theme-white-background-color has-background\"><div class=\"wp-block-group__inner-container is-layout-flow wp-block-group-is-layout-flow\">\n<div class=\"wp-block-columns justify-content-between is-layout-flex wp-container-core-columns-is-layout-9d6595d7 wp-block-columns-is-layout-flex\">\n<div class=\"wp-block-column is-vertically-aligned-bottom is-layout-flow wp-block-column-is-layout-flow\" style=\"flex-basis:50%\">\n<h1 class=\"wp-block-heading is-style-default has-theme-primary-color has-text-color has-30-font-size\" id=\"40-years-of-global-engineering-consulting-experience\">Innovadoras celdas de hormig\u00f3n pol\u00edmero dise\u00f1adas<\/h1>\n\n\n\n<p>En EPCM, a trav\u00e9s de nuestra empresa <a href=\"https:\/\/ancortecmin.com\/\" data-type=\"URL\" data-id=\"https:\/\/ancortecmin.com\/\" target=\"_blank\" rel=\"noreferrer noopener\">ANCOR TECMIN<\/a>, estamos especializados en el dise\u00f1o y fabricaci\u00f3n de celdas electrol\u00edticas avanzadas de hormig\u00f3n pol\u00edmero a medida para la electroobtenci\u00f3n y electrorrefinaci\u00f3n de metales no f\u00e9rricos.<\/p>\n\n\n\n<p>Nuestras Celdas <strong>Electrol\u00edticas<\/strong> <strong><em>Supertank\u00ae<\/em><\/strong> son reconocidas mundialmente por su excepcional durabilidad, seguridad y eficacia, estableciendo nuevos est\u00e1ndares industriales en las operaciones de las cisternas.<\/p>\n<\/div>\n\n\n\n<div class=\"wp-block-column is-vertically-aligned-top is-layout-flow wp-block-column-is-layout-flow\" style=\"flex-basis:18%\">\n<div class=\"wp-block-buttons is-vertical is-content-justification-left is-layout-flex wp-container-core-buttons-is-layout-c0ca7d81 wp-block-buttons-is-layout-flex\">\n<div class=\"wp-block-button is-style-link\"><a class=\"wp-block-button__link has-theme-primary-color has-theme-primary-light-background-color has-text-color has-background wp-element-button\" href=\"\/categor\u00eda\/proyectos\/\">Proyectos<\/a><\/div>\n\n\n\n<div class=\"wp-block-button is-style-link\"><a class=\"wp-block-button__link has-theme-primary-color has-theme-primary-light-background-color has-text-color has-background wp-element-button\" href=\"\/servicios-soluciones\/recursos\/\">Recursos<\/a><\/div>\n\n\n\n<div class=\"wp-block-button is-style-link\"><a class=\"wp-block-button__link has-theme-primary-color has-theme-primary-light-background-color has-text-color has-background wp-element-button\" href=\"https:\/\/www.epcm.com\/es\/contact-us\/\">Cont\u00e1ctanos<\/a><\/div>\n<\/div>\n<\/div>\n<\/div>\n<\/div><\/div>\n\n\n\n<div class=\"wp-block-group alignfull is-style-image-overflow-left mb-0 has-theme-light-background-color has-background\"><div class=\"wp-block-group__inner-container is-layout-flow wp-block-group-is-layout-flow\">\n<div class=\"wp-block-columns is-layout-flex wp-container-core-columns-is-layout-9d6595d7 wp-block-columns-is-layout-flex\">\n<div class=\"wp-block-column is-layout-flow wp-block-column-is-layout-flow\">\n<figure class=\"wp-block-image size-full is-resized\"><img loading=\"lazy\" decoding=\"async\" width=\"2560\" height=\"1440\" src=\"https:\/\/www.epcm.com\/wp-content\/uploads\/2026\/04\/WhatsApp-Image-2025-11-12-at-10.35.48-AM-2.jpeg\" alt=\"-\" class=\"wp-image-4765\" style=\"width:793px;height:527px\" title=\"- -\" srcset=\"https:\/\/www.epcm.com\/wp-content\/uploads\/2026\/04\/WhatsApp-Image-2025-11-12-at-10.35.48-AM-2.jpeg 2560w, https:\/\/www.epcm.com\/wp-content\/uploads\/2026\/04\/WhatsApp-Image-2025-11-12-at-10.35.48-AM-2-300x169.jpeg 300w, https:\/\/www.epcm.com\/wp-content\/uploads\/2026\/04\/WhatsApp-Image-2025-11-12-at-10.35.48-AM-2-1024x576.jpeg 1024w, https:\/\/www.epcm.com\/wp-content\/uploads\/2026\/04\/WhatsApp-Image-2025-11-12-at-10.35.48-AM-2-768x432.jpeg 768w, https:\/\/www.epcm.com\/wp-content\/uploads\/2026\/04\/WhatsApp-Image-2025-11-12-at-10.35.48-AM-2-1536x864.jpeg 1536w, https:\/\/www.epcm.com\/wp-content\/uploads\/2026\/04\/WhatsApp-Image-2025-11-12-at-10.35.48-AM-2-2048x1152.jpeg 2048w\" sizes=\"auto, (max-width: 2560px) 100vw, 2560px\" \/><\/figure>\n<\/div>\n\n\n\n<div class=\"wp-block-column is-layout-flow wp-block-column-is-layout-flow\">\n<h2 class=\"wp-block-heading has-theme-primary-color has-text-color has-26-font-size\" id=\"our-expertise\">Nuestra experiencia<\/h2>\n\n\n\n<p>Con m\u00e1s de 35 a\u00f1os de experiencia, nuestro equipo ha desarrollado y suministrado m\u00e1s de 35.000 celdas electrol\u00edticas de hormig\u00f3n pol\u00edmero a clientes de 26 pa\u00edses de los cinco continentes. Nuestro profundo conocimiento de los procesos electroqu\u00edmicos nos permite ofrecer celdas que mejoran la eficacia operativa y reducen los costes de mantenimiento. <\/p>\n\n\n\n<p><a href=\"https:\/\/ancortecmin.com\/products-and-services\/electrolytic-supertank-cells\/\" data-type=\"link\" data-id=\"https:\/\/ancortecmin.com\/products-and-services\/electrolytic-supertank-cells\/\" target=\"_blank\" rel=\"noopener\">Celdas electrol\u00edticas <em><strong>Supertank<\/strong><\/em><strong><em>\u00ae<\/em><\/strong><\/a><\/p>\n\n\n\n<ul class=\"wp-block-list\">\n<li><strong>Construcci\u00f3n monol\u00edtica:<\/strong> Garantiza la integridad estructural y minimiza los riesgos de fuga.<\/li>\n\n\n\n<li><strong>Dise\u00f1o<\/strong> <strong>a medida<\/strong> <strong>:<\/strong> Cada celda se adapta a los requisitos espec\u00edficos de la planta, optimizando el espacio y el rendimiento.<\/li>\n\n\n\n<li><strong>Materiales<\/strong> <strong>de alta calidad<\/strong> <strong>:<\/strong> Utilizaci\u00f3n de materiales compuestos avanzados para mejorar la resistencia a la corrosi\u00f3n y la longevidad.<\/li>\n\n\n\n<li><strong>Garant\u00eda<\/strong> <strong>completa<\/strong> <strong>:<\/strong> Respaldada por una garant\u00eda de 10 a\u00f1os l\u00edder en el sector, que refleja nuestro compromiso con la calidad y la fiabilidad.<\/li>\n<\/ul>\n\n\n\n<p><mark style=\"background-color:rgba(0, 0, 0, 0)\" class=\"has-inline-color has-theme-primary-light-color\">Otros productos<\/mark><\/p>\n\n\n\n<ul class=\"wp-block-list\">\n<li><a href=\"https:\/\/ancortecmin.com\/products-and-services\/capping-boards\/\" target=\"_blank\" data-type=\"URL\" data-id=\"https:\/\/ancortecmin.com\/products-and-services\/capping-boards\/\" rel=\"noreferrer noopener\">Tableros de remate.<\/a><\/li>\n\n\n\n<li><a href=\"https:\/\/ancortecmin.com\/products-and-services\/coating\/\" target=\"_blank\" data-type=\"URL\" data-id=\"https:\/\/ancortecmin.com\/products-and-services\/coating\/\" rel=\"noreferrer noopener\">Sistema de protecci\u00f3n anti\u00e1cido \/ Recubrimiento.<\/a><\/li>\n\n\n\n<li><a href=\"https:\/\/ancortecmin.com\/products-and-services\/electrolyte-aeration-systems\/\" target=\"_blank\" data-type=\"URL\" data-id=\"https:\/\/ancortecmin.com\/products-and-services\/electrolyte-aeration-systems\/\" rel=\"noreferrer noopener\">Sistemas de aireaci\u00f3n electrol\u00edtica.<\/a><\/li>\n\n\n\n<li><a href=\"https:\/\/ancortecmin.com\/products-and-services\/other-special-products\/\" target=\"_blank\" data-type=\"URL\" data-id=\"https:\/\/ancortecmin.com\/products-and-services\/other-special-products\/\" rel=\"noreferrer noopener\">Otros productos a medida y especiales.<\/a><\/li>\n<\/ul>\n<\/div>\n<\/div>\n<\/div><\/div>\n\n\n\n<div class=\"wp-block-group alignfull has-theme-default-color has-theme-white-background-color has-text-color has-background\"><div class=\"wp-block-group__inner-container is-layout-flow wp-block-group-is-layout-flow\">\n<div class=\"wp-block-columns mb-0 is-layout-flex wp-container-core-columns-is-layout-9d6595d7 wp-block-columns-is-layout-flex\">\n<div class=\"wp-block-column is-layout-flow wp-block-column-is-layout-flow\" style=\"flex-basis:50%\">\n<h2 class=\"wp-block-heading has-text-align-left has-theme-primary-color has-text-color has-26-font-size\" id=\"fortune-500-clients-across-four-continents\">Clientela mundial<\/h2>\n<\/div>\n<\/div>\n\n\n\n<div class=\"wp-block-columns mb-0 is-layout-flex wp-container-core-columns-is-layout-9d6595d7 wp-block-columns-is-layout-flex\">\n<div class=\"wp-block-column is-layout-flow wp-block-column-is-layout-flow\">\n<p>Los principales productores mundiales de cobre y zinc conf\u00edan en nuestras celdas electrol\u00edticas <strong><em>Supertank\u00ae<\/em><\/strong>. En particular, los diez mayores productores de cobre y seis de los diez mayores productores de zinc del mundo han integrado nuestras celdas en sus operaciones, benefici\u00e1ndose de una mayor productividad y un menor tiempo de inactividad.<\/p>\n<\/div>\n<\/div>\n<\/div><\/div>\n\n\n\n<div class=\"wp-block-group alignfull has-theme-light-background-color has-background\"><div class=\"wp-block-group__inner-container is-layout-flow wp-block-group-is-layout-flow\">\n<div class=\"wp-block-columns mb-0 is-layout-flex wp-container-core-columns-is-layout-9d6595d7 wp-block-columns-is-layout-flex\">\n<div class=\"wp-block-column is-layout-flow wp-block-column-is-layout-flow\" style=\"flex-basis:50%\">\n<h2 class=\"wp-block-heading has-theme-primary-color has-text-color has-26-font-size\" id=\"turnkey-solutions-that-improve-performance-profitability-and-safety\">Soluciones integradas<\/h2>\n<\/div>\n<\/div>\n\n\n\n<div class=\"wp-block-columns mb-0 is-layout-flex wp-container-core-columns-is-layout-9d6595d7 wp-block-columns-is-layout-flex\">\n<div class=\"wp-block-column is-layout-flow wp-block-column-is-layout-flow\" style=\"flex-basis:50%\">\n<p>M\u00e1s all\u00e1 de la fabricaci\u00f3n, EPCM ofrece soluciones integrales que incluyen:<\/p>\n\n\n\n<ul class=\"wp-block-list\">\n<li><strong>Consulta de ingenier\u00eda:<\/strong> Proceso de dise\u00f1o colaborativo para garantizar una integraci\u00f3n \u00f3ptima de la celda.<\/li>\n\n\n\n<li><strong>Asistencia<\/strong> <strong>para la instalaci\u00f3n<\/strong> <strong>:<\/strong> Asistencia experta durante la fase de instalaci\u00f3n para garantizar una configuraci\u00f3n adecuada.<\/li>\n\n\n\n<li><strong>Servicios de<\/strong> <strong>mantenimiento<\/strong> <strong>:<\/strong> Asistencia continua para mantener el rendimiento de la celda y prolongar su vida \u00fatil.<\/li>\n\n\n\n<li><strong>Rehabilitaci\u00f3n<\/strong> <strong>de dep\u00f3sitos<\/strong> <strong>:<\/strong> Experiencia en la sustituci\u00f3n y actualizaci\u00f3n de equipos para mejorar la eficacia operativa.<\/li>\n<\/ul>\n\n\n\n<p>Nuestro enfoque hol\u00edstico garantiza una integraci\u00f3n perfecta de nuestras celda en tus procesos existentes, maximizando el rendimiento de la inversi\u00f3n.<\/p>\n\n\n\n<p>M\u00e1s informaci\u00f3n sobre nuestras soluciones de celda electrol\u00edticas EPCM: <a href=\"https:\/\/www.epcm.com\/es\/contact-us\/\" target=\"_blank\" rel=\"noreferrer noopener\">contacta con nosotros<\/a><\/p>\n<\/div>\n<\/div>\n<\/div><\/div>\n\n\n\n<div class=\"wp-block-group alignfull is-style-default has-theme-white-color has-theme-primary-background-color has-text-color has-background\"><div class=\"wp-block-group__inner-container is-layout-flow wp-block-group-is-layout-flow\">\n<div class=\"wp-block-columns mb-0 is-style-w-50 is-layout-flex wp-container-core-columns-is-layout-9d6595d7 wp-block-columns-is-layout-flex\">\n<div class=\"wp-block-column is-layout-flow wp-block-column-is-layout-flow\">\n<hr class=\"wp-block-separator has-text-color has-theme-white-color has-css-opacity has-theme-white-background-color has-background is-style-wide mt-0\"\/>\n\n\n\n<blockquote class=\"wp-block-quote is-style-large is-layout-flow wp-block-quote-is-layout-flow\">\n<p>La implantaci\u00f3n de las Celdas Electrol\u00edticas <strong><em>Supertank\u00ae<\/em><\/strong> ha mejorado significativamente nuestra eficacia operativa y ha reducido los costes de mantenimiento.<\/p>\n<cite><br>Tankhouse Manager, Leading Copper Producer<\/cite><\/blockquote>\n<\/div>\n<\/div>\n<\/div><\/div>\n\n\n\n<div class=\"wp-block-group alignfull has-theme-white-background-color has-background\"><div class=\"wp-block-group__inner-container is-layout-flow wp-block-group-is-layout-flow\">\n<p class=\"has-text-align-center mb-0 has-26-font-size\">Para saber m\u00e1s sobre los productos de celdas electrol\u00edticas EPCM,<\/p>\n\n\n\n<div class=\"wp-block-buttons is-horizontal is-content-justification-center is-layout-flex wp-container-core-buttons-is-layout-499968f5 wp-block-buttons-is-layout-flex\">\n<div class=\"wp-block-button is-style-link\"><a class=\"wp-block-button__link has-theme-primary-color has-theme-primary-light-background-color has-text-color has-background wp-element-button\" href=\"https:\/\/www.epcm.com\/es\/contact-us\/\">CONT\u00c1CTANOS<\/a><\/div>\n<\/div>\n<\/div><\/div>\n","protected":false},"excerpt":{"rendered":"<p>Innovadoras celdas de hormig\u00f3n pol\u00edmero dise\u00f1adas En EPCM, a trav\u00e9s de nuestra empresa ANCOR TECMIN, estamos especializados en el dise\u00f1o&#8230;<\/p>\n","protected":false},"author":4,"featured_media":0,"parent":4035,"menu_order":0,"comment_status":"closed","ping_status":"closed","template":"","meta":{"_mo_disable_npp":"","footnotes":""},"class_list":["post-4069","page","type-page","status-publish","hentry"],"_links":{"self":[{"href":"https:\/\/www.epcm.com\/es\/wp-json\/wp\/v2\/pages\/4069","targetHints":{"allow":["GET"]}}],"collection":[{"href":"https:\/\/www.epcm.com\/es\/wp-json\/wp\/v2\/pages"}],"about":[{"href":"https:\/\/www.epcm.com\/es\/wp-json\/wp\/v2\/types\/page"}],"author":[{"embeddable":true,"href":"https:\/\/www.epcm.com\/es\/wp-json\/wp\/v2\/users\/4"}],"replies":[{"embeddable":true,"href":"https:\/\/www.epcm.com\/es\/wp-json\/wp\/v2\/comments?post=4069"}],"version-history":[{"count":10,"href":"https:\/\/www.epcm.com\/es\/wp-json\/wp\/v2\/pages\/4069\/revisions"}],"predecessor-version":[{"id":4779,"href":"https:\/\/www.epcm.com\/es\/wp-json\/wp\/v2\/pages\/4069\/revisions\/4779"}],"up":[{"embeddable":true,"href":"https:\/\/www.epcm.com\/es\/wp-json\/wp\/v2\/pages\/4035"}],"wp:attachment":[{"href":"https:\/\/www.epcm.com\/es\/wp-json\/wp\/v2\/media?parent=4069"}],"curies":[{"name":"wp","href":"https:\/\/api.w.org\/{rel}","templated":true}]}}