{"id":4035,"date":"2025-04-16T16:43:16","date_gmt":"2025-04-16T20:43:16","guid":{"rendered":"https:\/\/www.epcm.com\/?page_id=4035"},"modified":"2025-05-30T18:46:08","modified_gmt":"2025-05-30T22:46:08","slug":"servicios-2","status":"publish","type":"page","link":"https:\/\/www.epcm.com\/es\/servicios-2\/","title":{"rendered":"Productos"},"content":{"rendered":"\n<div class=\"wp-block-group alignfull has-theme-white-background-color has-background\"><div class=\"wp-block-group__inner-container is-layout-flow wp-block-group-is-layout-flow\">\n<div class=\"wp-block-columns mb-0 is-layout-flex wp-container-core-columns-is-layout-9d6595d7 wp-block-columns-is-layout-flex\">\n<div class=\"wp-block-column is-layout-flow wp-block-column-is-layout-flow\" style=\"flex-basis:66.66%\">\n<h1 class=\"wp-block-heading has-theme-primary-color has-text-color has-30-font-size\" id=\"original-comprehensive-solutions-worldwide\">Soluciones integradas para operaciones         eficientes, seguras y de alto rendimiento<\/h1>\n<\/div>\n<\/div>\n\n\n\n<div class=\"wp-block-columns are-vertically-aligned-top justify-content-between is-layout-flex wp-container-core-columns-is-layout-9d6595d7 wp-block-columns-is-layout-flex\">\n<div class=\"wp-block-column is-vertically-aligned-top is-layout-flow wp-block-column-is-layout-flow\" style=\"flex-basis:66.66%\">\n<p>En EPCM, apoyamos a las industrias globales de electro-obtenci\u00f3n y electro-refinaci\u00f3n con productos especializados dise\u00f1ados para brindar confiabilidad, durabilidad y excelencia operativa. Con m\u00e1s de 40 a\u00f1os de experiencia en miner\u00eda y procesamiento de minerales, nuestra l\u00ednea de productos incluye c\u00e1todos de alta calidad, celdas avanzadas y repuestos OEM dise\u00f1ados para cumplir con los est\u00e1ndares operativos m\u00e1s exigentes.<\/p>\n\n\n\n<p>Desde la fabricaci\u00f3n y rehabilitaci\u00f3n de c\u00e1todos hasta celdas electrol\u00edticas personalizadas y repuestos cr\u00edticos, nuestras soluciones est\u00e1n desarrolladas para optimizar el rendimiento, extender la vida \u00fatil del equipo y reducir los tiempos de inactividad. Cada producto que entregamos est\u00e1 respaldado por una red global e integrado con nuestros servicios de ingenier\u00eda, automatizaci\u00f3n y soporte, lo que proporciona a nuestros clientes una soluci\u00f3n integral desde el concepto hasta la operaci\u00f3n.<\/p>\n<\/div>\n\n\n\n<div class=\"wp-block-column is-vertically-aligned-top is-layout-flow wp-block-column-is-layout-flow\" style=\"flex-basis:20%\">\n<p>Consulte las novedades de The EPCM Group.<\/p>\n\n\n\n<div class=\"wp-block-buttons is-vertical is-content-justification-left is-layout-flex wp-container-core-buttons-is-layout-c0ca7d81 wp-block-buttons-is-layout-flex\">\n<div class=\"wp-block-button is-style-link\"><a class=\"wp-block-button__link has-theme-primary-color has-theme-primary-light-background-color has-text-color has-background wp-element-button\" href=\"https:\/\/www.epcm.com\/es\/noticias-y-eventos\">NOTICIAS Y EVENTOS<\/a><\/div>\n<\/div>\n<\/div>\n<\/div>\n\n\n\n<figure class=\"wp-block-gallery aligncenter has-nested-images columns-3 mt-5 wp-block-gallery-1 is-layout-flex wp-block-gallery-is-layout-flex\">\n<figure class=\"wp-block-image size-large\"><img loading=\"lazy\" decoding=\"async\" width=\"1024\" height=\"1024\" data-id=\"4053\" src=\"https:\/\/www.epcm.com\/wp-content\/uploads\/2025\/04\/MG_3853-1-scaled-e1748639748764-1024x1024.jpg\" alt=\"-\" class=\"wp-image-4053\" title=\"- -\" srcset=\"https:\/\/www.epcm.com\/wp-content\/uploads\/2025\/04\/MG_3853-1-scaled-e1748639748764-1024x1024.jpg 1024w, https:\/\/www.epcm.com\/wp-content\/uploads\/2025\/04\/MG_3853-1-scaled-e1748639748764-300x300.jpg 300w, https:\/\/www.epcm.com\/wp-content\/uploads\/2025\/04\/MG_3853-1-scaled-e1748639748764-150x150.jpg 150w, https:\/\/www.epcm.com\/wp-content\/uploads\/2025\/04\/MG_3853-1-scaled-e1748639748764-768x768.jpg 768w, https:\/\/www.epcm.com\/wp-content\/uploads\/2025\/04\/MG_3853-1-scaled-e1748639748764-400x400.jpg 400w, https:\/\/www.epcm.com\/wp-content\/uploads\/2025\/04\/MG_3853-1-scaled-e1748639748764-600x600.jpg 600w, https:\/\/www.epcm.com\/wp-content\/uploads\/2025\/04\/MG_3853-1-scaled-e1748639748764.jpg 1030w\" sizes=\"auto, (max-width: 1024px) 100vw, 1024px\" \/><figcaption class=\"wp-element-caption\"><a href=\"https:\/\/www.epcm.com\/es\/servicios-2\/servicios-de-ingenieria-2\/\" target=\"_blank\" data-type=\"URL\" data-id=\"https:\/\/www.epcm.com\/es\/servicios-2\/servicios-de-ingenieria-2\/\" rel=\"noreferrer noopener\"><mark style=\"background-color:rgba(0, 0, 0, 0)\" class=\"has-inline-color has-theme-black-color\">C\u00e1todos<\/mark><\/a><\/figcaption><\/figure>\n\n\n\n<figure class=\"wp-block-image size-full\"><img loading=\"lazy\" decoding=\"async\" width=\"782\" height=\"783\" data-id=\"4075\" src=\"https:\/\/www.epcm.com\/wp-content\/uploads\/2025\/04\/Screenshot-2024-10-01-at-4.21.25\u202fPM-e1744835430661-edited-3.png\" alt=\"-\" class=\"wp-image-4075\" title=\"- -\" srcset=\"https:\/\/www.epcm.com\/wp-content\/uploads\/2025\/04\/Screenshot-2024-10-01-at-4.21.25\u202fPM-e1744835430661-edited-3.png 782w, https:\/\/www.epcm.com\/wp-content\/uploads\/2025\/04\/Screenshot-2024-10-01-at-4.21.25\u202fPM-e1744835430661-edited-3-300x300.png 300w, https:\/\/www.epcm.com\/wp-content\/uploads\/2025\/04\/Screenshot-2024-10-01-at-4.21.25\u202fPM-e1744835430661-edited-3-150x150.png 150w, https:\/\/www.epcm.com\/wp-content\/uploads\/2025\/04\/Screenshot-2024-10-01-at-4.21.25\u202fPM-e1744835430661-edited-3-768x769.png 768w\" sizes=\"auto, (max-width: 782px) 100vw, 782px\" \/><figcaption class=\"wp-element-caption\"><a href=\"https:\/\/www.epcm.com\/es\/servicios-2\/servicios-de-ingenieria-3\/\" target=\"_blank\" data-type=\"URL\" data-id=\"https:\/\/www.epcm.com\/es\/servicios-2\/servicios-de-ingenieria-3\/\" rel=\"noreferrer noopener\"><mark style=\"background-color:rgba(0, 0, 0, 0)\" class=\"has-inline-color has-theme-black-color\">Celdas<\/mark><\/a><\/figcaption><\/figure>\n\n\n\n<figure class=\"wp-block-image size-large\"><img loading=\"lazy\" decoding=\"async\" width=\"1024\" height=\"1024\" data-id=\"4089\" src=\"https:\/\/www.epcm.com\/wp-content\/uploads\/2025\/04\/MG_2692-1-edited-1024x1024.jpg\" alt=\"-\" class=\"wp-image-4089\" title=\"- -\" srcset=\"https:\/\/www.epcm.com\/wp-content\/uploads\/2025\/04\/MG_2692-1-edited-1024x1024.jpg 1024w, https:\/\/www.epcm.com\/wp-content\/uploads\/2025\/04\/MG_2692-1-edited-300x300.jpg 300w, https:\/\/www.epcm.com\/wp-content\/uploads\/2025\/04\/MG_2692-1-edited-150x150.jpg 150w, https:\/\/www.epcm.com\/wp-content\/uploads\/2025\/04\/MG_2692-1-edited-768x768.jpg 768w, https:\/\/www.epcm.com\/wp-content\/uploads\/2025\/04\/MG_2692-1-edited-1536x1536.jpg 1536w, https:\/\/www.epcm.com\/wp-content\/uploads\/2025\/04\/MG_2692-1-edited.jpg 2001w\" sizes=\"auto, (max-width: 1024px) 100vw, 1024px\" \/><figcaption class=\"wp-element-caption\"><a href=\"https:\/\/www.epcm.com\/es\/servicios\/servicio-y-suministro\/suministro-de-piezas-de-repuesto-oem\/\" target=\"_blank\" data-type=\"URL\" data-id=\"https:\/\/www.epcm.com\/es\/servicios\/servicio-y-suministro\/suministro-de-piezas-de-repuesto-oem\/\" rel=\"noreferrer noopener\"><mark style=\"background-color:rgba(0, 0, 0, 0)\" class=\"has-inline-color has-theme-black-color\">Repuestos<\/mark><\/a><\/figcaption><\/figure>\n<\/figure>\n<\/div><\/div>\n\n\n\n<div class=\"wp-block-group alignfull is-style-default has-theme-white-color has-theme-primary-background-color has-text-color has-background\"><div class=\"wp-block-group__inner-container is-layout-flow wp-block-group-is-layout-flow\">\n<div class=\"wp-block-columns mb-0 is-style-w-50 is-layout-flex wp-container-core-columns-is-layout-9d6595d7 wp-block-columns-is-layout-flex\">\n<div class=\"wp-block-column is-layout-flow wp-block-column-is-layout-flow\">\n<hr class=\"wp-block-separator has-text-color has-theme-white-color has-css-opacity has-theme-white-background-color has-background is-style-wide mt-0\"\/>\n\n\n\n<blockquote class=\"wp-block-quote is-style-large is-layout-flow wp-block-quote-is-layout-flow\">\n<p><em>EPCM ha sido nuestro proveedor de confianza de c\u00e1todos, celdas y repuestos cr\u00edticos durante m\u00e1s de una d\u00e9cada. Sus productos siempre superan a otros en el mercado: confiables, precisos y construidos para durar.<\/em><\/p>\n<cite>Gerente de Operaciones de Tankhouse, Gran Productor de Metales \u2013 Am\u00e9rica del Norte<\/cite><\/blockquote>\n<\/div>\n<\/div>\n<\/div><\/div>\n","protected":false},"excerpt":{"rendered":"<p>Soluciones integradas para operaciones eficientes, seguras y de alto rendimiento En EPCM, apoyamos a las industrias globales de electro-obtenci\u00f3n y&#8230;<\/p>\n","protected":false},"author":4,"featured_media":0,"parent":0,"menu_order":0,"comment_status":"closed","ping_status":"closed","template":"","meta":{"_mo_disable_npp":"","footnotes":""},"class_list":["post-4035","page","type-page","status-publish","hentry"],"_links":{"self":[{"href":"https:\/\/www.epcm.com\/es\/wp-json\/wp\/v2\/pages\/4035","targetHints":{"allow":["GET"]}}],"collection":[{"href":"https:\/\/www.epcm.com\/es\/wp-json\/wp\/v2\/pages"}],"about":[{"href":"https:\/\/www.epcm.com\/es\/wp-json\/wp\/v2\/types\/page"}],"author":[{"embeddable":true,"href":"https:\/\/www.epcm.com\/es\/wp-json\/wp\/v2\/users\/4"}],"replies":[{"embeddable":true,"href":"https:\/\/www.epcm.com\/es\/wp-json\/wp\/v2\/comments?post=4035"}],"version-history":[{"count":4,"href":"https:\/\/www.epcm.com\/es\/wp-json\/wp\/v2\/pages\/4035\/revisions"}],"predecessor-version":[{"id":4203,"href":"https:\/\/www.epcm.com\/es\/wp-json\/wp\/v2\/pages\/4035\/revisions\/4203"}],"wp:attachment":[{"href":"https:\/\/www.epcm.com\/es\/wp-json\/wp\/v2\/media?parent=4035"}],"curies":[{"name":"wp","href":"https:\/\/api.w.org\/{rel}","templated":true}]}}