{"id":3198,"date":"2021-11-17T11:57:41","date_gmt":"2021-11-17T16:57:41","guid":{"rendered":"https:\/\/www.epcm.com\/industrias\/productos-quimicos-especiales\/service-supply\/"},"modified":"2024-06-17T10:01:06","modified_gmt":"2024-06-17T14:01:06","slug":"servicio-y-suministro","status":"publish","type":"page","link":"https:\/\/www.epcm.com\/es\/industrias\/productos-quimicos-especiales\/servicio-y-suministro\/","title":{"rendered":"Servicio y Suministro"},"content":{"rendered":"\n<div class=\"wp-block-group alignfull has-theme-white-background-color has-background\"><div class=\"wp-block-group__inner-container is-layout-flow wp-block-group-is-layout-flow\">\n<div class=\"wp-block-columns justify-content-between is-layout-flex wp-container-core-columns-is-layout-9d6595d7 wp-block-columns-is-layout-flex\">\n<div class=\"wp-block-column is-vertically-aligned-bottom is-layout-flow wp-block-column-is-layout-flow\" style=\"flex-basis:50%\">\n<h1 class=\"wp-block-heading has-theme-primary-color has-text-color has-30-font-size\" id=\"proven-solutions-to-help-you-realize-bigger-gains\">Proven solutions to help you realize bigger gains<\/h1>\n\n\n\n<p>EPCM offers a full range of services across industries including Mining &amp; Mineral Processing, Oil &amp; Gas, Agricultural Chemicals, and <a href=\"https:\/\/www.epcm.com\/industries\/specialty-chemicals\/\" data-type=\"page\" data-id=\"289\">Specialty Chemicals<\/a>. From engineering consulting to automation, equipment service to spare parts, we deliver life-cycle automation solutions that improve operational performance and lower costs. <\/p>\n<\/div>\n\n\n\n<div class=\"wp-block-column is-vertically-aligned-top is-layout-flow wp-block-column-is-layout-flow\" style=\"flex-basis:18%\">\n<div class=\"wp-block-buttons is-vertical is-content-justification-left is-layout-flex wp-container-core-buttons-is-layout-c0ca7d81 wp-block-buttons-is-layout-flex\">\n<div class=\"wp-block-button is-style-link\"><a class=\"wp-block-button__link has-theme-primary-color has-theme-primary-light-background-color has-text-color has-background wp-element-button\" href=\"\/category\/projects\/\">Projects<\/a><\/div>\n\n\n\n<div class=\"wp-block-button is-style-link\"><a class=\"wp-block-button__link has-theme-primary-color has-theme-primary-light-background-color has-text-color has-background wp-element-button\" href=\"\/services-solutions\/resources\/\">Resources<\/a><\/div>\n\n\n\n<div class=\"wp-block-button is-style-link\"><a class=\"wp-block-button__link has-theme-primary-color has-theme-primary-light-background-color has-text-color has-background wp-element-button\" href=\"https:\/\/www.epcm.com\/es\/contactenos\/\">Cont\u00e1ctenos<\/a><\/div>\n<\/div>\n<\/div>\n<\/div>\n<\/div><\/div>\n\n<div class=\"wp-block-group alignfull is-style-image-overflow-left mb-0 has-theme-light-background-color has-background\"><div class=\"wp-block-group__inner-container is-layout-flow wp-block-group-is-layout-flow\">\n<div class=\"wp-block-columns mb-0 is-layout-flex wp-container-core-columns-is-layout-9d6595d7 wp-block-columns-is-layout-flex\">\n<div class=\"wp-block-column is-layout-flow wp-block-column-is-layout-flow\">\n<figure class=\"wp-block-image size-large\"><img loading=\"lazy\" decoding=\"async\" width=\"1024\" height=\"683\" src=\"https:\/\/www.epcm.com\/wp-content\/uploads\/2024\/04\/EPCM-4-1024x683.jpg\" alt=\"-\" class=\"wp-image-3441\" title=\"- -\" srcset=\"https:\/\/www.epcm.com\/wp-content\/uploads\/2024\/04\/EPCM-4-1024x683.jpg 1024w, https:\/\/www.epcm.com\/wp-content\/uploads\/2024\/04\/EPCM-4-300x200.jpg 300w, https:\/\/www.epcm.com\/wp-content\/uploads\/2024\/04\/EPCM-4-768x512.jpg 768w, https:\/\/www.epcm.com\/wp-content\/uploads\/2024\/04\/EPCM-4-1536x1024.jpg 1536w, https:\/\/www.epcm.com\/wp-content\/uploads\/2024\/04\/EPCM-4-2048x1365.jpg 2048w\" sizes=\"auto, (max-width: 1024px) 100vw, 1024px\" \/><\/figure>\n<\/div>\n\n\n\n<div class=\"wp-block-column is-layout-flow wp-block-column-is-layout-flow\">\n<h2 class=\"wp-block-heading has-text-align-left has-theme-primary-color has-text-color has-26-font-size\" id=\"outsource-the-dull-dirty-and-dangerous\">Outsource the dull, dirty and dangerous<\/h2>\n\n\n\n<p>Increase throughput and decrease costs by letting EPCM take over the dull, dirty and dangerous tasks in the manufacturing process. Our services include:\u00a0<\/p>\n\n\n\n<ul class=\"wp-block-list\">\n<li><strong>On-site operation of client-installed equipment<\/strong> \u2013\u00a0we operate, maintain, or repair your equipment.\u00a0\u00a0<\/li>\n\n\n\n<li><strong>On-site operation of EPCM equipment<\/strong> \u2013\u00a0we provide the equipment and operate, maintain and repair it as part of a monthly contract.<\/li>\n\n\n\n<li><strong>Off-site production outsourcing <\/strong>\u2013 we establish facilities close to our client\u2019s operation to perform your work in process tasks.\u00a0\u00a0<\/li>\n<\/ul>\n\n\n\n<p><a href=\"https:\/\/www.epcm.com\/es\/contactenos\/\" data-type=\"page\" data-id=\"16\">Cont\u00e1ctenos<\/a> para obtener m\u00e1s informaci\u00f3n sobre las soluciones de subcontrataci\u00f3n.<\/p>\n<\/div>\n<\/div>\n<\/div><\/div>\n\n<div class=\"wp-block-group alignfull pb-0, nbp has-theme-white-background-color has-background\"><div class=\"wp-block-group__inner-container is-layout-flow wp-block-group-is-layout-flow\">\n<div class=\"wp-block-columns mb-0 is-layout-flex wp-container-core-columns-is-layout-9d6595d7 wp-block-columns-is-layout-flex\">\n<div class=\"wp-block-column nbp is-layout-flow wp-block-column-is-layout-flow\" style=\"flex-basis:66.66%\">\n<h2 class=\"wp-block-heading has-theme-primary-color has-text-color has-26-font-size\" id=\"our-service-supply-solutions-include\">Our Service &amp; Supply solutions include:<\/h2>\n\n\n\n<p><strong><a href=\"https:\/\/www.epcm.com\/services\/service-supply\/oem-spare-parts-supply\/\">Spare parts &amp; components<\/a><\/strong><br\/>We\u2019ll help you overcome challenges with obsolete parts, part failures, and unreliable suppliers. With our global experience designing, building, and maintaining equipment, we can manufacture or source the right part at the right price \u2013 right when you need it.<\/p>\n\n\n\n<p><strong>Equipment service \u2013 virtual &amp; on-site<\/strong><br\/>Boost your operational performance by putting our long-standing expertise to use. Whether your equipment is from EPCM or anywhere else, we can help. We offer\u00a0<a href=\"https:\/\/www.epcm.com\/news-events\/high-tech-smart-glasses-help-epcm-and-global-clients-collaborate-during-pandemic\/\">virtual<\/a>\u00a0and on-site emergency support, predictive and preventative maintenance, and refurbishment and upgrades.\u00a0<\/p>\n\n\n\n<p><strong>Modernization projects<\/strong><br\/>For decades, we\u2019ve helped international industrial clients with large-scale\u00a0<a href=\"https:\/\/www.epcm.com\/projects\/industry-4-0-increasing-throughput-in-manufacturing-using-integrated-technology\/\">modernization projects<\/a>\u00a0\u2013 from brownfield and greenfield projects to copper\u00a0<a href=\"https:\/\/www.epcm.com\/industries\/mining-mineral-processing\/material-handling-automation\/tankhouse-automation\/\">tankhouse operations.<\/a>\u00a0Our highly skilled professionals are experts at developing bold but practical solutions that increase productivity and reliability while reducing maintenance costs.<\/p>\n\n\n\n<p><strong>Process optimization<\/strong><br\/>Our process engineering and automation solutions have helped leading industrial companies globally for 40+ years. We can help you improve safety and production cycle times, increase throughput and reliability, and drive measurable improvements in real-time with 24\/7 data collection, monitoring, and analysis.<\/p>\n\n\n\n<p>Learn more about our <a href=\"https:\/\/www.epcm.com\/industries\/specialty-chemicals\/engineering\/\">Engineering services<\/a> or <a href=\"https:\/\/www.epcm.com\/industries\/specialty-chemicals\/material-handling-automation\/\">Automation solutions<\/a>. <\/p>\n<\/div>\n<\/div>\n<\/div><\/div>\n\n<div class=\"wp-block-group alignfull has-theme-light-background-color has-background\"><div class=\"wp-block-group__inner-container is-layout-flow wp-block-group-is-layout-flow\">\n<h2 class=\"wp-block-heading has-theme-primary-color has-text-color has-26-font-size\" id=\"solutions-customized-to-your-needs\">Solutions customized to your needs<\/h2>\n\n\n\n<div class=\"wp-block-columns mb-0 is-layout-flex wp-container-core-columns-is-layout-9d6595d7 wp-block-columns-is-layout-flex\">\n<div class=\"wp-block-column is-layout-flow wp-block-column-is-layout-flow\" style=\"flex-basis:50%\">\n<p>We can help ensure your production and equipment function consistently, efficiently and seamlessly throughout the entire life-cycle \u2013 from commissioning to overhauls, modernizations and decommissioning. We\u2019re happy to customize a package based on your needs. <\/p>\n\n\n\n<p>Obtenga m\u00e1s informaci\u00f3n sobre nuestras soluciones de suministro y servicio EPCM:<a href=\"https:\/\/www.epcm.com\/es\/contactenos\/\" target=\"_blank\" rel=\"noreferrer noopener\">Cont\u00e1ctenos<\/a><\/p>\n<\/div>\n<\/div>\n<\/div><\/div>\n\n<div class=\"wp-block-group alignfull is-style-default has-theme-white-color has-theme-primary-background-color has-text-color has-background\"><div class=\"wp-block-group__inner-container is-layout-flow wp-block-group-is-layout-flow\">\n<div class=\"wp-block-columns mb-0 is-style-w-50 is-layout-flex wp-container-core-columns-is-layout-9d6595d7 wp-block-columns-is-layout-flex\">\n<div class=\"wp-block-column is-layout-flow wp-block-column-is-layout-flow\">\n<hr class=\"wp-block-separator has-text-color has-theme-white-color has-css-opacity has-theme-white-background-color has-background is-style-wide mt-0\"\/>\n\n\n\n<blockquote class=\"wp-block-quote is-style-large is-layout-flow wp-block-quote-is-layout-flow\">\n<p><em>By replacing our 20-year-old sheets with new sheets, we have seen dramatic improvements in plating quality and stripability. EPCM has met all its commitments for us.<\/em><\/p>\n<cite>North American Refinery Tank House Manager<\/cite><\/blockquote>\n<\/div>\n<\/div>\n<\/div><\/div>\n","protected":false},"excerpt":{"rendered":"<p>Proven solutions to help you realize bigger gains EPCM offers a full range of services across industries including Mining &amp;&#8230;<\/p>\n","protected":false},"author":4,"featured_media":0,"parent":2941,"menu_order":0,"comment_status":"closed","ping_status":"closed","template":"","meta":{"_mo_disable_npp":"","footnotes":""},"class_list":["post-3198","page","type-page","status-publish","hentry"],"_links":{"self":[{"href":"https:\/\/www.epcm.com\/es\/wp-json\/wp\/v2\/pages\/3198","targetHints":{"allow":["GET"]}}],"collection":[{"href":"https:\/\/www.epcm.com\/es\/wp-json\/wp\/v2\/pages"}],"about":[{"href":"https:\/\/www.epcm.com\/es\/wp-json\/wp\/v2\/types\/page"}],"author":[{"embeddable":true,"href":"https:\/\/www.epcm.com\/es\/wp-json\/wp\/v2\/users\/4"}],"replies":[{"embeddable":true,"href":"https:\/\/www.epcm.com\/es\/wp-json\/wp\/v2\/comments?post=3198"}],"version-history":[{"count":7,"href":"https:\/\/www.epcm.com\/es\/wp-json\/wp\/v2\/pages\/3198\/revisions"}],"predecessor-version":[{"id":3571,"href":"https:\/\/www.epcm.com\/es\/wp-json\/wp\/v2\/pages\/3198\/revisions\/3571"}],"up":[{"embeddable":true,"href":"https:\/\/www.epcm.com\/es\/wp-json\/wp\/v2\/pages\/2941"}],"wp:attachment":[{"href":"https:\/\/www.epcm.com\/es\/wp-json\/wp\/v2\/media?parent=3198"}],"curies":[{"name":"wp","href":"https:\/\/api.w.org\/{rel}","templated":true}]}}