{"id":3186,"date":"2021-11-17T11:56:51","date_gmt":"2021-11-17T16:56:51","guid":{"rendered":"https:\/\/www.epcm.com\/industrias\/productos-quimicos-especiales\/engineering\/"},"modified":"2024-04-03T14:52:49","modified_gmt":"2024-04-03T18:52:49","slug":"servicios-de-ingenieria","status":"publish","type":"page","link":"https:\/\/www.epcm.com\/es\/industrias\/productos-quimicos-especiales\/servicios-de-ingenieria\/","title":{"rendered":"Servicios de ingenieria"},"content":{"rendered":"\n<div class=\"wp-block-group alignfull has-theme-white-background-color has-background\"><div class=\"wp-block-group__inner-container is-layout-flow wp-block-group-is-layout-flow\">\n<div class=\"wp-block-columns justify-content-between is-layout-flex wp-container-core-columns-is-layout-9d6595d7 wp-block-columns-is-layout-flex\">\n<div class=\"wp-block-column is-vertically-aligned-bottom is-layout-flow wp-block-column-is-layout-flow\" style=\"flex-basis:50%\">\n<h1 class=\"wp-block-heading is-style-default has-theme-primary-color has-text-color has-30-font-size\" id=\"40-years-of-global-engineering-consulting-experience\">M\u00e1s de 20 a\u00f1os de experiencia en consultor\u00eda global<\/h1>\n\n\n\n<p class=\"mb-0\">Originalmente fundada como una empresa de servicios, COBRA ha ampliado su oferta de servicios y ha llevado al Grupo EPCM a m\u00e1s de 40 a\u00f1os como una empresa de consultor\u00eda de ingenier\u00eda, la consultor\u00eda contin\u00faa en Am\u00e9rica del Sur. Durante m\u00e1s de 20 a\u00f1os, hemos ayudado a los l\u00edderes de la industria en miner\u00eda y procesamiento de minerales, petr\u00f3leo y gas, productos qu\u00edmicos agr\u00edcolas, miner\u00eda y procesamiento de minerales y&nbsp;<a href=\"https:\/\/www.epcm.com\/es\/industrias\/productos-quimicos-especiales\/\">productos qu\u00edmicos especializados&nbsp;<\/a>a resolver sus desaf\u00edos de procesos m\u00e1s dif\u00edciles.<\/p>\n<\/div>\n\n\n\n<div class=\"wp-block-column is-vertically-aligned-top is-layout-flow wp-block-column-is-layout-flow\" style=\"flex-basis:18%\">\n<div class=\"wp-block-buttons is-vertical is-content-justification-left is-layout-flex wp-container-core-buttons-is-layout-c0ca7d81 wp-block-buttons-is-layout-flex\">\n<div class=\"wp-block-button is-style-link\"><a class=\"wp-block-button__link has-theme-primary-color has-theme-primary-light-background-color has-text-color has-background wp-element-button\" href=\"https:\/\/www.epcm.com\/es\/proyectos\/\">PROYECTOS<\/a><\/div>\n\n\n\n<div class=\"wp-block-button is-style-link\"><a class=\"wp-block-button__link has-theme-primary-color has-theme-primary-light-background-color has-text-color has-background wp-element-button\" href=\"https:\/\/www.epcm.com\/es\/centro-de-recursos\/\">RECURSOS<\/a><\/div>\n\n\n\n<div class=\"wp-block-button is-style-link\"><a class=\"wp-block-button__link has-theme-primary-color has-theme-primary-light-background-color has-text-color has-background wp-element-button\" href=\"https:\/\/www.epcm.com\/es\/contactenos\/\">Cont\u00e1ctenos<\/a><\/div>\n<\/div>\n<\/div>\n<\/div>\n<\/div><\/div>\n\n\n\n<div class=\"wp-block-group alignfull is-style-image-overflow-left mb-0 has-theme-light-background-color has-background\"><div class=\"wp-block-group__inner-container is-layout-flow wp-block-group-is-layout-flow\">\n<div class=\"wp-block-columns is-layout-flex wp-container-core-columns-is-layout-9d6595d7 wp-block-columns-is-layout-flex\">\n<div class=\"wp-block-column is-layout-flow wp-block-column-is-layout-flow\">\n<figure class=\"wp-block-image size-large\"><img loading=\"lazy\" decoding=\"async\" width=\"1024\" height=\"576\" src=\"http:\/\/www.epcm.com\/wp-content\/uploads\/2021\/05\/engineering-wider-1024x576.jpg\" alt=\"40+ years experience as a Global Engineering Consultant\" class=\"wp-image-1136\" title=\"- -\" srcset=\"https:\/\/www.epcm.com\/wp-content\/uploads\/2021\/05\/engineering-wider-1024x576.jpg 1024w, https:\/\/www.epcm.com\/wp-content\/uploads\/2021\/05\/engineering-wider-300x169.jpg 300w, https:\/\/www.epcm.com\/wp-content\/uploads\/2021\/05\/engineering-wider-768x432.jpg 768w, https:\/\/www.epcm.com\/wp-content\/uploads\/2021\/05\/engineering-wider-1536x864.jpg 1536w, https:\/\/www.epcm.com\/wp-content\/uploads\/2021\/05\/engineering-wider-2048x1152.jpg 2048w\" sizes=\"auto, (max-width: 1024px) 100vw, 1024px\" \/><\/figure>\n<\/div>\n\n\n\n<div class=\"wp-block-column is-layout-flow wp-block-column-is-layout-flow\">\n<h2 class=\"wp-block-heading has-theme-primary-color has-text-color has-26-font-size\" id=\"our-expertise\">Nuestra experiencia<\/h2>\n\n\n\n<p>El equipo de Ingenier\u00eda de Tecnolog\u00edas COBRA es un grupo multidisciplinar con una amplia gama de consultores especialistas. Con experiencia interna espec\u00edfica en la industria, nuestro equipo desarrolla dise\u00f1os innovadores y&nbsp;<a href=\"https:\/\/www.epcm.com\/es\/proyectos\/\">soluciones de proyectos<\/a>&nbsp;que abordan los desaf\u00edos \u00fanicos que enfrenta cada cliente.<\/p>\n\n\n\n<p>Nuestros servicios de ingenier\u00eda van desde el desarrollo de conceptos hasta la ingenier\u00eda b\u00e1sica, FEED, ingenier\u00eda de detalle, gesti\u00f3n de la construcci\u00f3n y consultor\u00eda de operaciones y procesos industriales. Esto incluye:<\/p>\n\n\n\n<ul class=\"wp-block-list\">\n<li>Ingenieria mecanica<\/li>\n\n\n\n<li>Ingenier\u00eda el\u00e9ctrica<\/li>\n\n\n\n<li>Controles e instrumentacion<\/li>\n\n\n\n<li>Ingenieria civil y estructural<\/li>\n\n\n\n<li>Ingenieria de Procesos<\/li>\n<\/ul>\n<\/div>\n<\/div>\n<\/div><\/div>\n\n\n\n<div class=\"wp-block-group alignfull has-theme-default-color has-theme-white-background-color has-text-color has-background\"><div class=\"wp-block-group__inner-container is-layout-flow wp-block-group-is-layout-flow\">\n<div class=\"wp-block-columns mb-0 is-layout-flex wp-container-core-columns-is-layout-9d6595d7 wp-block-columns-is-layout-flex\">\n<div class=\"wp-block-column is-layout-flow wp-block-column-is-layout-flow\" style=\"flex-basis:50%\">\n<h2 class=\"wp-block-heading has-text-align-left has-theme-primary-color has-text-color has-26-font-size\" id=\"fortune-500-clients-across-four-continents\"><strong>Clientes de Fortune 500 en cuatro continents<\/strong><\/h2>\n<\/div>\n<\/div>\n\n\n\n<div class=\"wp-block-columns mb-0 is-layout-flex wp-container-core-columns-is-layout-9d6595d7 wp-block-columns-is-layout-flex\">\n<div class=\"wp-block-column is-layout-flow wp-block-column-is-layout-flow\">\n<p>Desde el concepto hasta la finalizaci\u00f3n, estamos orgullosos de nuestra reputaci\u00f3n de entrega a tiempo y dentro del presupuesto. Proyecto tras proyecto, los clientes vuelven a nosotros en busca de ideas audaces, dise\u00f1o escalable, ejecuci\u00f3n confiable y resultados medibles.<\/p>\n\n\n\n<p>Los clientes valoran nuestro enfoque colaborativo, nuestra habilidad para hacer preguntas dif\u00edciles pero impactantes y nuestro entusiasmo por resolver desaf\u00edos complejos. Ya sea que trabaje de forma remota o en el sitio, nuestro enfoque est\u00e1 en el \u00e9xito del cliente.<\/p>\n\n\n\n<p>Los miembros de nuestro equipo son expertos en el desarrollo de soluciones de proyectos creativos y rentables para:<\/p>\n<\/div>\n\n\n\n<div class=\"wp-block-column is-layout-flow wp-block-column-is-layout-flow\">\n<ul class=\"wp-block-list\">\n<li>Capital de sostenimiento<\/li>\n\n\n\n<li>Capital de crecimiento<\/li>\n\n\n\n<li>Control de procesos<\/li>\n\n\n\n<li>M\u00f3dulos y paquetes<\/li>\n<\/ul>\n<\/div>\n<\/div>\n<\/div><\/div>\n\n\n\n<div class=\"wp-block-group alignfull has-theme-light-background-color has-background\"><div class=\"wp-block-group__inner-container is-layout-flow wp-block-group-is-layout-flow\">\n<div class=\"wp-block-columns mb-0 is-layout-flex wp-container-core-columns-is-layout-9d6595d7 wp-block-columns-is-layout-flex\">\n<div class=\"wp-block-column is-layout-flow wp-block-column-is-layout-flow\" style=\"flex-basis:50%\">\n<h2 class=\"wp-block-heading has-theme-primary-color has-text-color has-26-font-size\" id=\"turnkey-solutions-that-improve-performance-profitability-and-safety\"><strong>Soluciones llave en mano que mejoran el rendimiento, la rentabilidad y la seguridad<\/strong><\/h2>\n<\/div>\n<\/div>\n\n\n\n<div class=\"wp-block-columns mb-0 is-layout-flex wp-container-core-columns-is-layout-9d6595d7 wp-block-columns-is-layout-flex\">\n<div class=\"wp-block-column is-layout-flow wp-block-column-is-layout-flow\" style=\"flex-basis:50%\">\n<p>Trabajando mano a mano con nuestros equipos de Automatizaci\u00f3n y Servicio y Suministro, nuestras soluciones llave en mano brindan soluciones de ciclo de vida integradas para nuestros clientes en todo el mundo. Ofrecemos soluciones de dise\u00f1o, fabricaci\u00f3n, construcci\u00f3n, puesta en marcha, reparaci\u00f3n y mantenimiento, y repuestos.<\/p>\n\n\n\n<p>M\u00e1s informaci\u00f3n sobre los servicios de Ingenier\u00eda COBRA <a href=\"https:\/\/www.epcm.com\/es\/contactenos\/\">Cont\u00e1ctenos<\/a><\/p>\n<\/div>\n<\/div>\n<\/div><\/div>\n\n\n\n<div class=\"wp-block-group alignfull is-style-default has-theme-white-color has-theme-primary-background-color has-text-color has-background\"><div class=\"wp-block-group__inner-container is-layout-flow wp-block-group-is-layout-flow\">\n<div class=\"wp-block-columns mb-0 is-style-w-50 is-layout-flex wp-container-core-columns-is-layout-9d6595d7 wp-block-columns-is-layout-flex\">\n<div class=\"wp-block-column is-layout-flow wp-block-column-is-layout-flow\">\n<hr class=\"wp-block-separator has-text-color has-theme-white-color has-css-opacity has-theme-white-background-color has-background is-style-wide mt-0\"\/>\n\n\n\n<blockquote class=\"wp-block-quote is-style-large is-layout-flow wp-block-quote-is-layout-flow\">\n<p><em><em><em>Pudieron personalizar su paquete para brindarnos la verdadera ingenier\u00eda de valor que necesit\u00e1bamos. Esto se desvi\u00f3 de las firmas de ingenier\u00eda m\u00e1s t\u00edpicas que nos pidieron que marquemos un mont\u00f3n de casillas. EPCM nos escuch\u00f3 mejor<\/em>.<\/em><\/em><\/p>\n<cite>Fabricante Norte Americano de Pinturas Especiales, Gerente T\u00e9cnico<\/cite><\/blockquote>\n<\/div>\n<\/div>\n<\/div><\/div>\n","protected":false},"excerpt":{"rendered":"<p>M\u00e1s de 20 a\u00f1os de experiencia en consultor\u00eda global Originalmente fundada como una empresa de servicios, COBRA ha ampliado su&#8230;<\/p>\n","protected":false},"author":4,"featured_media":0,"parent":2941,"menu_order":0,"comment_status":"closed","ping_status":"closed","template":"","meta":{"_mo_disable_npp":"","footnotes":""},"class_list":["post-3186","page","type-page","status-publish","hentry"],"_links":{"self":[{"href":"https:\/\/www.epcm.com\/es\/wp-json\/wp\/v2\/pages\/3186","targetHints":{"allow":["GET"]}}],"collection":[{"href":"https:\/\/www.epcm.com\/es\/wp-json\/wp\/v2\/pages"}],"about":[{"href":"https:\/\/www.epcm.com\/es\/wp-json\/wp\/v2\/types\/page"}],"author":[{"embeddable":true,"href":"https:\/\/www.epcm.com\/es\/wp-json\/wp\/v2\/users\/4"}],"replies":[{"embeddable":true,"href":"https:\/\/www.epcm.com\/es\/wp-json\/wp\/v2\/comments?post=3186"}],"version-history":[{"count":4,"href":"https:\/\/www.epcm.com\/es\/wp-json\/wp\/v2\/pages\/3186\/revisions"}],"predecessor-version":[{"id":3415,"href":"https:\/\/www.epcm.com\/es\/wp-json\/wp\/v2\/pages\/3186\/revisions\/3415"}],"up":[{"embeddable":true,"href":"https:\/\/www.epcm.com\/es\/wp-json\/wp\/v2\/pages\/2941"}],"wp:attachment":[{"href":"https:\/\/www.epcm.com\/es\/wp-json\/wp\/v2\/media?parent=3186"}],"curies":[{"name":"wp","href":"https:\/\/api.w.org\/{rel}","templated":true}]}}