{"id":3174,"date":"2021-11-17T11:54:46","date_gmt":"2021-11-17T16:54:46","guid":{"rendered":"https:\/\/www.epcm.com\/industrias\/petroleo-y-gas\/material-handling-automation\/"},"modified":"2024-03-22T02:53:33","modified_gmt":"2024-03-22T06:53:33","slug":"automatizacion-del-manejo-de-materiales","status":"publish","type":"page","link":"https:\/\/www.epcm.com\/es\/industrias\/petroleo-y-gas\/automatizacion-del-manejo-de-materiales\/","title":{"rendered":"Automatizaci\u00f3n del manejo de materiales"},"content":{"rendered":"\n<div class=\"wp-block-group alignfull has-theme-white-background-color has-background\"><div class=\"wp-block-group__inner-container is-layout-flow wp-block-group-is-layout-flow\">\n<div class=\"wp-block-columns justify-content-between is-layout-flex wp-container-core-columns-is-layout-9d6595d7 wp-block-columns-is-layout-flex\">\n<div class=\"wp-block-column is-vertically-aligned-bottom is-layout-flow wp-block-column-is-layout-flow\" style=\"flex-basis:50%\">\n<h2 class=\"wp-block-heading has-theme-primary-color has-text-color has-26-font-size\" id=\"complex-and-custom-material-handling-automation-solutions-that-drive-client-success\"><strong>Soluciones de automatizaci\u00f3n complejas y personalizadas que impulsan el \u00e9xito del cliente<\/strong><\/h2>\n\n\n\n<p class=\"mb-0\">En Tecnolog\u00edas COBRA y The ECPM Group, tenemos m\u00e1s de 40 a\u00f1os de experiencia en la entrega de equipos de manejo de materiales \u00fanicos e innovadores a clientes de fabricaci\u00f3n pesada en todo el mundo.<\/p>\n<\/div>\n\n\n\n<div class=\"wp-block-column is-vertically-aligned-top is-layout-flow wp-block-column-is-layout-flow\" style=\"flex-basis:18%\">\n<div class=\"wp-block-buttons is-vertical is-content-justification-left is-layout-flex wp-container-core-buttons-is-layout-c0ca7d81 wp-block-buttons-is-layout-flex\">\n<div class=\"wp-block-button is-style-link\"><a class=\"wp-block-button__link has-theme-primary-color has-theme-primary-light-background-color has-text-color has-background wp-element-button\" href=\"https:\/\/www.epcm.com\/es\/proyectos\/\">PROYECTOS<\/a><\/div>\n\n\n\n<div class=\"wp-block-button is-style-link\"><a class=\"wp-block-button__link has-theme-primary-color has-theme-primary-light-background-color has-text-color has-background wp-element-button\" href=\"\/services-solutions\/resources\/\">RECURSOS<\/a><\/div>\n\n\n\n<div class=\"wp-block-button is-style-link\"><a class=\"wp-block-button__link has-theme-primary-color has-theme-primary-light-background-color has-text-color has-background wp-element-button\" href=\"https:\/\/www.epcm.com\/es\/contactenos\/\">contactenos<\/a><\/div>\n<\/div>\n<\/div>\n<\/div>\n<\/div><\/div>\n\n\n\n<div class=\"wp-block-group alignfull is-style-image-overflow-left mb-0 has-theme-light-background-color has-background\"><div class=\"wp-block-group__inner-container is-layout-flow wp-block-group-is-layout-flow\">\n<div class=\"wp-block-columns is-layout-flex wp-container-core-columns-is-layout-9d6595d7 wp-block-columns-is-layout-flex\">\n<div class=\"wp-block-column is-layout-flow wp-block-column-is-layout-flow\">\n<figure class=\"wp-block-image size-large\"><img loading=\"lazy\" decoding=\"async\" width=\"1000\" height=\"666\" src=\"http:\/\/www.epcm.com\/wp-content\/uploads\/2021\/05\/automation-wider.jpg\" alt=\"-\" class=\"wp-image-1143\" title=\"- -\" srcset=\"https:\/\/www.epcm.com\/wp-content\/uploads\/2021\/05\/automation-wider.jpg 1000w, https:\/\/www.epcm.com\/wp-content\/uploads\/2021\/05\/automation-wider-300x200.jpg 300w, https:\/\/www.epcm.com\/wp-content\/uploads\/2021\/05\/automation-wider-768x511.jpg 768w\" sizes=\"auto, (max-width: 1000px) 100vw, 1000px\" \/><\/figure>\n<\/div>\n\n\n\n<div class=\"wp-block-column is-layout-flow wp-block-column-is-layout-flow\">\n<h2 class=\"wp-block-heading has-theme-primary-color has-text-color has-26-font-size\" id=\"a-proven-leader-in-natural-resource-automation\"><strong>Un l\u00edder comprobado en la automatizaci\u00f3n de recursos naturales<\/strong><\/h2>\n\n\n\n<p>Siempre innovadora, EPCM fue la primera empresa de automatizaci\u00f3n en introducir el manejo rob\u00f3tico de materiales en la industria de los recursos naturales. Basadas en el \u00e9xito inicial de nuestras\u00a0<a href=\"https:\/\/www.epcm.com\/es\/industrias\/mineria-y-procesamiento-de-minerales-mmp\/automatizacion-del-manejo-de-materiales-mmp\/automatizacion-de-tanques\/\">M\u00e1quinas de extracci\u00f3n de c\u00e1todos<\/a>\u00a0(CSM), M\u00e1quinas de preparaci\u00f3n de \u00e1nodos (APM), Lavado de chatarra de \u00e1nodos (ASW) y automatizaci\u00f3n de l\u00e1minas iniciales, las soluciones de EPCM se utilizan en todos los aspectos de las operaciones globales de electro obtenci\u00f3n y electro refinaci\u00f3n en la actualidad.\u00a0<\/p>\n<\/div>\n<\/div>\n<\/div><\/div>\n\n\n\n<div class=\"wp-block-group alignfull has-theme-white-color has-theme-primary-background-color has-text-color has-background\"><div class=\"wp-block-group__inner-container is-layout-flow wp-block-group-is-layout-flow\">\n<div class=\"wp-block-columns mb-0 is-style-default justify-content-center is-layout-flex wp-container-core-columns-is-layout-9d6595d7 wp-block-columns-is-layout-flex\">\n<div class=\"wp-block-column is-layout-flow wp-block-column-is-layout-flow\" style=\"flex-basis:66%\">\n<h2 class=\"wp-block-heading has-text-align-center has-26-font-size\" id=\"let-epcm-automate-your-dull-dirty-and-dangerous-tasks-and-watch-your-profitability-grow\"><strong>Deje que COBRA automatice sus tareas aburridas, sucias y peligrosas y vea crecer su rentabilidad<\/strong><\/h2>\n\n\n\n<p class=\"has-text-align-center\">Destacamos en la optimizaci\u00f3n de los procesos de fabricaci\u00f3n de nuestros clientes mediante la automatizaci\u00f3n de tareas manuales tediosas y de bajo valor. Esto lo ayudar\u00e1 a liberar mano de obra para trabajar en actividades m\u00e1s limpias, seguras y valiosas. Obtendr\u00e1 los beneficios de menores costos operativos, menor complejidad, mayor calidad y mayor rendimiento.<\/p>\n\n\n\n<p><a href=\"https:\/\/www.epcm.com\/es\/contactenos\/\"><mark style=\"background-color:rgba(0, 0, 0, 0)\" class=\"has-inline-color has-theme-white-color\">Cont\u00e1ctenos<\/mark><\/a>\u00a0para discutir sus necesidades de automatizaci\u00f3n o subcontrataci\u00f3n.<\/p>\n<\/div>\n<\/div>\n<\/div><\/div>\n\n\n\n<div class=\"wp-block-group alignfull has-theme-white-background-color has-background\"><div class=\"wp-block-group__inner-container is-layout-flow wp-block-group-is-layout-flow\">\n<div class=\"wp-block-columns mb-0 is-layout-flex wp-container-core-columns-is-layout-9d6595d7 wp-block-columns-is-layout-flex\">\n<div class=\"wp-block-column is-layout-flow wp-block-column-is-layout-flow\" style=\"flex-basis:50%\">\n<h2 class=\"wp-block-heading has-theme-primary-color has-text-color has-26-font-size\" id=\"heavy-and-fast-turnkey-solutions-customized-to-client-needs\"><strong>Soluciones llave en mano pesadas y r\u00e1pidas personalizadas seg\u00fan las necesidades del cliente<\/strong><\/h2>\n<\/div>\n<\/div>\n\n\n\n<div class=\"wp-block-columns mb-0 is-layout-flex wp-container-core-columns-is-layout-9d6595d7 wp-block-columns-is-layout-flex\">\n<div class=\"wp-block-column is-layout-flow wp-block-column-is-layout-flow\" style=\"flex-basis:50%\">\n<p>A diferencia de otros proveedores de automatizaci\u00f3n, COBRA no se limita a resolver solo lo que es visible. Profundicemos m\u00e1s. Tenemos un historial de reconocimiento y resoluci\u00f3n r\u00e1pidos de problemas que los clientes no conocen, acelerando constantemente su productividad, seguridad y aumento de costos.<\/p>\n\n\n\n<p>COBRA se especializa en el manejo de materiales complejos y en entornos donde los productos pesados se mueven r\u00e1pidamente a trav\u00e9s de los procesos de fabricaci\u00f3n y ensamblaje. Nuestras diversas soluciones de automatizaci\u00f3n incluyen:<\/p>\n<\/div>\n<\/div>\n\n\n\n<div class=\"wp-block-columns mb-0 is-layout-flex wp-container-core-columns-is-layout-9d6595d7 wp-block-columns-is-layout-flex\">\n<div class=\"wp-block-column is-layout-flow wp-block-column-is-layout-flow\">\n<p><strong><strong><strong>Automatizaci\u00f3n del transporte de materiales<\/strong>\u00a0<\/strong><\/strong><\/p>\n\n\n\n<ul class=\"wp-block-list\">\n<li>Transportadores de cinta y rodillos<\/li>\n\n\n\n<li>Transportadores de manejo de materiales sueltos y a granel<\/li>\n\n\n\n<li>Transportadores a\u00e9reos Power &amp; Free<\/li>\n\n\n\n<li>Sistemas de manipulaci\u00f3n de balancines<\/li>\n\n\n\n<li>Transportadores de manejo de carga de paletas y unidades pesadas<\/li>\n\n\n\n<li>Transportadores de inducci\u00f3n lineal<\/li>\n\n\n\n<li>Mesa giratoria automatizada y sistemas de alimentaci\u00f3n de piezas especiales<\/li>\n\n\n\n<li>Sistemas de transferencia de vagones y veh\u00edculos guiados por ra\u00edles (RGV)<\/li>\n\n\n\n<li>Sistemas de veh\u00edculos guiados automatizados (AGV) y robots m\u00f3viles aut\u00f3nomos (AMR)<\/li>\n\n\n\n<li>Sistemas automatizados de almacenamiento y recuperaci\u00f3n (ASRS)<\/li>\n<\/ul>\n\n\n\n<p><strong><strong><strong>Automatizaci\u00f3n rob\u00f3tica<\/strong><\/strong><\/strong><\/p>\n\n\n\n<ul class=\"wp-block-list\">\n<li>Brazos rob\u00f3ticos multieje<\/li>\n\n\n\n<li>Robots de p\u00f3rtico lineales y de \u00e1rea<\/li>\n\n\n\n<li>Robots de recoger y colocar<\/li>\n\n\n\n<li>Robots colaborativos<\/li>\n\n\n\n<li>Efectores finales de dise\u00f1o personalizado<\/li>\n<\/ul>\n<\/div>\n\n\n\n<div class=\"wp-block-column is-layout-flow wp-block-column-is-layout-flow\">\n<p><strong><strong><strong>Automatizaci\u00f3n de empaque<\/strong>\u00a0\u00a0\u00a0<\/strong><\/strong><\/p>\n\n\n\n<ul class=\"wp-block-list\">\n<li>Sistemas automatizados de control de pesaje<\/li>\n\n\n\n<li>Automatizaci\u00f3n de apilado y desapilado<\/li>\n\n\n\n<li>Dispensadores de paletas<\/li>\n\n\n\n<li>Sistemas de flejado y flejado<\/li>\n\n\n\n<li>Sistemas de envoltura estirable<\/li>\n\n\n\n<li>Sistemas de paletizado y apilado<\/li>\n\n\n\n<li>Prensas de clinchado y corrugado<\/li>\n\n\n\n<li>Imprime y aplica sistemas de etiquetado<\/li>\n<\/ul>\n\n\n\n<p><strong><strong><strong>Automatizaci\u00f3n de procesos<\/strong><\/strong><\/strong><\/p>\n\n\n\n<ul class=\"wp-block-list\">\n<li>Sistemas de lavado de varias etapas y de alta presi\u00f3n<\/li>\n\n\n\n<li>C\u00e9lulas de soldadura rob\u00f3tica especializadas<\/li>\n\n\n\n<li>Automatizaci\u00f3n de montaje<\/li>\n\n\n\n<li>C\u00e9lulas rob\u00f3ticas de pulido y acabado<\/li>\n\n\n\n<li>Sistemas de despaletizado y desapilado<\/li>\n\n\n\n<li>Sistemas de marcado y c\u00f3digos de barras<\/li>\n\n\n\n<li>Sistemas de clasificaci\u00f3n e inspecci\u00f3n de calidad basados \u200b\u200ben IA<\/li>\n\n\n\n<li>Sistemas de muestreo de control de calidad<\/li>\n\n\n\n<li>SCADA, miner\u00eda de datos digitales e integraci\u00f3n de sistemas IoT<\/li>\n<\/ul>\n<\/div>\n<\/div>\n\n\n\n<p><a href=\"https:\/\/www.epcm.com\/es\/contactenos\/\"><a href=\"https:\/\/www.tecnologiascobra.cl\/contactenos\/\" target=\"_blank\" rel=\"noopener\">Preg\u00fantenos<\/a>\u00a0<\/a> acerca de nuestras soluciones comerciales para clientes que prefieren no poseer y operar el equipo.<\/p>\n<\/div><\/div>\n\n\n\n<div class=\"wp-block-group alignfull is-style-default has-theme-white-color has-theme-primary-background-color has-text-color has-background\"><div class=\"wp-block-group__inner-container is-layout-flow wp-block-group-is-layout-flow\">\n<div class=\"wp-block-columns mb-0 is-style-w-50 is-layout-flex wp-container-core-columns-is-layout-9d6595d7 wp-block-columns-is-layout-flex\">\n<div class=\"wp-block-column is-layout-flow wp-block-column-is-layout-flow\">\n<hr class=\"wp-block-separator has-text-color has-theme-white-color has-css-opacity has-theme-white-background-color has-background is-style-wide mt-0\"\/>\n\n\n\n<blockquote class=\"wp-block-quote is-style-large is-layout-flow wp-block-quote-is-layout-flow\">\n<p><em><em>El proyecto se realiz\u00f3 a tiempo con actualizaciones semanales y sin problemas de seguridad. Los directores de proyecto eran realmente buenos. Sent\u00ed que estaba en buenas manos.<\/em><\/em><\/p>\n<cite>Procesador de Petr\u00f3leo Rio Abajo de Am\u00e9rica del Norte, Ingeniero de Proyectos<\/cite><\/blockquote>\n<\/div>\n<\/div>\n<\/div><\/div>\n","protected":false},"excerpt":{"rendered":"<p>Soluciones de automatizaci\u00f3n complejas y personalizadas que impulsan el \u00e9xito del cliente En Tecnolog\u00edas COBRA y The ECPM Group, tenemos&#8230;<\/p>\n","protected":false},"author":4,"featured_media":0,"parent":2920,"menu_order":0,"comment_status":"closed","ping_status":"closed","template":"","meta":{"_mo_disable_npp":"","footnotes":""},"class_list":["post-3174","page","type-page","status-publish","hentry"],"_links":{"self":[{"href":"https:\/\/www.epcm.com\/es\/wp-json\/wp\/v2\/pages\/3174","targetHints":{"allow":["GET"]}}],"collection":[{"href":"https:\/\/www.epcm.com\/es\/wp-json\/wp\/v2\/pages"}],"about":[{"href":"https:\/\/www.epcm.com\/es\/wp-json\/wp\/v2\/types\/page"}],"author":[{"embeddable":true,"href":"https:\/\/www.epcm.com\/es\/wp-json\/wp\/v2\/users\/4"}],"replies":[{"embeddable":true,"href":"https:\/\/www.epcm.com\/es\/wp-json\/wp\/v2\/comments?post=3174"}],"version-history":[{"count":3,"href":"https:\/\/www.epcm.com\/es\/wp-json\/wp\/v2\/pages\/3174\/revisions"}],"predecessor-version":[{"id":3179,"href":"https:\/\/www.epcm.com\/es\/wp-json\/wp\/v2\/pages\/3174\/revisions\/3179"}],"up":[{"embeddable":true,"href":"https:\/\/www.epcm.com\/es\/wp-json\/wp\/v2\/pages\/2920"}],"wp:attachment":[{"href":"https:\/\/www.epcm.com\/es\/wp-json\/wp\/v2\/media?parent=3174"}],"curies":[{"name":"wp","href":"https:\/\/api.w.org\/{rel}","templated":true}]}}