{"id":3160,"date":"2021-11-30T15:26:55","date_gmt":"2021-11-30T20:26:55","guid":{"rendered":"https:\/\/www.epcm.com\/industrias\/mineria-y-procesamiento-de-minerales-mmp\/servicio-y-suministro-mmp\/equipment-service-maintenance-programs\/"},"modified":"2024-03-22T02:25:53","modified_gmt":"2024-03-22T06:25:53","slug":"programas-de-servicio-y-mantenimiento-de-equipos","status":"publish","type":"page","link":"https:\/\/www.epcm.com\/es\/industrias\/mineria-y-procesamiento-de-minerales-mmp\/servicio-y-suministro-mmp\/programas-de-servicio-y-mantenimiento-de-equipos\/","title":{"rendered":"Programas de servicio y mantenimiento de equipos"},"content":{"rendered":"\n<div class=\"wp-block-group alignfull has-theme-white-background-color has-background\"><div class=\"wp-block-group__inner-container is-layout-flow wp-block-group-is-layout-flow\">\n<div class=\"wp-block-columns are-vertically-aligned-top justify-content-between mb-0 is-layout-flex wp-container-core-columns-is-layout-9d6595d7 wp-block-columns-is-layout-flex\">\n<div class=\"wp-block-column is-vertically-aligned-top is-layout-flow wp-block-column-is-layout-flow\" style=\"flex-basis:66.66%\">\n<h1 class=\"wp-block-heading has-theme-primary-color has-text-color has-30-font-size\">Mejore la rentabilidad de sus activos<\/h1>\n\n\n\n<p>Como proveedor l\u00edder de servicios para la industria de procesamiento de minerales y miner\u00eda, Tecnolog\u00edas COBRA (The EPCM Group) tiene una amplia experiencia en garantizar que los equipos funcionen a su m\u00e1xima capacidad. A trav\u00e9s de nuestros servicios de reparaci\u00f3n de equipos, programas de mantenimiento predictivo y preventivo y servicios de capacitaci\u00f3n, COBRA puede ayudarlo a lograr la excelencia operativa.<\/p>\n<\/div>\n\n\n\n<div class=\"wp-block-column is-vertically-aligned-top is-layout-flow wp-block-column-is-layout-flow\" style=\"flex-basis:20%\">\n<div class=\"wp-block-buttons is-vertical is-layout-flex wp-container-core-buttons-is-layout-8cf370e7 wp-block-buttons-is-layout-flex\"><\/div>\n<\/div>\n<\/div>\n<\/div><\/div>\n\n\n\n<figure class=\"wp-block-gallery has-nested-images columns-3 w-100 wp-block-gallery-1 is-layout-flex wp-block-gallery-is-layout-flex\">\n<figure class=\"wp-block-image size-medium\"><img loading=\"lazy\" decoding=\"async\" width=\"300\" height=\"300\" data-id=\"2348\" src=\"https:\/\/www.epcm.com\/wp-content\/uploads\/2022\/01\/PHOTO-2021-07-28-14-22-27-8_700x700-300x300.jpg\" alt=\"-\" class=\"wp-image-2348\" title=\"- -\" srcset=\"https:\/\/www.epcm.com\/wp-content\/uploads\/2022\/01\/PHOTO-2021-07-28-14-22-27-8_700x700-300x300.jpg 300w, https:\/\/www.epcm.com\/wp-content\/uploads\/2022\/01\/PHOTO-2021-07-28-14-22-27-8_700x700-150x150.jpg 150w, https:\/\/www.epcm.com\/wp-content\/uploads\/2022\/01\/PHOTO-2021-07-28-14-22-27-8_700x700.jpg 700w\" sizes=\"auto, (max-width: 300px) 100vw, 300px\" \/><\/figure>\n\n\n\n<figure class=\"wp-block-image size-medium\"><img loading=\"lazy\" decoding=\"async\" width=\"300\" height=\"300\" data-id=\"2355\" src=\"https:\/\/www.epcm.com\/wp-content\/uploads\/2022\/01\/PHOTO-2021-07-28-14-22-25-3-1_700x700-300x300.jpg\" alt=\"-\" class=\"wp-image-2355\" title=\"- -\" srcset=\"https:\/\/www.epcm.com\/wp-content\/uploads\/2022\/01\/PHOTO-2021-07-28-14-22-25-3-1_700x700-300x300.jpg 300w, https:\/\/www.epcm.com\/wp-content\/uploads\/2022\/01\/PHOTO-2021-07-28-14-22-25-3-1_700x700-150x150.jpg 150w, https:\/\/www.epcm.com\/wp-content\/uploads\/2022\/01\/PHOTO-2021-07-28-14-22-25-3-1_700x700.jpg 700w\" sizes=\"auto, (max-width: 300px) 100vw, 300px\" \/><\/figure>\n\n\n\n<figure class=\"wp-block-image size-medium\"><img loading=\"lazy\" decoding=\"async\" width=\"300\" height=\"300\" data-id=\"2356\" src=\"https:\/\/www.epcm.com\/wp-content\/uploads\/2022\/01\/PHOTO-2021-07-28-14-22-27-9_700x700-300x300.jpg\" alt=\"-\" class=\"wp-image-2356\" title=\"- -\" srcset=\"https:\/\/www.epcm.com\/wp-content\/uploads\/2022\/01\/PHOTO-2021-07-28-14-22-27-9_700x700-300x300.jpg 300w, https:\/\/www.epcm.com\/wp-content\/uploads\/2022\/01\/PHOTO-2021-07-28-14-22-27-9_700x700-150x150.jpg 150w, https:\/\/www.epcm.com\/wp-content\/uploads\/2022\/01\/PHOTO-2021-07-28-14-22-27-9_700x700.jpg 700w\" sizes=\"auto, (max-width: 300px) 100vw, 300px\" \/><\/figure>\n<\/figure>\n\n\n\n<div class=\"wp-block-group alignfull has-theme-white-background-color has-background\"><div class=\"wp-block-group__inner-container is-layout-flow wp-block-group-is-layout-flow\">\n<div class=\"wp-block-columns is-layout-flex wp-container-core-columns-is-layout-9d6595d7 wp-block-columns-is-layout-flex\">\n<div class=\"wp-block-column is-layout-flow wp-block-column-is-layout-flow\" style=\"flex-basis:66.66%\">\n<h2 class=\"wp-block-heading has-theme-primary-color has-text-color has-26-font-size\">Servicios de equipos mineros<\/h2>\n\n\n\n<p>Ya sea que su equipo provenga originalmente de COBRA, o de una fuente diferente, lo tenemos cubierto. Nuestro alcance de servicios para equipos de miner\u00eda, como maquinaria de manipulaci\u00f3n de c\u00e1todos, incluye:<\/p>\n\n\n\n<ul class=\"wp-block-list\">\n<li>Auditor\u00edas de equipos y procesos: COBRA realizar\u00e1 una auditor\u00eda para identificar y solucionar problemas, para ayudarlo a mantenerse al d\u00eda con sus objetivos operativos.<\/li>\n\n\n\n<li>Revisiones de equipos: ya sea que desee sacar m\u00e1s provecho de sus activos de capital existentes o se est\u00e9 actualizando a una nueva tecnolog\u00eda, puede contar con nuestro equipo global de expertos para obtener resultados. Nuestras soluciones integrales, desde la ingenier\u00eda hasta el dise\u00f1o, el suministro y la ejecuci\u00f3n, pueden ayudarlo a cruzar la l\u00ednea de meta con \u00e9xito.<\/li>\n\n\n\n<li>Servicios de mantenimiento: reduzca el tiempo, los gastos y los dolores de cabeza relacionados con la contrataci\u00f3n y capacitaci\u00f3n de personal especializado. Al hacernos actuar como su departamento de mantenimiento, obtiene acceso a una gama completa de servicios, exactamente cuando los necesite.<\/li>\n<\/ul>\n\n\n\n<h2 class=\"wp-block-heading has-theme-primary-color has-text-color has-26-font-size\">Servicios in situ<\/h2>\n\n\n\n<p>Tambi\u00e9n ofrecemos los siguientes servicios de equipos en el sitio:<\/p>\n\n\n\n<ul class=\"wp-block-list\">\n<li>Servicio de reparaci\u00f3n de emergencia<\/li>\n\n\n\n<li>Dise\u00f1o de sistemas hidr\u00e1ulicos<\/li>\n\n\n\n<li>An\u00e1lisis y soluci\u00f3n de problemas en l\u00ednea utilizando instrumentaci\u00f3n de \u00faltima generaci\u00f3n<\/li>\n<\/ul>\n<\/div>\n<\/div>\n\n\n\n<figure class=\"wp-block-image size-full\"><img loading=\"lazy\" decoding=\"async\" width=\"1000\" height=\"500\" src=\"http:\/\/www.epcm.com\/wp-content\/uploads\/2022\/01\/PHOTO-2021-07-28-14-22-26_1000x500.jpg\" alt=\"-\" class=\"wp-image-2354\" title=\"- -\" srcset=\"https:\/\/www.epcm.com\/wp-content\/uploads\/2022\/01\/PHOTO-2021-07-28-14-22-26_1000x500.jpg 1000w, https:\/\/www.epcm.com\/wp-content\/uploads\/2022\/01\/PHOTO-2021-07-28-14-22-26_1000x500-300x150.jpg 300w, https:\/\/www.epcm.com\/wp-content\/uploads\/2022\/01\/PHOTO-2021-07-28-14-22-26_1000x500-768x384.jpg 768w\" sizes=\"auto, (max-width: 1000px) 100vw, 1000px\" \/><\/figure>\n<\/div><\/div>\n\n\n\n<div class=\"wp-block-group alignfull has-theme-light-background-color has-background\"><div class=\"wp-block-group__inner-container is-layout-flow wp-block-group-is-layout-flow\">\n<div class=\"wp-block-columns is-layout-flex wp-container-core-columns-is-layout-9d6595d7 wp-block-columns-is-layout-flex\">\n<div class=\"wp-block-column is-layout-flow wp-block-column-is-layout-flow\" style=\"flex-basis:66.66%\">\n<h2 class=\"wp-block-heading has-theme-primary-color has-text-color has-26-font-size\">Servicios de entrenamiento<\/h2>\n\n\n\n<p class=\"is-style-default\">Durante m\u00e1s de 20 a\u00f1os, COBRA ha brindado servicios de capacitaci\u00f3n a sus clientes de miner\u00eda y procesamiento de minerales. Ofrecemos programas de formaci\u00f3n est\u00e1ndar, as\u00ed como formaci\u00f3n personalizada para aplicaciones espec\u00edficas. Nuestros profesionales altamente calificados est\u00e1n disponibles para realizar capacitaciones tanto dentro como fuera del sitio.<\/p>\n\n\n\n<p>Ya sea trabajando de forma remota o en el sitio, nuestro objetivo es garantizar el \u00e9xito del cliente. Comun\u00edquese con nosotros para saber c\u00f3mo podemos ayudarlo a mejorar el rendimiento operativo a trav\u00e9s de nuestros programas de servicio, mantenimiento y capacitaci\u00f3n de equipos.<\/p>\n<\/div>\n<\/div>\n<\/div><\/div>\n\n\n\n<div class=\"wp-block-group alignfull is-style-default has-theme-white-color has-theme-primary-background-color has-text-color has-background\"><div class=\"wp-block-group__inner-container is-layout-flow wp-block-group-is-layout-flow\">\n<div class=\"wp-block-columns mb-0 is-style-w-50 is-layout-flex wp-container-core-columns-is-layout-9d6595d7 wp-block-columns-is-layout-flex\">\n<div class=\"wp-block-column is-layout-flow wp-block-column-is-layout-flow\">\n<hr class=\"wp-block-separator has-text-color has-theme-white-color has-css-opacity has-theme-white-background-color has-background is-style-wide mt-0\"\/>\n\n\n\n<blockquote class=\"wp-block-quote is-style-large is-layout-flow wp-block-quote-is-layout-flow\">\n<p><em><em><em><em>El Grupo EPCM, como socio estrat\u00e9gico de la mina Radomiro Tomic de Codelco, brinda servicios de mantenimiento e insumos asociados a SX\/EW, brindando innovaci\u00f3n y asistencia t\u00e9cnica que mantienen productivos nuestros procesos<\/em><\/em>.<\/em><\/em><\/p>\n<cite>Gerente de Mantenimiento de Sitios, Codelco,<br>Divisi\u00f3n Radomiro Tomic, Calama<\/cite><\/blockquote>\n<\/div>\n<\/div>\n<\/div><\/div>\n\n\n\n<div class=\"wp-block-group alignfull has-theme-white-background-color has-background\"><div class=\"wp-block-group__inner-container is-layout-flow wp-block-group-is-layout-flow\"><\/div><\/div>\n","protected":false},"excerpt":{"rendered":"<p>Mejore la rentabilidad de sus activos Como proveedor l\u00edder de servicios para la industria de procesamiento de minerales y miner\u00eda,&#8230;<\/p>\n","protected":false},"author":4,"featured_media":0,"parent":3139,"menu_order":0,"comment_status":"closed","ping_status":"closed","template":"","meta":{"_mo_disable_npp":"","footnotes":""},"class_list":["post-3160","page","type-page","status-publish","hentry"],"_links":{"self":[{"href":"https:\/\/www.epcm.com\/es\/wp-json\/wp\/v2\/pages\/3160","targetHints":{"allow":["GET"]}}],"collection":[{"href":"https:\/\/www.epcm.com\/es\/wp-json\/wp\/v2\/pages"}],"about":[{"href":"https:\/\/www.epcm.com\/es\/wp-json\/wp\/v2\/types\/page"}],"author":[{"embeddable":true,"href":"https:\/\/www.epcm.com\/es\/wp-json\/wp\/v2\/users\/4"}],"replies":[{"embeddable":true,"href":"https:\/\/www.epcm.com\/es\/wp-json\/wp\/v2\/comments?post=3160"}],"version-history":[{"count":3,"href":"https:\/\/www.epcm.com\/es\/wp-json\/wp\/v2\/pages\/3160\/revisions"}],"predecessor-version":[{"id":3165,"href":"https:\/\/www.epcm.com\/es\/wp-json\/wp\/v2\/pages\/3160\/revisions\/3165"}],"up":[{"embeddable":true,"href":"https:\/\/www.epcm.com\/es\/wp-json\/wp\/v2\/pages\/3139"}],"wp:attachment":[{"href":"https:\/\/www.epcm.com\/es\/wp-json\/wp\/v2\/media?parent=3160"}],"curies":[{"name":"wp","href":"https:\/\/api.w.org\/{rel}","templated":true}]}}