{"id":3153,"date":"2021-10-18T13:45:43","date_gmt":"2021-10-18T17:45:43","guid":{"rendered":"https:\/\/www.epcm.com\/industrias\/mineria-y-procesamiento-de-minerales-mmp\/servicio-y-suministro-mmp\/permanent-cathode-manufacturing\/"},"modified":"2025-03-17T15:59:22","modified_gmt":"2025-03-17T19:59:22","slug":"fabricacion-de-catodos-permanentes","status":"publish","type":"page","link":"https:\/\/www.epcm.com\/es\/industrias\/mineria-y-procesamiento-de-minerales-mmp\/servicio-y-suministro-mmp\/fabricacion-de-catodos-permanentes\/","title":{"rendered":"Fabricaci\u00f3n de c\u00e1todos permanentes"},"content":{"rendered":"\n<div class=\"wp-block-group alignfull has-theme-white-background-color has-background\"><div class=\"wp-block-group__inner-container is-layout-flow wp-block-group-is-layout-flow\">\n<div class=\"wp-block-columns are-vertically-aligned-top justify-content-between mb-0 is-layout-flex wp-container-core-columns-is-layout-9d6595d7 wp-block-columns-is-layout-flex\">\n<div class=\"wp-block-column is-vertically-aligned-top is-layout-flow wp-block-column-is-layout-flow\" style=\"flex-basis:66.66%\">\n<h1 class=\"wp-block-heading has-theme-primary-color has-text-color has-30-font-size\" id=\"the-trusted-experts-for-new-cathode-manufacturing\">Los expertos de confianza en c\u00e1todos nuevos<\/h1>\n\n\n\n<p>Durante m\u00e1s de 40 a\u00f1os, The EPCM Group (Tecnolog\u00edas COBRA) ha suministrado a los principales productores mundiales de cobre, n\u00edquel, manganeso y cobalto los c\u00e1todos reci\u00e9n fabricados de mayor rendimiento.<\/p>\n\n\n\n<p>EPCM opera los centros de reacondicionamiento y fabricaci\u00f3n de c\u00e1todos m\u00e1s grandes del mundo, ubicados en Am\u00e9rica del Norte, Am\u00e9rica del Sur y Europa. A diferencia de otros fabricantes de c\u00e1todos, EPCM aprovecha los conocimientos obtenidos de sus&nbsp;<a href=\"https:\/\/www.epcm.com\/es\/industrias\/mineria-y-procesamiento-de-minerales-mmp\/servicio-y-suministro-mmp\/reparacion-de-catodos\/\">operaciones de reparaci\u00f3n de c\u00e1todos&nbsp;<\/a>para mejorar continuamente el dise\u00f1o y la durabilidad de los nuevos c\u00e1todos. Eso significa que nuestros clientes obtienen los beneficios de un dise\u00f1o superior y c\u00e1todos de mayor duraci\u00f3n, lo que se traduce en mejores resultados operativos.<\/p>\n<\/div>\n\n\n\n<div class=\"wp-block-column is-vertically-aligned-top is-layout-flow wp-block-column-is-layout-flow\" style=\"flex-basis:20%\">\n<div class=\"wp-block-buttons is-vertical is-content-justification-left is-layout-flex wp-container-core-buttons-is-layout-c0ca7d81 wp-block-buttons-is-layout-flex\">\n<div class=\"wp-block-button is-style-link\"><a class=\"wp-block-button__link has-theme-primary-color has-theme-primary-light-background-color has-text-color has-background wp-element-button\" href=\"http:\/\/www.epcm.com\/wp-content\/uploads\/2021\/10\/EPCM_CathodeManufacturing2021.pdf\" target=\"_blank\" rel=\"noreferrer noopener\">DESCARGAR FOLLETO<\/a><\/div>\n<\/div>\n<\/div>\n<\/div>\n<\/div><\/div>\n\n\n\n<div class=\"wp-block-group alignfull has-theme-white-color has-theme-primary-background-color has-text-color has-background\"><div class=\"wp-block-group__inner-container is-layout-flow wp-block-group-is-layout-flow\">\n<div class=\"wp-block-columns are-vertically-aligned-center row my-4 mobile-stack is-style-mobile-stack is-layout-flex wp-container-core-columns-is-layout-9d6595d7 wp-block-columns-is-layout-flex\">\n<div class=\"wp-block-column is-vertically-aligned-center col-12 col-md is-layout-flow wp-block-column-is-layout-flow\">\n<p class=\"has-text-align-center mb-0 has-48-font-size\"><strong>1,200,000+<\/strong><\/p>\n\n\n\n<p class=\"has-text-align-center has-18-font-size\"><strong><strong>c\u00e1todos fabricados<\/strong><\/strong><\/p>\n\n\n\n<hr class=\"wp-block-separator has-text-color has-theme-white-color has-css-opacity has-theme-white-background-color has-background aligncenter is-style-default\"\/>\n\n\n\n<p><\/p>\n<\/div>\n\n\n\n<div class=\"wp-block-column is-vertically-aligned-center col-auto is-layout-flow wp-block-column-is-layout-flow\">\n<p class=\"has-text-align-center mb-0 has-48-font-size\"><strong>100,000<\/strong><\/p>\n\n\n\n<p class=\"has-text-align-center has-18-font-size\"><strong><strong>c\u00e1todos\/capacidad anual<\/strong><\/strong><\/p>\n\n\n\n<hr class=\"wp-block-separator has-text-color has-theme-white-color has-css-opacity has-theme-white-background-color has-background aligncenter\"\/>\n<\/div>\n\n\n\n<div class=\"wp-block-column is-vertically-aligned-center col is-layout-flow wp-block-column-is-layout-flow\">\n<p class=\"has-text-align-center mb-0 has-48-font-size\"><strong>40<\/strong><\/p>\n\n\n\n<p class=\"has-text-align-center has-18-font-size\"><strong><strong>clientes en 20 pa\u00edses<\/strong><\/strong><\/p>\n\n\n\n<hr class=\"wp-block-separator has-text-color has-theme-white-color has-css-opacity has-theme-white-background-color has-background aligncenter\"\/>\n<\/div>\n<\/div>\n<\/div><\/div>\n\n\n\n<div class=\"wp-block-group alignfull pb-0 has-theme-white-background-color has-background\"><div class=\"wp-block-group__inner-container is-layout-flow wp-block-group-is-layout-flow\">\n<div class=\"wp-block-columns is-layout-flex wp-container-core-columns-is-layout-9d6595d7 wp-block-columns-is-layout-flex\">\n<div class=\"wp-block-column is-layout-flow wp-block-column-is-layout-flow\" style=\"flex-basis:66.66%\">\n<h2 class=\"wp-block-heading has-theme-primary-color has-text-color has-26-font-size\" id=\"raw-materials-available-for-cathodes\"><meta charset=\"utf-8\"><\/meta>Materias primas disponibles para c\u00e1todos<\/h2>\n\n\n\n<p>Nos especializamos en seleccionar el material correcto, para que pueda mantener sus operaciones funcionando con la m\u00e1xima eficacia. Ofrecemos las siguientes opciones:<\/p>\n\n\n\n<ul class=\"is-style-default wp-block-list\">\n<li>C\u00e1todo de acero inoxidable 316L<\/li>\n\n\n\n<li>C\u00e1todo de acero inoxidable 316+<\/li>\n\n\n\n<li>C\u00e1todo de tira f\u00e1cil de EPCM<\/li>\n\n\n\n<li>C\u00e1todo de titanio<\/li>\n\n\n\n<li>C\u00e1todo de acero inoxidable duplex<\/li>\n<\/ul>\n\n\n\n<p>Para obtener m\u00e1s informaci\u00f3n, lea un resumen del proyecto que describe los ahorros para una refiner\u00eda de cobre t\u00edpica en nuestro\u00a0<a href=\"http:\/\/www.epcm.com\/wp-content\/uploads\/2021\/10\/EPCM_CathodeManufacturing2021.pdf\">folleto de fabricaci\u00f3n de c\u00e1todos<\/a>.<\/p>\n<\/div>\n<\/div>\n\n\n\n<figure class=\"wp-block-gallery has-nested-images columns-3 w-100 mb-0 wp-block-gallery-1 is-layout-flex wp-block-gallery-is-layout-flex\">\n<figure class=\"wp-block-image size-medium\"><img loading=\"lazy\" decoding=\"async\" width=\"300\" height=\"225\" data-id=\"1968\" src=\"http:\/\/www.epcm.com\/wp-content\/uploads\/2021\/10\/cathode-header-bars-300x225.jpg\" alt=\"-\" class=\"wp-image-1968\" title=\"- -\" srcset=\"https:\/\/www.epcm.com\/wp-content\/uploads\/2021\/10\/cathode-header-bars-300x225.jpg 300w, https:\/\/www.epcm.com\/wp-content\/uploads\/2021\/10\/cathode-header-bars.jpg 640w\" sizes=\"auto, (max-width: 300px) 100vw, 300px\" \/><\/figure>\n\n\n\n<figure class=\"wp-block-image size-medium\"><img loading=\"lazy\" decoding=\"async\" width=\"300\" height=\"222\" data-id=\"1969\" src=\"http:\/\/www.epcm.com\/wp-content\/uploads\/2021\/10\/cathode-header-bars2-300x222.jpg\" alt=\"-\" class=\"wp-image-1969\" title=\"- -\" srcset=\"https:\/\/www.epcm.com\/wp-content\/uploads\/2021\/10\/cathode-header-bars2-300x222.jpg 300w, https:\/\/www.epcm.com\/wp-content\/uploads\/2021\/10\/cathode-header-bars2.jpg 640w\" sizes=\"auto, (max-width: 300px) 100vw, 300px\" \/><\/figure>\n\n\n\n<figure class=\"wp-block-image size-medium\"><img loading=\"lazy\" decoding=\"async\" width=\"300\" height=\"225\" data-id=\"1970\" src=\"http:\/\/www.epcm.com\/wp-content\/uploads\/2021\/10\/new-cathode-300x225.jpg\" alt=\"-\" class=\"wp-image-1970\" title=\"- -\" srcset=\"https:\/\/www.epcm.com\/wp-content\/uploads\/2021\/10\/new-cathode-300x225.jpg 300w, https:\/\/www.epcm.com\/wp-content\/uploads\/2021\/10\/new-cathode-768x576.jpg 768w, https:\/\/www.epcm.com\/wp-content\/uploads\/2021\/10\/new-cathode.jpg 1024w\" sizes=\"auto, (max-width: 300px) 100vw, 300px\" \/><\/figure>\n<\/figure>\n<\/div><\/div>\n\n\n\n<div class=\"wp-block-group alignfull has-theme-white-background-color has-background\"><div class=\"wp-block-group__inner-container is-layout-flow wp-block-group-is-layout-flow\">\n<p class=\"has-text-align-center\"><strong><strong>Ready to take the next step?\u00a0<\/strong><\/strong>Contact us today to schedule a free on-site evaluation of your cathodes.<\/p>\n\n\n\n<div class=\"wp-block-buttons is-horizontal is-content-justification-center is-layout-flex wp-container-core-buttons-is-layout-499968f5 wp-block-buttons-is-layout-flex\">\n<div class=\"wp-block-button\"><a class=\"wp-block-button__link has-theme-white-color has-theme-primary-background-color has-text-color has-background no-border-radius wp-element-button\" href=\"https:\/\/www.epcm.com\/contact-us\/?Subject=Free onsite assessment of your CSM\">ContAct Us<\/a><\/div>\n<\/div>\n<\/div><\/div>\n\n\n\n<div class=\"wp-block-group alignfull is-style-default has-theme-white-color has-theme-primary-background-color has-text-color has-background\"><div class=\"wp-block-group__inner-container is-layout-flow wp-block-group-is-layout-flow\">\n<div class=\"wp-block-columns mb-0 is-style-w-50 is-layout-flex wp-container-core-columns-is-layout-9d6595d7 wp-block-columns-is-layout-flex\">\n<div class=\"wp-block-column is-layout-flow wp-block-column-is-layout-flow\">\n<hr class=\"wp-block-separator has-text-color has-theme-white-color has-css-opacity has-theme-white-background-color has-background is-style-wide mt-0\"\/>\n\n\n\n<blockquote class=\"wp-block-quote is-style-large is-layout-flow wp-block-quote-is-layout-flow\">\n<p><em><em>Al reutilizar nuestras barras colectoras de cobre de 20 a\u00f1os de antig\u00fcedad al reemplazar las l\u00e1minas de acero inoxidable, hemos reducido dr\u00e1sticamente el costo de CAPEX. Hemos logrado $7.4 millones de d\u00f3lares en ahorros en proyectos<\/em><\/em><\/p>\n<cite>Gerente&nbsp; de Refineriade Casa de Tanque &nbsp;de Am\u00e9rica del Norte<\/cite><\/blockquote>\n<\/div>\n<\/div>\n<\/div><\/div>\n","protected":false},"excerpt":{"rendered":"<p>Los expertos de confianza en c\u00e1todos nuevos Durante m\u00e1s de 40 a\u00f1os, The EPCM Group (Tecnolog\u00edas COBRA) ha suministrado a&#8230;<\/p>\n","protected":false},"author":4,"featured_media":0,"parent":3139,"menu_order":0,"comment_status":"closed","ping_status":"closed","template":"","meta":{"_mo_disable_npp":"","footnotes":""},"class_list":["post-3153","page","type-page","status-publish","hentry"],"_links":{"self":[{"href":"https:\/\/www.epcm.com\/es\/wp-json\/wp\/v2\/pages\/3153","targetHints":{"allow":["GET"]}}],"collection":[{"href":"https:\/\/www.epcm.com\/es\/wp-json\/wp\/v2\/pages"}],"about":[{"href":"https:\/\/www.epcm.com\/es\/wp-json\/wp\/v2\/types\/page"}],"author":[{"embeddable":true,"href":"https:\/\/www.epcm.com\/es\/wp-json\/wp\/v2\/users\/4"}],"replies":[{"embeddable":true,"href":"https:\/\/www.epcm.com\/es\/wp-json\/wp\/v2\/comments?post=3153"}],"version-history":[{"count":4,"href":"https:\/\/www.epcm.com\/es\/wp-json\/wp\/v2\/pages\/3153\/revisions"}],"predecessor-version":[{"id":4023,"href":"https:\/\/www.epcm.com\/es\/wp-json\/wp\/v2\/pages\/3153\/revisions\/4023"}],"up":[{"embeddable":true,"href":"https:\/\/www.epcm.com\/es\/wp-json\/wp\/v2\/pages\/3139"}],"wp:attachment":[{"href":"https:\/\/www.epcm.com\/es\/wp-json\/wp\/v2\/media?parent=3153"}],"curies":[{"name":"wp","href":"https:\/\/api.w.org\/{rel}","templated":true}]}}