{"id":3147,"date":"2021-09-21T13:44:35","date_gmt":"2021-09-21T17:44:35","guid":{"rendered":"https:\/\/www.epcm.com\/industrias\/mineria-y-procesamiento-de-minerales-mmp\/servicio-y-suministro-mmp\/cathode-repair\/"},"modified":"2024-04-03T15:05:07","modified_gmt":"2024-04-03T19:05:07","slug":"reparacion-de-catodos","status":"publish","type":"page","link":"https:\/\/www.epcm.com\/es\/industrias\/mineria-y-procesamiento-de-minerales-mmp\/servicio-y-suministro-mmp\/reparacion-de-catodos\/","title":{"rendered":"Reparaci\u00f3n de C\u00e1todos"},"content":{"rendered":"\n<div class=\"wp-block-group alignfull has-theme-white-background-color has-background\"><div class=\"wp-block-group__inner-container is-layout-flow wp-block-group-is-layout-flow\">\n<div class=\"wp-block-columns are-vertically-aligned-top justify-content-between mb-0 is-layout-flex wp-container-core-columns-is-layout-9d6595d7 wp-block-columns-is-layout-flex\">\n<div class=\"wp-block-column is-vertically-aligned-top is-layout-flow wp-block-column-is-layout-flow\" style=\"flex-basis:66.66%\">\n<h1 class=\"wp-block-heading has-theme-primary-color has-text-color has-30-font-size\" id=\"the-leader-in-cathode-repair-worldwide\">El l\u00edder en reparaci\u00f3n de c\u00e1todos a nivel mundial<\/h1>\n\n\n\n<p>Durante m\u00e1s de 40 a\u00f1os, The EPCM Group (Tecnolog\u00edas COBRA) ha suministrado a los principales productores mundiales de cobre, n\u00edquel, manganeso y cobalto los c\u00e1todos reparados de mayor rendimiento. En el camino, hemos ahorrado a nuestros clientes de miner\u00eda y procesamiento de minerales millones al a\u00f1o.<\/p>\n<\/div>\n\n\n\n<div class=\"wp-block-column is-vertically-aligned-top is-layout-flow wp-block-column-is-layout-flow\" style=\"flex-basis:20%\">\n<div class=\"wp-block-buttons is-vertical is-content-justification-left is-layout-flex wp-container-core-buttons-is-layout-c0ca7d81 wp-block-buttons-is-layout-flex\">\n<div class=\"wp-block-button is-style-link\"><a class=\"wp-block-button__link has-theme-primary-color has-theme-primary-light-background-color has-text-color has-background wp-element-button\" href=\"http:\/\/www.epcm.com\/wp-content\/uploads\/2021\/07\/EPCM_CathodeRepairBrochure2021.pdf\" target=\"_blank\" rel=\"noreferrer noopener\">DESCARGAR FOLLETO<\/a><\/div>\n<\/div>\n<\/div>\n<\/div>\n<\/div><\/div>\n\n\n\n<div class=\"wp-block-group alignfull has-theme-white-color has-theme-primary-background-color has-text-color has-background\"><div class=\"wp-block-group__inner-container is-layout-flow wp-block-group-is-layout-flow\">\n<div class=\"wp-block-columns are-vertically-aligned-center row my-4 mobile-stack is-style-mobile-stack is-layout-flex wp-container-core-columns-is-layout-9d6595d7 wp-block-columns-is-layout-flex\">\n<div class=\"wp-block-column is-vertically-aligned-center col-12 col-md is-layout-flow wp-block-column-is-layout-flow\">\n<p class=\"has-text-align-center mb-0 has-48-font-size\"><strong>600,000+<\/strong><\/p>\n\n\n\n<p class=\"has-text-align-center has-18-font-size\"><strong><strong>catodos reparados en 2020<\/strong><\/strong><\/p>\n\n\n\n<hr class=\"wp-block-separator has-text-color has-theme-white-color has-css-opacity has-theme-white-background-color has-background aligncenter is-style-default\"\/>\n<\/div>\n\n\n\n<div class=\"wp-block-column is-vertically-aligned-center col-auto is-layout-flow wp-block-column-is-layout-flow\">\n<p class=\"has-text-align-center mb-0 has-48-font-size\"><strong>100,000<\/strong><\/p>\n\n\n\n<p class=\"has-text-align-center\"><strong>despegue de laminas<\/strong><br><strong>de cobre en 2020<\/strong><\/p>\n\n\n\n<hr class=\"wp-block-separator has-text-color has-theme-white-color has-css-opacity has-theme-white-background-color has-background aligncenter\"\/>\n<\/div>\n\n\n\n<div class=\"wp-block-column is-vertically-aligned-center col is-layout-flow wp-block-column-is-layout-flow\">\n<p class=\"has-text-align-center mb-0 has-48-font-size\"><strong>70,000<\/strong><\/p>\n\n\n\n<p class=\"has-text-align-center has-18-font-size\"><strong><strong>capacidad mensual<\/strong><\/strong><\/p>\n\n\n\n<hr class=\"wp-block-separator has-text-color has-theme-white-color has-css-opacity has-theme-white-background-color has-background aligncenter\"\/>\n<\/div>\n<\/div>\n<\/div><\/div>\n\n\n\n<div class=\"wp-block-group alignfull pb-0 has-theme-white-background-color has-background\"><div class=\"wp-block-group__inner-container is-layout-flow wp-block-group-is-layout-flow\">\n<div class=\"wp-block-columns is-layout-flex wp-container-core-columns-is-layout-9d6595d7 wp-block-columns-is-layout-flex\">\n<div class=\"wp-block-column is-layout-flow wp-block-column-is-layout-flow\" style=\"flex-basis:66.66%\">\n<h2 class=\"wp-block-heading has-theme-primary-color has-text-color has-26-font-size\" id=\"our-specialty-repairing-the-unrepairable\"><strong>Nuestra especialidad: reparar lo \u201cirreparable\u201d<\/strong><\/h2>\n\n\n\n<p>Nuestros clientes a menudo se sorprenden al saber que el 95% de los c\u00e1todos \u201cirreparables\u201d que vemos en realidad se pueden reparar a los est\u00e1ndares originales. Con d\u00e9cadas de experiencia y conocimiento, somos expertos en generar soluciones innovadoras que maximizan la productividad y reducen los costos.<\/p>\n<\/div>\n<\/div>\n\n\n\n<figure class=\"wp-block-gallery has-nested-images columns-3 w-100 wp-block-gallery-1 is-layout-flex wp-block-gallery-is-layout-flex\">\n<figure class=\"wp-block-image size-medium\"><img loading=\"lazy\" decoding=\"async\" width=\"300\" height=\"300\" data-id=\"1114\" src=\"http:\/\/www.epcm.com\/wp-content\/uploads\/2021\/05\/EPCM_Automation-300x300.jpg\" alt=\"-\" class=\"wp-image-1114\" title=\"- -\" srcset=\"https:\/\/www.epcm.com\/wp-content\/uploads\/2021\/05\/EPCM_Automation-300x300.jpg 300w, https:\/\/www.epcm.com\/wp-content\/uploads\/2021\/05\/EPCM_Automation-150x150.jpg 150w, https:\/\/www.epcm.com\/wp-content\/uploads\/2021\/05\/EPCM_Automation-768x768.jpg 768w, https:\/\/www.epcm.com\/wp-content\/uploads\/2021\/05\/EPCM_Automation.jpg 1000w\" sizes=\"auto, (max-width: 300px) 100vw, 300px\" \/><\/figure>\n\n\n\n<figure class=\"wp-block-image size-medium\"><img loading=\"lazy\" decoding=\"async\" width=\"300\" height=\"300\" data-id=\"1858\" src=\"http:\/\/www.epcm.com\/wp-content\/uploads\/2021\/09\/Cathode-repair-rotated_square-300x300.jpg\" alt=\"-\" class=\"wp-image-1858\" title=\"- -\" srcset=\"https:\/\/www.epcm.com\/wp-content\/uploads\/2021\/09\/Cathode-repair-rotated_square-300x300.jpg 300w, https:\/\/www.epcm.com\/wp-content\/uploads\/2021\/09\/Cathode-repair-rotated_square-150x150.jpg 150w, https:\/\/www.epcm.com\/wp-content\/uploads\/2021\/09\/Cathode-repair-rotated_square.jpg 480w\" sizes=\"auto, (max-width: 300px) 100vw, 300px\" \/><\/figure>\n\n\n\n<figure class=\"wp-block-image size-medium\"><img loading=\"lazy\" decoding=\"async\" width=\"300\" height=\"300\" data-id=\"1101\" src=\"http:\/\/www.epcm.com\/wp-content\/uploads\/2021\/05\/industries3-300x300.jpg\" alt=\"-\" class=\"wp-image-1101\" title=\"- -\" srcset=\"https:\/\/www.epcm.com\/wp-content\/uploads\/2021\/05\/industries3-300x300.jpg 300w, https:\/\/www.epcm.com\/wp-content\/uploads\/2021\/05\/industries3-150x150.jpg 150w, https:\/\/www.epcm.com\/wp-content\/uploads\/2021\/05\/industries3-768x768.jpg 768w, https:\/\/www.epcm.com\/wp-content\/uploads\/2021\/05\/industries3.jpg 1000w\" sizes=\"auto, (max-width: 300px) 100vw, 300px\" \/><\/figure>\n<\/figure>\n\n\n\n<div class=\"wp-block-columns is-layout-flex wp-container-core-columns-is-layout-9d6595d7 wp-block-columns-is-layout-flex\">\n<div class=\"wp-block-column is-layout-flow wp-block-column-is-layout-flow\" style=\"flex-basis:66.66%\">\n<h2 class=\"wp-block-heading has-theme-primary-color has-text-color has-26-font-size\" id=\"we-are-where-you-are\">Estamos donde estas<\/h2>\n\n\n\n<p>Con sede en Canad\u00e1, The EPCM Group opera a nivel mundial, pero apoya a los clientes localmente a trav\u00e9s de nuestras operaciones en Am\u00e9rica del Norte, Am\u00e9rica del Sur y Europa. Somos los expertos de referencia para restaurar c\u00e1todos que no funcionan y la productividad de su tanque.<\/p>\n\n\n\n<p><strong><strong><strong>Conozca mas<\/strong><\/strong>? <\/strong>Lea un resumen del proyecto de las reparaciones que completamos en una refiner\u00eda europea y los ahorros resultantes en nuestro&nbsp;<a href=\"https:\/\/www.epcm.com\/wp-content\/uploads\/2021\/07\/EPCM_CathodeRepairBrochure2021.pdf\">folleto de reparaci\u00f3n de c\u00e1todos<\/a>..&nbsp;&nbsp;&nbsp;<br><br><strong><strong>Listo para comenzar?<\/strong> <\/strong><a href=\"https:\/\/www.epcm.com\/es\/contactenos\/\" data-type=\"page\" data-id=\"16\">Cont\u00e1ctenos<\/a> hoy para programar una evaluaci\u00f3n in situ gratuita de sus c\u00e1todos.<\/p>\n<\/div>\n<\/div>\n<\/div><\/div>\n\n\n\n<div class=\"wp-block-group alignfull is-style-default has-theme-white-color has-theme-primary-background-color has-text-color has-background\"><div class=\"wp-block-group__inner-container is-layout-flow wp-block-group-is-layout-flow\">\n<div class=\"wp-block-columns mb-0 is-style-w-50 is-layout-flex wp-container-core-columns-is-layout-9d6595d7 wp-block-columns-is-layout-flex\">\n<div class=\"wp-block-column is-layout-flow wp-block-column-is-layout-flow\">\n<hr class=\"wp-block-separator has-text-color has-theme-white-color has-css-opacity has-theme-white-background-color has-background is-style-wide mt-0\"\/>\n\n\n\n<blockquote class=\"wp-block-quote is-style-large is-layout-flow wp-block-quote-is-layout-flow\">\n<p><em><em>Desde que comenzamos a reparar c\u00e1todos con EPCM, hemos podido eliminar la compra de nuevos c\u00e1todos y hemos aumentado la rentabilidad en m\u00e1s de $2 millones a trav\u00e9s de una mayor producci\u00f3n<\/em>.<\/em><\/p>\n<cite>Gerente de Tanque de Refiner\u00eda Europea<\/cite><\/blockquote>\n<\/div>\n<\/div>\n<\/div><\/div>\n","protected":false},"excerpt":{"rendered":"<p>El l\u00edder en reparaci\u00f3n de c\u00e1todos a nivel mundial Durante m\u00e1s de 40 a\u00f1os, The EPCM Group (Tecnolog\u00edas COBRA) ha&#8230;<\/p>\n","protected":false},"author":4,"featured_media":0,"parent":3139,"menu_order":0,"comment_status":"closed","ping_status":"closed","template":"","meta":{"_mo_disable_npp":"","footnotes":""},"class_list":["post-3147","page","type-page","status-publish","hentry"],"_links":{"self":[{"href":"https:\/\/www.epcm.com\/es\/wp-json\/wp\/v2\/pages\/3147","targetHints":{"allow":["GET"]}}],"collection":[{"href":"https:\/\/www.epcm.com\/es\/wp-json\/wp\/v2\/pages"}],"about":[{"href":"https:\/\/www.epcm.com\/es\/wp-json\/wp\/v2\/types\/page"}],"author":[{"embeddable":true,"href":"https:\/\/www.epcm.com\/es\/wp-json\/wp\/v2\/users\/4"}],"replies":[{"embeddable":true,"href":"https:\/\/www.epcm.com\/es\/wp-json\/wp\/v2\/comments?post=3147"}],"version-history":[{"count":4,"href":"https:\/\/www.epcm.com\/es\/wp-json\/wp\/v2\/pages\/3147\/revisions"}],"predecessor-version":[{"id":3420,"href":"https:\/\/www.epcm.com\/es\/wp-json\/wp\/v2\/pages\/3147\/revisions\/3420"}],"up":[{"embeddable":true,"href":"https:\/\/www.epcm.com\/es\/wp-json\/wp\/v2\/pages\/3139"}],"wp:attachment":[{"href":"https:\/\/www.epcm.com\/es\/wp-json\/wp\/v2\/media?parent=3147"}],"curies":[{"name":"wp","href":"https:\/\/api.w.org\/{rel}","templated":true}]}}