{"id":3133,"date":"2021-09-27T11:38:54","date_gmt":"2021-09-27T15:38:54","guid":{"rendered":"https:\/\/www.epcm.com\/industrias\/mineria-y-procesamiento-de-minerales-mmp\/automatizacion-del-manejo-de-materiales-mmp\/tankhouse-automation\/"},"modified":"2024-03-21T08:46:10","modified_gmt":"2024-03-21T12:46:10","slug":"automatizacion-de-tanques","status":"publish","type":"page","link":"https:\/\/www.epcm.com\/es\/industrias\/mineria-y-procesamiento-de-minerales-mmp\/automatizacion-del-manejo-de-materiales-mmp\/automatizacion-de-tanques\/","title":{"rendered":"Automatizaci\u00f3n de tanques"},"content":{"rendered":"\n<div class=\"wp-block-group alignfull has-theme-white-background-color has-background\"><div class=\"wp-block-group__inner-container is-layout-flow wp-block-group-is-layout-flow\">\n<div class=\"wp-block-columns are-vertically-aligned-top justify-content-between mb-0 is-layout-flex wp-container-core-columns-is-layout-9d6595d7 wp-block-columns-is-layout-flex\">\n<div class=\"wp-block-column is-vertically-aligned-top is-layout-flow wp-block-column-is-layout-flow\" style=\"flex-basis:66.66%\">\n<h1 class=\"wp-block-heading has-theme-primary-color has-text-color has-30-font-size\" id=\"epcm-the-tankhouse-automation-leader\">Tecnolog\u00edas COBRA \u2026 el l\u00edder en automatizaci\u00f3n de tanques.<\/h1>\n\n\n\n<p>Durante 40 a\u00f1os, hemos suministrado a los productores mundiales de cobre, n\u00edquel, manganeso y cobalto soluciones de automatizaci\u00f3n de tanques l\u00edderes en la industria, incluidas las m\u00e1quinas de extracci\u00f3n de c\u00e1todos. Desde el mantenimiento continuo hasta las actualizaciones y las revisiones completas, nos hemos ganado una reputaci\u00f3n de innovaci\u00f3n, confiabilidad, seguridad y resultados medibles.<\/p>\n\n\n\n<p>Nadie conoce la\u00a0<a href=\"\/wp-content\/uploads\/2021\/09\/EPCM_TankhouseAutomation2021.pdf\">automatizaci\u00f3n de tanques<\/a>\u00a0como nosotros<\/p>\n<\/div>\n\n\n\n<div class=\"wp-block-column is-vertically-aligned-top is-layout-flow wp-block-column-is-layout-flow\" style=\"flex-basis:20%\">\n<div class=\"wp-block-buttons is-vertical is-content-justification-left is-layout-flex wp-container-core-buttons-is-layout-c0ca7d81 wp-block-buttons-is-layout-flex\">\n<div class=\"wp-block-button is-style-link\"><a class=\"wp-block-button__link has-theme-primary-color has-theme-primary-light-background-color has-text-color has-background wp-element-button\" href=\"https:\/\/www.epcm.com\/es\/industrias\/mineria-y-procesamiento-de-minerales-mmp\/automatizacion-del-manejo-de-materiales-mmp\/automatizacion-de-tanques\/\" target=\"_blank\" rel=\"noreferrer noopener\">download brochure<\/a><\/div>\n<\/div>\n<\/div>\n<\/div>\n<\/div><\/div>\n\n\n\n<div class=\"wp-block-group alignfull has-theme-white-color has-theme-primary-background-color has-text-color has-background\"><div class=\"wp-block-group__inner-container is-layout-flow wp-block-group-is-layout-flow\">\n<div class=\"wp-block-columns are-vertically-aligned-center row my-4 mobile-stack is-style-mobile-stack is-layout-flex wp-container-core-columns-is-layout-9d6595d7 wp-block-columns-is-layout-flex\">\n<div class=\"wp-block-column is-vertically-aligned-center col-12 col-md is-layout-flow wp-block-column-is-layout-flow\">\n<p class=\"has-text-align-center mb-0 has-48-font-size\"><strong>40+<\/strong><\/p>\n\n\n\n<p class=\"has-text-align-center has-18-font-size\"><strong><strong>a\u00f1os de experiencia de automatizaci\u00f3n<br>global en casa de tanques<\/strong><\/strong><\/p>\n\n\n\n<hr class=\"wp-block-separator has-text-color has-theme-white-color has-css-opacity has-theme-white-background-color has-background aligncenter is-style-default\"\/>\n<\/div>\n\n\n\n<div class=\"wp-block-column is-vertically-aligned-center col-auto is-layout-flow wp-block-column-is-layout-flow\">\n<p class=\"has-text-align-center mb-0 has-48-font-size\"><strong>60+<\/strong><\/p>\n\n\n\n<p class=\"has-text-align-center has-18-font-size\"><strong><strong>sistemas de automatizaci\u00f3n<\/strong><br><strong>instalados global<\/strong>mente<\/strong><\/p>\n\n\n\n<hr class=\"wp-block-separator has-text-color has-theme-white-color has-css-opacity has-theme-white-background-color has-background aligncenter\"\/>\n<\/div>\n\n\n\n<div class=\"wp-block-column is-vertically-aligned-center col is-layout-flow wp-block-column-is-layout-flow\">\n<p class=\"has-text-align-center mb-0 has-48-font-size\"><strong>100%<\/strong><\/p>\n\n\n\n<p class=\"has-text-align-center\"><strong>en tiempo de entrega<br>de proyectos<\/strong><\/p>\n\n\n\n<hr class=\"wp-block-separator has-text-color has-theme-white-color has-css-opacity has-theme-white-background-color has-background aligncenter\"\/>\n<\/div>\n<\/div>\n<\/div><\/div>\n\n\n\n<div class=\"wp-block-group alignfull has-theme-white-background-color has-background\"><div class=\"wp-block-group__inner-container is-layout-flow wp-block-group-is-layout-flow\">\n<div class=\"wp-block-columns is-layout-flex wp-container-core-columns-is-layout-9d6595d7 wp-block-columns-is-layout-flex\">\n<div class=\"wp-block-column is-layout-flow wp-block-column-is-layout-flow\" style=\"flex-basis:66.66%\">\n<h2 class=\"wp-block-heading has-theme-primary-color has-text-color has-30-font-size\" id=\"the-epcm-group-pioneering-automation-in-natural-resources\">Tecnolog\u00edas COBRA &amp; The EPCM Group: automatizaci\u00f3n pionera en recursos naturales.<\/h2>\n\n\n\n<p>Fuimos la primera empresa de automatizaci\u00f3n en introducir el manejo rob\u00f3tico de materiales en la industria de los recursos naturales. Basadas en el \u00e9xito inicial de nuestras M\u00e1quinas de extracci\u00f3n de c\u00e1todos (CSM), M\u00e1quinas de preparaci\u00f3n de \u00e1nodos (APM), Lavado de chatarra de \u00e1nodos (ASW) y automatizaci\u00f3n de l\u00e1minas iniciales, las soluciones de EPCM se utilizan en todos los aspectos de las operaciones globales de electro obtenci\u00f3n y electrorrefinaci\u00f3n en la actualidad.<\/p>\n<\/div>\n<\/div>\n\n\n<div class=\"wp-block-image\">\n<figure class=\"aligncenter size-full is-resized\"><img loading=\"lazy\" decoding=\"async\" src=\"http:\/\/www.epcm.com\/wp-content\/uploads\/2021\/05\/EPCM_OLYMPICDAM_CSM.jpg\" alt=\"Olympic Dam CSM\" class=\"wp-image-1199\" width=\"1144\" height=\"638\" title=\"- -\" srcset=\"https:\/\/www.epcm.com\/wp-content\/uploads\/2021\/05\/EPCM_OLYMPICDAM_CSM.jpg 1000w, https:\/\/www.epcm.com\/wp-content\/uploads\/2021\/05\/EPCM_OLYMPICDAM_CSM-300x167.jpg 300w, https:\/\/www.epcm.com\/wp-content\/uploads\/2021\/05\/EPCM_OLYMPICDAM_CSM-768x429.jpg 768w\" sizes=\"auto, (max-width: 1144px) 100vw, 1144px\" \/><\/figure><\/div><\/div><\/div>\n\n\n\n<div class=\"wp-block-group alignfull pt-0 has-theme-white-background-color has-background\"><div class=\"wp-block-group__inner-container is-layout-flow wp-block-group-is-layout-flow\">\n<div class=\"wp-block-columns mb-0 is-layout-flex wp-container-core-columns-is-layout-9d6595d7 wp-block-columns-is-layout-flex\">\n<div class=\"wp-block-column is-layout-flow wp-block-column-is-layout-flow\" style=\"flex-basis:66.66%\">\n<h2 class=\"wp-block-heading has-theme-primary-color has-text-color has-30-font-size\" id=\"our-tankhouse-equipment-outperform-the-rests\">Nuestros equipos de tanques superan al resto.<\/h2>\n\n\n\n<p>Los equipos con un rendimiento deficiente pueden costar millones de d\u00f3lares al a\u00f1o en una Efectividad general del equipo (OEE) m\u00e1s baja, cobre que no se puede pelar, desaf\u00edos de mantenimiento, problemas de seguridad y productos de mala calidad. As\u00ed es como nuestro dise\u00f1o integrado ahorra dinero a los clientes.<\/p>\n<\/div>\n<\/div>\n\n\n\n<div class=\"wp-block-columns is-layout-flex wp-container-core-columns-is-layout-9d6595d7 wp-block-columns-is-layout-flex\">\n<div class=\"wp-block-column is-layout-flow wp-block-column-is-layout-flow\">\n<p><strong><mark style=\"background-color:rgba(0, 0, 0, 0)\" class=\"has-inline-color has-theme-primary-color\">Di<strong><strong>e\u00f1o simplificado<\/strong><\/strong><\/mark><\/strong><\/p>\n\n\n\n<p>Dise\u00f1amos nuestros sistemas para reducir significativamente la cantidad de estaciones operativas, los puntos de acceso de los empleados y los cambios de posici\u00f3n del producto requeridos. Esto da como resultado menos atascos y un mejor rendimiento, lo que genera ahorros en varios frentes.<\/p>\n\n\n\n<p><strong><mark style=\"background-color:rgba(0, 0, 0, 0)\" class=\"has-inline-color has-theme-primary-color\"><strong><strong>Seguridad y rendimiento mejorados<\/strong><\/strong><\/mark><\/strong><br>Al eliminar pasos del proceso, reducir la complejidad del sistema y disminuir la actividad de alto riesgo, nuestros clientes ven que el rendimiento operativo y la seguridad mejoran sustancialmente de manera constante.<\/p>\n<\/div>\n\n\n\n<div class=\"wp-block-column is-layout-flow wp-block-column-is-layout-flow\">\n<p><strong><strong>Mayor confiabilidad y requisitos de mantenimiento reducidos<\/strong><\/strong><br>Se ha demostrado que los sistemas rob\u00f3ticos de manejo de materiales tienen mayor confiabilidad y precisi\u00f3n que los sistemas tradicionales. Adem\u00e1s, nuestro equipo tiene una cantidad significativamente menor de componentes y sensores, lo que significa menos tiempo y dinero para lidiar con las fallas del equipo y el mantenimiento continuo.<\/p>\n<\/div>\n<\/div>\n\n\n\n<figure class=\"wp-block-gallery has-nested-images columns-default is-cropped w-100 wp-block-gallery-1 is-layout-flex wp-block-gallery-is-layout-flex\">\n<figure class=\"wp-block-image size-large\"><img loading=\"lazy\" decoding=\"async\" width=\"1024\" height=\"929\" data-id=\"1841\" src=\"http:\/\/www.epcm.com\/wp-content\/uploads\/2021\/09\/CarouselCSM-1024x929.jpg\" alt=\"-\" class=\"wp-image-1841\" title=\"- -\" srcset=\"https:\/\/www.epcm.com\/wp-content\/uploads\/2021\/09\/CarouselCSM-1024x929.jpg 1024w, https:\/\/www.epcm.com\/wp-content\/uploads\/2021\/09\/CarouselCSM-300x272.jpg 300w, https:\/\/www.epcm.com\/wp-content\/uploads\/2021\/09\/CarouselCSM-768x697.jpg 768w, https:\/\/www.epcm.com\/wp-content\/uploads\/2021\/09\/CarouselCSM-1536x1393.jpg 1536w, https:\/\/www.epcm.com\/wp-content\/uploads\/2021\/09\/CarouselCSM-2048x1858.jpg 2048w\" sizes=\"auto, (max-width: 1024px) 100vw, 1024px\" \/><\/figure>\n\n\n\n<figure class=\"wp-block-image size-large\"><img loading=\"lazy\" decoding=\"async\" width=\"935\" height=\"627\" data-id=\"1845\" src=\"http:\/\/www.epcm.com\/wp-content\/uploads\/2021\/09\/RoboticCSM.jpg\" alt=\"-\" class=\"wp-image-1845\" title=\"- -\" srcset=\"https:\/\/www.epcm.com\/wp-content\/uploads\/2021\/09\/RoboticCSM.jpg 935w, https:\/\/www.epcm.com\/wp-content\/uploads\/2021\/09\/RoboticCSM-300x201.jpg 300w, https:\/\/www.epcm.com\/wp-content\/uploads\/2021\/09\/RoboticCSM-768x515.jpg 768w\" sizes=\"auto, (max-width: 935px) 100vw, 935px\" \/><\/figure>\n<\/figure>\n\n\n\n<div class=\"wp-block-columns mb-0 is-layout-flex wp-container-core-columns-is-layout-9d6595d7 wp-block-columns-is-layout-flex\">\n<div class=\"wp-block-column is-layout-flow wp-block-column-is-layout-flow\" style=\"flex-basis:66.66%\">\n<h2 class=\"wp-block-heading mt-4 has-theme-primary-color has-text-color has-30-font-size\" id=\"learn-more\"><span class=\"is-style-font-weight-semibold\"><span class=\"is-style-font-weight-light\"><strong><strong>Conozca \u00a0m\u00e1s<\/strong><\/strong><\/span><\/span><\/h2>\n\n\n\n<p><a href=\"https:\/\/www.epcm.com\/es\/contactenos\/\" data-type=\"page\" data-id=\"16\"><a href=\"https:\/\/www.tecnologiascobra.cl\/contactenos\/\" target=\"_blank\" rel=\"noopener\">Comun\u00edquese<\/a><\/a> con nosotros para conocer nuestras soluciones de automatizaci\u00f3n de tanques y c\u00f3mo resolvemos problemas como bajo OEE, cobre que no se puede pelar, control de calidad y m\u00e1quinas de pelado de c\u00e1todos (CSM) dif\u00edciles de mantener.<\/p>\n<\/div>\n<\/div>\n<\/div><\/div>\n\n\n\n<div class=\"wp-block-group alignfull is-style-default has-theme-white-color has-theme-primary-background-color has-text-color has-background\"><div class=\"wp-block-group__inner-container is-layout-flow wp-block-group-is-layout-flow\">\n<div class=\"wp-block-columns mb-0 is-style-w-50 is-layout-flex wp-container-core-columns-is-layout-9d6595d7 wp-block-columns-is-layout-flex\">\n<div class=\"wp-block-column is-layout-flow wp-block-column-is-layout-flow\">\n<hr class=\"wp-block-separator has-text-color has-theme-white-color has-css-opacity has-theme-white-background-color has-background is-style-wide mt-0\"\/>\n\n\n\n<blockquote class=\"wp-block-quote is-style-large is-layout-flow wp-block-quote-is-layout-flow\">\n<p><em><em>Tecnologias COBRA ha brindado soporte diario para nuestros equipos de automatizaci\u00f3n de tanques durante m\u00e1s de 30 a\u00f1os. Desde que comenzaron, han aumentado el OEE y han brindado soporte confiable consistentemente, incluidas revisiones importantes y actualizaciones de equipos.<\/em><\/em><\/p>\n<cite>Gerente de la Casa de Tanques de Am\u00e9rica del Sur<\/cite><\/blockquote>\n<\/div>\n<\/div>\n<\/div><\/div>\n\n\n\n<p><\/p>\n","protected":false},"excerpt":{"rendered":"<p>Tecnolog\u00edas COBRA \u2026 el l\u00edder en automatizaci\u00f3n de tanques. Durante 40 a\u00f1os, hemos suministrado a los productores mundiales de cobre,&#8230;<\/p>\n","protected":false},"author":4,"featured_media":0,"parent":3125,"menu_order":0,"comment_status":"closed","ping_status":"closed","template":"","meta":{"_mo_disable_npp":"","footnotes":""},"class_list":["post-3133","page","type-page","status-publish","hentry"],"_links":{"self":[{"href":"https:\/\/www.epcm.com\/es\/wp-json\/wp\/v2\/pages\/3133","targetHints":{"allow":["GET"]}}],"collection":[{"href":"https:\/\/www.epcm.com\/es\/wp-json\/wp\/v2\/pages"}],"about":[{"href":"https:\/\/www.epcm.com\/es\/wp-json\/wp\/v2\/types\/page"}],"author":[{"embeddable":true,"href":"https:\/\/www.epcm.com\/es\/wp-json\/wp\/v2\/users\/4"}],"replies":[{"embeddable":true,"href":"https:\/\/www.epcm.com\/es\/wp-json\/wp\/v2\/comments?post=3133"}],"version-history":[{"count":3,"href":"https:\/\/www.epcm.com\/es\/wp-json\/wp\/v2\/pages\/3133\/revisions"}],"predecessor-version":[{"id":3138,"href":"https:\/\/www.epcm.com\/es\/wp-json\/wp\/v2\/pages\/3133\/revisions\/3138"}],"up":[{"embeddable":true,"href":"https:\/\/www.epcm.com\/es\/wp-json\/wp\/v2\/pages\/3125"}],"wp:attachment":[{"href":"https:\/\/www.epcm.com\/es\/wp-json\/wp\/v2\/media?parent=3133"}],"curies":[{"name":"wp","href":"https:\/\/api.w.org\/{rel}","templated":true}]}}