{"id":3125,"date":"2021-11-17T11:51:19","date_gmt":"2021-11-17T16:51:19","guid":{"rendered":"https:\/\/www.epcm.com\/industrias\/mineria-y-procesamiento-de-minerales-mmp\/material-handling-automation\/"},"modified":"2024-03-21T08:31:38","modified_gmt":"2024-03-21T12:31:38","slug":"automatizacion-del-manejo-de-materiales-mmp","status":"publish","type":"page","link":"https:\/\/www.epcm.com\/es\/industrias\/mineria-y-procesamiento-de-minerales-mmp\/automatizacion-del-manejo-de-materiales-mmp\/","title":{"rendered":"Automatizaci\u00f3n del manejo de materiales"},"content":{"rendered":"\n<div class=\"wp-block-group alignfull has-theme-white-background-color has-background\"><div class=\"wp-block-group__inner-container is-layout-flow wp-block-group-is-layout-flow\">\n<div class=\"wp-block-columns justify-content-between is-layout-flex wp-container-core-columns-is-layout-9d6595d7 wp-block-columns-is-layout-flex\">\n<div class=\"wp-block-column is-vertically-aligned-bottom is-layout-flow wp-block-column-is-layout-flow\" style=\"flex-basis:50%\">\n<h1 class=\"wp-block-heading has-theme-primary-color has-text-color has-30-font-size\" id=\"pioneering-natural-resource-automation\">Pioneros en la automatizaci\u00f3n de los recursos naturales<\/h1>\n\n\n\n<p>En Tecnolog\u00edas COBRA (The EPCM Group), tenemos m\u00e1s de 40 a\u00f1os de experiencia en la entrega de equipos innovadores de automatizaci\u00f3n de manejo de materiales a clientes de todo el mundo. Estamos orgullosos de ser la empresa que introdujo la manipulaci\u00f3n rob\u00f3tica de materiales en el sector de los recursos naturales, lo que condujo a mejoras fundamentales en el rendimiento operativo en toda la industria.<\/p>\n\n\n\n<p>Basadas en el \u00e9xito inicial de nuestra automatizaci\u00f3n de tanques,&nbsp;<a href=\"https:\/\/www.tecnologiascobra.cl\/industrias\/mineria-y-procesamiento-de-minerales-mmp\/automatizacion-del-manejo-de-materiales-mmp\/automatizacion-de-tanques\/\" target=\"_blank\" rel=\"noopener\">m\u00e1quinas de extracci\u00f3n de c\u00e1todos<\/a>&nbsp;(CSM), m\u00e1quinas de preparaci\u00f3n de \u00e1nodos (APM), lavado de chatarra de \u00e1nodos (ASW) y automatizaci\u00f3n de l\u00e1minas iniciales, las soluciones de COBRA se utilizan en todos los aspectos de electro-obtenci\u00f3n y electro- operaciones de refinaci\u00f3n en la actualidad.<\/p>\n<\/div>\n\n\n\n<div class=\"wp-block-column is-vertically-aligned-top is-layout-flow wp-block-column-is-layout-flow\" style=\"flex-basis:18%\">\n<div class=\"wp-block-buttons is-vertical is-content-justification-left is-layout-flex wp-container-core-buttons-is-layout-c0ca7d81 wp-block-buttons-is-layout-flex\">\n<div class=\"wp-block-button is-style-link\"><a class=\"wp-block-button__link has-theme-primary-color has-theme-primary-light-background-color has-text-color has-background wp-element-button\" href=\"https:\/\/www.epcm.com\/es\/proyectos\/\">PROYECTOS<\/a><\/div>\n\n\n\n<div class=\"wp-block-button is-style-link\"><a class=\"wp-block-button__link has-theme-primary-color has-theme-primary-light-background-color has-text-color has-background wp-element-button\" href=\"\/services-solutions\/resources\/\">RECURSOS<\/a><\/div>\n\n\n\n<div class=\"wp-block-button is-style-link\"><a class=\"wp-block-button__link has-theme-primary-color has-theme-primary-light-background-color has-text-color has-background wp-element-button\" href=\"https:\/\/www.epcm.com\/es\/contactenos\/\">CONT\u00c1CTENOS<\/a><\/div>\n<\/div>\n<\/div>\n<\/div>\n<\/div><\/div>\n\n\n\n<div class=\"wp-block-group alignfull is-style-image-overflow-left mb-0 has-theme-light-background-color has-background\"><div class=\"wp-block-group__inner-container is-layout-flow wp-block-group-is-layout-flow\">\n<div class=\"wp-block-columns is-layout-flex wp-container-core-columns-is-layout-9d6595d7 wp-block-columns-is-layout-flex\">\n<div class=\"wp-block-column is-layout-flow wp-block-column-is-layout-flow\">\n<figure class=\"wp-block-image size-large\"><img loading=\"lazy\" decoding=\"async\" width=\"1000\" height=\"666\" src=\"http:\/\/www.epcm.com\/wp-content\/uploads\/2021\/05\/automation-wider.jpg\" alt=\"-\" class=\"wp-image-1143\" title=\"- -\" srcset=\"https:\/\/www.epcm.com\/wp-content\/uploads\/2021\/05\/automation-wider.jpg 1000w, https:\/\/www.epcm.com\/wp-content\/uploads\/2021\/05\/automation-wider-300x200.jpg 300w, https:\/\/www.epcm.com\/wp-content\/uploads\/2021\/05\/automation-wider-768x511.jpg 768w\" sizes=\"auto, (max-width: 1000px) 100vw, 1000px\" \/><\/figure>\n<\/div>\n\n\n\n<div class=\"wp-block-column is-layout-flow wp-block-column-is-layout-flow\">\n<h2 class=\"wp-block-heading has-theme-primary-color has-text-color has-26-font-size\" id=\"tankhouse-automation-and-modernization\">Automatizaci\u00f3n y modernizaci\u00f3n de la casa de tanques<\/h2>\n\n\n\n<p>Con 50 clientes de tanques de metal base en 10 pa\u00edses y m\u00e1s de 60 sistemas de automatizaci\u00f3n en funcionamiento en todo el mundo, conocemos bien los desaf\u00edos relacionados con su entorno y sus operaciones. Combinamos los conocimientos que hemos obtenido con el pensamiento inventivo para abordar esos desaf\u00edos de frente. Para usted, eso significa lograr, y potencialmente superar, sus objetivos comerciales, operativos y de seguridad.<\/p>\n<\/div>\n<\/div>\n<\/div><\/div>\n\n\n\n<div class=\"wp-block-group alignfull has-theme-white-color has-theme-primary-background-color has-text-color has-background\"><div class=\"wp-block-group__inner-container is-layout-flow wp-block-group-is-layout-flow\">\n<div class=\"wp-block-columns mb-0 is-style-default justify-content-center is-layout-flex wp-container-core-columns-is-layout-9d6595d7 wp-block-columns-is-layout-flex\">\n<div class=\"wp-block-column is-layout-flow wp-block-column-is-layout-flow\" style=\"flex-basis:66%\">\n<h2 class=\"wp-block-heading has-text-align-center has-26-font-size\" id=\"automate-the-dull-dirty-and-dangerous-tasks-and-watch-your-profitability-grow\"><strong><strong>Automatice las tareas aburridas, sucias y peligrosas. Y vea crecer su rentabilidad.<\/strong><\/strong><\/h2>\n\n\n\n<p class=\"has-text-align-center\">Destacamos en la optimizaci\u00f3n de los procesos de fabricaci\u00f3n de los clientes mediante la automatizaci\u00f3n de tareas manuales tediosas y de bajo valor. Esto lo ayuda a liberar mano de obra para trabajar en actividades m\u00e1s limpias, seguras y valiosas. Obtendr\u00e1 los beneficios de menores costos operativos, menor complejidad, mayor calidad y mayor rendimiento.<\/p>\n<\/div>\n<\/div>\n<\/div><\/div>\n\n\n\n<div class=\"wp-block-group alignfull has-theme-white-background-color has-background\"><div class=\"wp-block-group__inner-container is-layout-flow wp-block-group-is-layout-flow\">\n<div class=\"wp-block-columns mb-0 is-layout-flex wp-container-core-columns-is-layout-9d6595d7 wp-block-columns-is-layout-flex\">\n<div class=\"wp-block-column is-layout-flow wp-block-column-is-layout-flow\" style=\"flex-basis:50%\">\n<h2 class=\"wp-block-heading has-theme-primary-color has-text-color has-26-font-size\" id=\"heavy-and-fast-turnkey-solutions-customized-to-client-needs\"><strong>Soluciones de llave en mano pesadas y r\u00e1pidas personalizadas seg\u00fan las necesidades del cliente<\/strong><\/h2>\n<\/div>\n<\/div>\n\n\n\n<div class=\"wp-block-columns mb-0 is-layout-flex wp-container-core-columns-is-layout-9d6595d7 wp-block-columns-is-layout-flex\">\n<div class=\"wp-block-column is-layout-flow wp-block-column-is-layout-flow\">\n<p>A diferencia de otros proveedores de automatizaci\u00f3n, el an\u00e1lisis de COBRA va m\u00e1s all\u00e1 de los problemas superficiales para comprender los factores subyacentes m\u00e1s importantes en juego. Tenemos un historial de reconocimiento y resoluci\u00f3n r\u00e1pidos de problemas fundamentales que los clientes desconocen, lo que se traduce en ganancias sustancialmente mayores en productividad,&nbsp;<a href=\"https:\/\/www.tecnologiascobra.cl\/blog\/seguridad-y-eficiencia-equivalen-a-exito-en-la-cuarta-revolucion-industrial\/\" target=\"_blank\" rel=\"noopener\">seguridad<\/a>&nbsp;y administraci\u00f3n de costos.<\/p>\n\n\n\n<p>Nos especializamos en entornos y automatizaci\u00f3n de manejo de materiales complejos donde los productos pesados se mueven r\u00e1pidamente a trav\u00e9s de los procesos de fabricaci\u00f3n y ensamblaje. Nuestras soluciones de automatizaci\u00f3n de miner\u00eda y procesamiento de minerales incluyen:<\/p>\n\n\n\n<p><\/p>\n<\/div>\n\n\n\n<div class=\"wp-block-column is-layout-flow wp-block-column-is-layout-flow\">\n<ul class=\"wp-block-list\">\n<li>Automatizaci\u00f3n de dosificaci\u00f3n de aditivos<\/li>\n\n\n\n<li><a href=\"https:\/\/www.epcm.com\/industries\/mining-mineral-processing\/material-handling-automation\/tankhouse-automation\/\" data-type=\"page\" data-id=\"1869\"><a href=\"https:\/\/www.tecnologiascobra.cl\/industrias\/mineria-y-procesamiento-de-minerales-mmp\/automatizacion-del-manejo-de-materiales-mmp\/automatizacion-de-tanques\/\" target=\"_blank\" rel=\"noopener\">M\u00e1quinas de preparaci\u00f3n de \u00e1nodos (APM)<\/a><\/a><\/li>\n\n\n\n<li><a href=\"https:\/\/www.epcm.com\/industries\/mining-mineral-processing\/material-handling-automation\/tankhouse-automation\/\" data-type=\"page\" data-id=\"1869\"><a href=\"https:\/\/www.tecnologiascobra.cl\/industrias\/mineria-y-procesamiento-de-minerales-mmp\/automatizacion-del-manejo-de-materiales-mmp\/automatizacion-de-tanques\/\" target=\"_blank\" rel=\"noopener\">M\u00e1quinas de pelado de c\u00e1todos (CSM)<\/a><\/a><\/li>\n\n\n\n<li>Sistemas de lavado de c\u00e1todos<\/li>\n\n\n\n<li>Sistemas de clasificaci\u00f3n de cobre<\/li>\n\n\n\n<li>Sistema de lavado de veh\u00edculos grandes<\/li>\n\n\n\n<li><a href=\"https:\/\/www.epcm.com\/industries\/mining-mineral-processing\/material-handling-automation\/tankhouse-automation\/\" data-type=\"page\" data-id=\"1869\"><a href=\"https:\/\/www.tecnologiascobra.cl\/industrias\/mineria-y-procesamiento-de-minerales-mmp\/automatizacion-del-manejo-de-materiales-mmp\/automatizacion-de-tanques\/\" target=\"_blank\" rel=\"noopener\">Lavadora de desechos de \u00e1nodos<\/a><\/a><\/li>\n\n\n\n<li><a href=\"https:\/\/www.epcm.com\/industries\/mining-mineral-processing\/material-handling-automation\/tankhouse-automation\/\" data-type=\"page\" data-id=\"1869\"><a href=\"https:\/\/www.tecnologiascobra.cl\/industrias\/mineria-y-procesamiento-de-minerales-mmp\/automatizacion-del-manejo-de-materiales-mmp\/automatizacion-de-tanques\/\" target=\"_blank\" rel=\"noopener\">M\u00e1quina de hojas de inicio<\/a><\/a><\/li>\n\n\n\n<li>Manejo de electrodos<\/li>\n<\/ul>\n\n\n\n<p><a href=\"https:\/\/www.epcm.com\/es\/contactenos\/\">Preg\u00fantenos<\/a> acerca de nuestras soluciones comerciales para clientes que prefieren no poseer y operar el equipo.<\/p>\n<\/div>\n<\/div>\n<\/div><\/div>\n\n\n\n<div class=\"wp-block-group alignfull is-style-default has-theme-white-color has-theme-primary-background-color has-text-color has-background\"><div class=\"wp-block-group__inner-container is-layout-flow wp-block-group-is-layout-flow\">\n<div class=\"wp-block-columns mb-0 is-style-w-50 is-layout-flex wp-container-core-columns-is-layout-9d6595d7 wp-block-columns-is-layout-flex\">\n<div class=\"wp-block-column is-layout-flow wp-block-column-is-layout-flow\">\n<hr class=\"wp-block-separator has-text-color has-theme-white-color has-css-opacity has-theme-white-background-color has-background is-style-wide mt-0\"\/>\n\n\n\n<blockquote class=\"wp-block-quote is-style-large is-layout-flow wp-block-quote-is-layout-flow\">\n<p><em>Establecida en 1998 como la divisi\u00f3n sudamericana de The EPCM Group, Tecnolog\u00edas COBRA es una empresa global de ingenier\u00eda, automatizaci\u00f3n y servicios.<\/em><\/p>\n<cite>Gerente de la Casa de Tanques de Am\u00e9rica del Sur<\/cite><\/blockquote>\n<\/div>\n<\/div>\n<\/div><\/div>\n\n\n\n<div class=\"wp-block-group alignfull has-theme-white-background-color has-background\"><div class=\"wp-block-group__inner-container is-layout-flow wp-block-group-is-layout-flow\"><\/div><\/div>\n","protected":false},"excerpt":{"rendered":"<p>Pioneros en la automatizaci\u00f3n de los recursos naturales En Tecnolog\u00edas COBRA (The EPCM Group), tenemos m\u00e1s de 40 a\u00f1os de&#8230;<\/p>\n","protected":false},"author":4,"featured_media":0,"parent":2935,"menu_order":0,"comment_status":"closed","ping_status":"closed","template":"","meta":{"_mo_disable_npp":"","footnotes":""},"class_list":["post-3125","page","type-page","status-publish","hentry"],"_links":{"self":[{"href":"https:\/\/www.epcm.com\/es\/wp-json\/wp\/v2\/pages\/3125","targetHints":{"allow":["GET"]}}],"collection":[{"href":"https:\/\/www.epcm.com\/es\/wp-json\/wp\/v2\/pages"}],"about":[{"href":"https:\/\/www.epcm.com\/es\/wp-json\/wp\/v2\/types\/page"}],"author":[{"embeddable":true,"href":"https:\/\/www.epcm.com\/es\/wp-json\/wp\/v2\/users\/4"}],"replies":[{"embeddable":true,"href":"https:\/\/www.epcm.com\/es\/wp-json\/wp\/v2\/comments?post=3125"}],"version-history":[{"count":4,"href":"https:\/\/www.epcm.com\/es\/wp-json\/wp\/v2\/pages\/3125\/revisions"}],"predecessor-version":[{"id":3132,"href":"https:\/\/www.epcm.com\/es\/wp-json\/wp\/v2\/pages\/3125\/revisions\/3132"}],"up":[{"embeddable":true,"href":"https:\/\/www.epcm.com\/es\/wp-json\/wp\/v2\/pages\/2935"}],"wp:attachment":[{"href":"https:\/\/www.epcm.com\/es\/wp-json\/wp\/v2\/media?parent=3125"}],"curies":[{"name":"wp","href":"https:\/\/api.w.org\/{rel}","templated":true}]}}