{"id":3119,"date":"2021-11-17T11:50:45","date_gmt":"2021-11-17T16:50:45","guid":{"rendered":"https:\/\/www.epcm.com\/industrias\/mineria-y-procesamiento-de-minerales-mmp\/engineering-services\/"},"modified":"2024-03-21T08:21:30","modified_gmt":"2024-03-21T12:21:30","slug":"servicios-de-ingenieria-mmp","status":"publish","type":"page","link":"https:\/\/www.epcm.com\/es\/industrias\/mineria-y-procesamiento-de-minerales-mmp\/servicios-de-ingenieria-mmp\/","title":{"rendered":"Servicios de ingenier\u00eda"},"content":{"rendered":"\n<div class=\"wp-block-group alignfull has-theme-white-background-color has-background\"><div class=\"wp-block-group__inner-container is-layout-flow wp-block-group-is-layout-flow\">\n<div class=\"wp-block-columns justify-content-between is-layout-flex wp-container-core-columns-is-layout-9d6595d7 wp-block-columns-is-layout-flex\">\n<div class=\"wp-block-column is-vertically-aligned-bottom is-layout-flow wp-block-column-is-layout-flow\" style=\"flex-basis:50%\">\n<h1 class=\"wp-block-heading is-style-default has-theme-primary-color has-text-color has-30-font-size\" id=\"40-years-of-global-mining-and-mineral-processing-engineering-consulting-experience\">M\u00e1s de 40 a\u00f1os de experiencia en consultor\u00eda de ingenier\u00eda global<\/h1>\n\n\n\n<p class=\"mb-0\">Originalmente fundada como una firma de consultor\u00eda de ingenier\u00eda, la consultor\u00eda contin\u00faa siendo una de nuestras principales fortalezas en la actualidad. Durante m\u00e1s de 40 a\u00f1os, Tecnolog\u00edas COBRA ha ayudado a los l\u00edderes de la industria en Miner\u00eda y Procesamiento de Minerales a resolver sus desaf\u00edos de procesos m\u00e1s dif\u00edciles.<\/p>\n<\/div>\n\n\n\n<div class=\"wp-block-column is-vertically-aligned-top is-layout-flow wp-block-column-is-layout-flow\" style=\"flex-basis:18%\">\n<div class=\"wp-block-buttons is-vertical is-content-justification-left is-layout-flex wp-container-core-buttons-is-layout-c0ca7d81 wp-block-buttons-is-layout-flex\">\n<div class=\"wp-block-button is-style-link\"><a class=\"wp-block-button__link has-theme-primary-color has-theme-primary-light-background-color has-text-color has-background wp-element-button\" href=\"https:\/\/www.epcm.com\/es\/blog-es\/\">BLOG<\/a><\/div>\n\n\n\n<div class=\"wp-block-button is-style-link\"><a class=\"wp-block-button__link has-theme-primary-color has-theme-primary-light-background-color has-text-color has-background wp-element-button\" href=\"\/services-solutions\/resources\/\">Resources<\/a><\/div>\n\n\n\n<div class=\"wp-block-button is-style-link\"><a class=\"wp-block-button__link has-theme-primary-color has-theme-primary-light-background-color has-text-color has-background wp-element-button\" href=\"https:\/\/www.epcm.com\/es\/contactenos\/\">Contact us<\/a><\/div>\n<\/div>\n<\/div>\n<\/div>\n<\/div><\/div>\n\n\n\n<div class=\"wp-block-group alignfull is-style-image-overflow-left mb-0 has-theme-light-background-color has-background\"><div class=\"wp-block-group__inner-container is-layout-flow wp-block-group-is-layout-flow\">\n<div class=\"wp-block-columns is-layout-flex wp-container-core-columns-is-layout-9d6595d7 wp-block-columns-is-layout-flex\">\n<div class=\"wp-block-column is-layout-flow wp-block-column-is-layout-flow\">\n<figure class=\"wp-block-image size-large\"><img loading=\"lazy\" decoding=\"async\" width=\"1024\" height=\"576\" src=\"http:\/\/www.epcm.com\/wp-content\/uploads\/2021\/05\/engineering-wider-1024x576.jpg\" alt=\"40+ years experience as a Global Engineering Consultant\" class=\"wp-image-1136\" title=\"- -\" srcset=\"https:\/\/www.epcm.com\/wp-content\/uploads\/2021\/05\/engineering-wider-1024x576.jpg 1024w, https:\/\/www.epcm.com\/wp-content\/uploads\/2021\/05\/engineering-wider-300x169.jpg 300w, https:\/\/www.epcm.com\/wp-content\/uploads\/2021\/05\/engineering-wider-768x432.jpg 768w, https:\/\/www.epcm.com\/wp-content\/uploads\/2021\/05\/engineering-wider-1536x864.jpg 1536w, https:\/\/www.epcm.com\/wp-content\/uploads\/2021\/05\/engineering-wider-2048x1152.jpg 2048w\" sizes=\"auto, (max-width: 1024px) 100vw, 1024px\" \/><\/figure>\n<\/div>\n\n\n\n<div class=\"wp-block-column is-layout-flow wp-block-column-is-layout-flow\">\n<h2 class=\"wp-block-heading has-theme-primary-color has-text-color has-26-font-size\" id=\"fortune-500-clients-across-four-continents\">Clientes de Fortune 500 en cuatro continentes<\/h2>\n\n\n\n<p>El equipo de COBRA Ingenier\u00eda es un grupo multidisciplinario con una amplia gama de consultores especialistas. Con una gran experiencia interna en miner\u00eda y procesamiento de minerales, estamos orgullosos de nuestra reputaci\u00f3n en la industria por entregar a tiempo y dentro del presupuesto. Proyecto tras proyecto, los clientes vuelven a nosotros en busca de ideas audaces, dise\u00f1o escalable, ejecuci\u00f3n confiable y resultados medibles.<\/p>\n<\/div>\n<\/div>\n<\/div><\/div>\n\n\n\n<div class=\"wp-block-group alignfull has-theme-default-color has-theme-white-background-color has-text-color has-background\"><div class=\"wp-block-group__inner-container is-layout-flow wp-block-group-is-layout-flow\">\n<div class=\"wp-block-columns mb-0 is-layout-flex wp-container-core-columns-is-layout-9d6595d7 wp-block-columns-is-layout-flex\">\n<div class=\"wp-block-column is-layout-flow wp-block-column-is-layout-flow\" style=\"flex-basis:50%\">\n<h2 class=\"wp-block-heading has-text-align-left has-theme-primary-color has-text-color has-26-font-size\" id=\"mining-mineral-processing-engineering-solutions\">Soluciones de ingenier\u00eda de miner\u00eda y procesamiento de minerales<\/h2>\n\n\n\n<p>Our engineering services range from concept development through basic enNuestros servicios de ingenier\u00eda van desde el desarrollo de conceptos hasta la ingenier\u00eda b\u00e1sica, FEED, ingenier\u00eda de detalle, gesti\u00f3n de la construcci\u00f3n y consultor\u00eda de operaciones y procesos industriales. Esto incluye:<\/p>\n\n\n\n<ul class=\"wp-block-list\">\n<li>Ingenier\u00eda Mec\u00e1nica<\/li>\n\n\n\n<li>Ingenieria El\u00e9ctrica<\/li>\n\n\n\n<li>Controles e instrumentaciones<\/li>\n\n\n\n<li>Ingenier\u00eda civil y estructural<\/li>\n\n\n\n<li>Ingenier\u00eda de Procesos<\/li>\n\n\n\n<li>Escaneo 3D<\/li>\n<\/ul>\n<\/div>\n<\/div>\n<\/div><\/div>\n\n\n\n<div class=\"wp-block-group alignfull has-theme-light-background-color has-background\"><div class=\"wp-block-group__inner-container is-layout-flow wp-block-group-is-layout-flow\">\n<div class=\"wp-block-columns mb-0 is-layout-flex wp-container-core-columns-is-layout-9d6595d7 wp-block-columns-is-layout-flex\">\n<div class=\"wp-block-column is-layout-flow wp-block-column-is-layout-flow\" style=\"flex-basis:50%\">\n<h2 class=\"wp-block-heading has-theme-primary-color has-text-color has-26-font-size\" id=\"turnkey-solutions-that-improve-performance-profitability-and-safety\">Soluciones de llave en mano que mejoran el rendimiento, la rentabilidad y la seguridad<\/h2>\n<\/div>\n<\/div>\n\n\n\n<div class=\"wp-block-columns mb-0 is-layout-flex wp-container-core-columns-is-layout-9d6595d7 wp-block-columns-is-layout-flex\">\n<div class=\"wp-block-column is-layout-flow wp-block-column-is-layout-flow\">\n<p>Nuestras soluciones de ingenier\u00eda para la miner\u00eda y el procesamiento de minerales incluyen:<\/p>\n\n\n\n<ul class=\"wp-block-list\">\n<li>Monitoreo celular<\/li>\n\n\n\n<li>Seguimiento de procesos<\/li>\n\n\n\n<li>Biolixiviaci\u00f3n<\/li>\n\n\n\n<li><a href=\"https:\/\/www.tecnologiascobra.cl\/blog\/revolucionando-una-mina-de-cobre-chilena-con-soluciones-de-lixiviacion-en-pilas-de-alta-tecnologia\/\" target=\"_blank\" rel=\"noopener\">Lixiviaci\u00f3n en pilas<\/a><\/li>\n\n\n\n<li>Lixiviaci\u00f3n bacteriana<\/li>\n\n\n\n<li>Tratamiento de flujo de purga<\/li>\n\n\n\n<li>Control de polvo<\/li>\n\n\n\n<li>Calcinaci\u00f3n<\/li>\n\n\n\n<li>Trituraci\u00f3n y molienda<\/li>\n\n\n\n<li>Flotaci\u00f3n y concentraci\u00f3n<\/li>\n\n\n\n<li>Dise\u00f1o de extracci\u00f3n por solvente<\/li>\n\n\n\n<li>Dise\u00f1o de almacenamiento de material a granel<\/li>\n\n\n\n<li>Dise\u00f1o de electrorrefinaci\u00f3n y electroobtenci\u00f3n (SX\/EW)<\/li>\n<\/ul>\n<\/div>\n\n\n\n<div class=\"wp-block-column is-layout-flow wp-block-column-is-layout-flow\">\n<p>Trabajando mano a mano con nuestros equipos de\u00a0<a href=\"https:\/\/www.tecnologiascobra.cl\/industrias\/mineria-y-procesamiento-de-minerales-mmp\/automatizacion-del-manejo-de-materiales-mmp\/\" target=\"_blank\" rel=\"noopener\">Automatizaci\u00f3n<\/a>\u00a0y\u00a0<a href=\"https:\/\/www.tecnologiascobra.cl\/industrias\/mineria-y-procesamiento-de-minerales-mmp\/servicio-y-suministro-mmp\/\" target=\"_blank\" rel=\"noopener\">Servicio y Suministro\u00a0<\/a>de Tecnolog\u00edas COBRA, nuestras soluciones llave en mano ofrecen soluciones de ciclo de vida para clientes de todo el mundo. Nuestras soluciones integran dise\u00f1o, fabricaci\u00f3n, construcci\u00f3n, puesta en marcha, reparaci\u00f3n y mantenimiento, y suministro de repuestos.<\/p>\n\n\n\n<p>Ya sea que trabaje de forma remota o en el sitio, nuestro enfoque est\u00e1 en el \u00e9xito del cliente. Los miembros de nuestro equipo son expertos en el desarrollo de soluciones de proyectos creativas y rentables para:<\/p>\n\n\n\n<ul class=\"wp-block-list\">\n<li>Capital de mantenimiento<\/li>\n\n\n\n<li>Capital de crecimiento<\/li>\n\n\n\n<li>Control de procesos<\/li>\n\n\n\n<li>M\u00f3dulos y paquetes<\/li>\n<\/ul>\n\n\n\n<p>Obtenga m\u00e1s informaci\u00f3n: lea\u00a0<a href=\"https:\/\/www.epcm.com\/es\/proyectos\/\">nuestros res\u00famenes de proyectos<\/a>\u00a0de miner\u00eda y procesamiento de minerales.<\/p>\n<\/div>\n<\/div>\n<\/div><\/div>\n\n\n\n<div class=\"wp-block-group alignfull is-style-default has-theme-white-color has-theme-primary-background-color has-text-color has-background\"><div class=\"wp-block-group__inner-container is-layout-flow wp-block-group-is-layout-flow\">\n<div class=\"wp-block-columns mb-0 is-style-w-50 is-layout-flex wp-container-core-columns-is-layout-9d6595d7 wp-block-columns-is-layout-flex\">\n<div class=\"wp-block-column is-layout-flow wp-block-column-is-layout-flow\">\n<hr class=\"wp-block-separator has-text-color has-theme-white-color has-css-opacity has-theme-white-background-color has-background is-style-wide mt-0\"\/>\n\n\n\n<blockquote class=\"wp-block-quote is-style-large is-layout-flow wp-block-quote-is-layout-flow\">\n<p><em><em>Pudieron personalizar su paquete para brindarnos la verdadera ingenier\u00eda de valor que necesit\u00e1bamos. Esto se desvi\u00f3 de las firmas de ingenier\u00eda m\u00e1s t\u00edpicas que nos pidieron que marquemos un mont\u00f3n de casillas. EPCM nos escuch\u00f3 mejor<\/em>.<\/em><\/p>\n<cite>Fabricante Norteamericano de Pinturas Especiales, Gerente T\u00e9cnico<\/cite><\/blockquote>\n<\/div>\n<\/div>\n<\/div><\/div>\n\n\n\n<div class=\"wp-block-group alignfull has-theme-white-background-color has-background\"><div class=\"wp-block-group__inner-container is-layout-flow wp-block-group-is-layout-flow\"><\/div><\/div>\n","protected":false},"excerpt":{"rendered":"<p>M\u00e1s de 40 a\u00f1os de experiencia en consultor\u00eda de ingenier\u00eda global Originalmente fundada como una firma de consultor\u00eda de ingenier\u00eda,&#8230;<\/p>\n","protected":false},"author":4,"featured_media":0,"parent":2935,"menu_order":0,"comment_status":"closed","ping_status":"closed","template":"","meta":{"_mo_disable_npp":"","footnotes":""},"class_list":["post-3119","page","type-page","status-publish","hentry"],"_links":{"self":[{"href":"https:\/\/www.epcm.com\/es\/wp-json\/wp\/v2\/pages\/3119","targetHints":{"allow":["GET"]}}],"collection":[{"href":"https:\/\/www.epcm.com\/es\/wp-json\/wp\/v2\/pages"}],"about":[{"href":"https:\/\/www.epcm.com\/es\/wp-json\/wp\/v2\/types\/page"}],"author":[{"embeddable":true,"href":"https:\/\/www.epcm.com\/es\/wp-json\/wp\/v2\/users\/4"}],"replies":[{"embeddable":true,"href":"https:\/\/www.epcm.com\/es\/wp-json\/wp\/v2\/comments?post=3119"}],"version-history":[{"count":3,"href":"https:\/\/www.epcm.com\/es\/wp-json\/wp\/v2\/pages\/3119\/revisions"}],"predecessor-version":[{"id":3124,"href":"https:\/\/www.epcm.com\/es\/wp-json\/wp\/v2\/pages\/3119\/revisions\/3124"}],"up":[{"embeddable":true,"href":"https:\/\/www.epcm.com\/es\/wp-json\/wp\/v2\/pages\/2935"}],"wp:attachment":[{"href":"https:\/\/www.epcm.com\/es\/wp-json\/wp\/v2\/media?parent=3119"}],"curies":[{"name":"wp","href":"https:\/\/api.w.org\/{rel}","templated":true}]}}