{"id":3113,"date":"2021-11-17T11:59:04","date_gmt":"2021-11-17T16:59:04","guid":{"rendered":"https:\/\/www.epcm.com\/industrias\/productos-quimicos-agricola\/service-supply\/"},"modified":"2024-04-03T14:59:10","modified_gmt":"2024-04-03T18:59:10","slug":"servicio-y-suministro","status":"publish","type":"page","link":"https:\/\/www.epcm.com\/es\/industrias\/productos-quimicos-agricola\/servicio-y-suministro\/","title":{"rendered":"Servicio y Suministro"},"content":{"rendered":"\n<div class=\"wp-block-group alignfull has-theme-white-background-color has-background\"><div class=\"wp-block-group__inner-container is-layout-flow wp-block-group-is-layout-flow\">\n<div class=\"wp-block-columns justify-content-between is-layout-flex wp-container-core-columns-is-layout-9d6595d7 wp-block-columns-is-layout-flex\">\n<div class=\"wp-block-column is-vertically-aligned-bottom is-layout-flow wp-block-column-is-layout-flow\" style=\"flex-basis:50%\">\n<h1 class=\"wp-block-heading has-theme-primary-color has-text-color has-30-font-size\" id=\"proven-solutions-to-help-you-realize-bigger-gains\"><strong>Soluciones comprobadas para ayudarlo a obtener mayores ganancias<\/strong><\/h1>\n\n\n\n<p>Tecnolog\u00edas COBRA y The EPCM Group ofrecen una gama completa de servicios en industrias que incluyen miner\u00eda y procesamiento de minerales,&nbsp;<a href=\"https:\/\/www.tecnologiascobra.cl\/industrias\/petroleo-y-gas\/\" target=\"_blank\" rel=\"noopener\">petr\u00f3leo y gas<\/a>, productos qu\u00edmicos agr\u00edcolas y productos qu\u00edmicos especiales. Desde la consultor\u00eda de ingenier\u00eda hasta la automatizaci\u00f3n, desde el servicio de equipos hasta las piezas de repuesto, ofrecemos soluciones de automatizaci\u00f3n del ciclo de vida que mejoran el rendimiento operativo y reducen los costos.<\/p>\n<\/div>\n\n\n\n<div class=\"wp-block-column is-vertically-aligned-top is-layout-flow wp-block-column-is-layout-flow\" style=\"flex-basis:18%\">\n<div class=\"wp-block-buttons is-vertical is-content-justification-left is-layout-flex wp-container-core-buttons-is-layout-c0ca7d81 wp-block-buttons-is-layout-flex\">\n<div class=\"wp-block-button is-style-link\"><a class=\"wp-block-button__link has-theme-primary-color has-theme-primary-light-background-color has-text-color has-background wp-element-button\" href=\"\/es\/proyectos\/\">PROYECTOS<\/a><\/div>\n\n\n\n<div class=\"wp-block-button is-style-link\"><a class=\"wp-block-button__link has-theme-primary-color has-theme-primary-light-background-color has-text-color has-background wp-element-button\" href=\"\/services-solutions\/resources\/\">RECURSOS<\/a><\/div>\n\n\n\n<div class=\"wp-block-button is-style-link\"><a class=\"wp-block-button__link has-theme-primary-color has-theme-primary-light-background-color has-text-color has-background wp-element-button\" href=\"https:\/\/www.epcm.com\/es\/contactenos\/\">CONTACTENOS<\/a><\/div>\n<\/div>\n<\/div>\n<\/div>\n<\/div><\/div>\n\n\n\n<div class=\"wp-block-group alignfull is-style-image-overflow-left mb-0 has-theme-light-background-color has-background\"><div class=\"wp-block-group__inner-container is-layout-flow wp-block-group-is-layout-flow\">\n<div class=\"wp-block-columns mb-0 is-layout-flex wp-container-core-columns-is-layout-9d6595d7 wp-block-columns-is-layout-flex\">\n<div class=\"wp-block-column is-layout-flow wp-block-column-is-layout-flow\">\n<figure class=\"wp-block-image size-large\"><img loading=\"lazy\" decoding=\"async\" width=\"1024\" height=\"683\" src=\"http:\/\/www.epcm.com\/wp-content\/uploads\/2021\/05\/service-supply-wider-1024x683.jpg\" alt=\"-\" class=\"wp-image-1139\" title=\"- -\" srcset=\"https:\/\/www.epcm.com\/wp-content\/uploads\/2021\/05\/service-supply-wider-1024x683.jpg 1024w, https:\/\/www.epcm.com\/wp-content\/uploads\/2021\/05\/service-supply-wider-300x200.jpg 300w, https:\/\/www.epcm.com\/wp-content\/uploads\/2021\/05\/service-supply-wider-768x512.jpg 768w, https:\/\/www.epcm.com\/wp-content\/uploads\/2021\/05\/service-supply-wider-1536x1024.jpg 1536w, https:\/\/www.epcm.com\/wp-content\/uploads\/2021\/05\/service-supply-wider-2048x1366.jpg 2048w\" sizes=\"auto, (max-width: 1024px) 100vw, 1024px\" \/><\/figure>\n<\/div>\n\n\n\n<div class=\"wp-block-column is-layout-flow wp-block-column-is-layout-flow\">\n<h2 class=\"wp-block-heading has-text-align-left has-theme-primary-color has-text-color has-26-font-size\" id=\"outsource-the-dull-dirty-and-dangerous\"><strong>Subcontratar lo aburrido, sucio y peligroso<\/strong><\/h2>\n\n\n\n<p>Aumente el rendimiento y reduzca los costos al permitir que COBRA se encargue de las tareas aburridas, sucias y peligrosas del proceso de fabricaci\u00f3n. Nuestros servicios incluyen:<\/p>\n\n\n\n<ul class=\"wp-block-list\">\n<li><strong>Operaci\u00f3n in situ de equipos instalados por el cliente<\/strong>: operamos, mantenemos o reparamos su equipo.<\/li>\n\n\n\n<li><strong>Operaci\u00f3n in situ del equipo COBRA<\/strong>: proporcionamos el equipo y lo operamos, mantenemos y reparamos como parte de un contrato mensual.<\/li>\n\n\n\n<li><strong>Subcontrataci\u00f3n de producci\u00f3n fuera del sitio<\/strong>: establecemos instalaciones cerca de la operaci\u00f3n de nuestro cliente para realizar sus tareas de trabajo en proceso.<\/li>\n<\/ul>\n\n\n\n<p><a href=\"https:\/\/www.epcm.com\/es\/contactenos\/\">Cont\u00e1ctenos <\/a>para aprender m\u00e1s acerca de soluciones de externalizaci\u00f3n.<\/p>\n<\/div>\n<\/div>\n<\/div><\/div>\n\n\n\n<div class=\"wp-block-group alignfull pb-0, nbp has-theme-white-background-color has-background\"><div class=\"wp-block-group__inner-container is-layout-flow wp-block-group-is-layout-flow\">\n<div class=\"wp-block-columns mb-0 is-layout-flex wp-container-core-columns-is-layout-9d6595d7 wp-block-columns-is-layout-flex\">\n<div class=\"wp-block-column nbp is-layout-flow wp-block-column-is-layout-flow\" style=\"flex-basis:66.66%\">\n<h2 class=\"wp-block-heading has-theme-primary-color has-text-color has-26-font-size\" id=\"our-service-supply-solutions-include\"><strong>Nuestras soluciones de servicio y suministro incluyen:<\/strong><\/h2>\n\n\n\n<p><strong><a href=\"https:\/\/www.epcm.com\/services\/service-supply\/oem-spare-parts-supply\/\"><strong><strong><a href=\"https:\/\/www.tecnologiascobra.cl\/servicios\/servicio-y-suministro\/suministro-de-piezas-de-repuesto-oem\/\" target=\"_blank\" rel=\"noopener\">Repuestos y components<\/a><\/strong><\/strong><\/a><\/strong><\/p>\n\n\n\n<p>Lo ayudaremos a superar los desaf\u00edos con piezas obsoletas, fallas de piezas y proveedores poco confiables. Con nuestra experiencia global en el dise\u00f1o, la construcci\u00f3n y el mantenimiento de equipos, podemos fabricar u obtener la pieza correcta al precio correcto, justo cuando la necesita.<\/p>\n\n\n\n<p><strong><strong><strong>Servicio de equipos: virtual y en el sitio<\/strong><\/strong><\/strong><br>Aumente su rendimiento operativo poniendo en pr\u00e1ctica nuestra experiencia de muchos a\u00f1os. Ya sea que su equipo sea de COBRA o de cualquier otro lugar, podemos ayudarlo. Ofrecemos soporte de emergencia&nbsp;<a href=\"https:\/\/www.tecnologiascobra.cl\/noticias-y-eventos\/las-gafas-inteligentes-de-alta-tecnologia-ayudan-a-la-epcm-y-a-los-clientes-globales-a-colaborar-durante-la-pandemia\/\" target=\"_blank\" rel=\"noopener\">virtual<\/a>&nbsp;e in situ, mantenimiento predictivo y preventivo, y renovaci\u00f3n y actualizaciones.&nbsp;<\/p>\n\n\n\n<p><strong><strong><strong>Proyectos de modernizaci\u00f3n<\/strong><\/strong><\/strong><br>Durante d\u00e9cadas, hemos ayudado a clientes industriales internacionales con&nbsp;<a href=\"https:\/\/www.tecnologiascobra.cl\/proyectos\/industria-4-0-aumento-del-rendimiento-en-la-fabricacion-utilizando-tecnologia-integrada\/\" target=\"_blank\" rel=\"noopener\">proyectos de modernizaci\u00f3n<\/a>&nbsp;a gran escala, desde proyectos brownfield y greenfield hasta operaciones de tanques de cobre (link to tank house automation). Nuestros profesionales altamente calificados son expertos en el desarrollo de soluciones audaces pero pr\u00e1cticas que aumentan la productividad y la confiabilidad al mismo tiempo que reducen los costos de mantenimiento.<\/p>\n\n\n\n<p><strong><strong><strong>Optimizaci\u00f3n de procesos<\/strong><\/strong><\/strong><br>Nuestras soluciones de automatizaci\u00f3n e ingenier\u00eda de procesos han ayudado a empresas industriales l\u00edderes a nivel mundial durante m\u00e1s de 40 a\u00f1os. Podemos ayudarlo a mejorar la seguridad y los tiempos del ciclo de producci\u00f3n, aumentar el rendimiento y la confiabilidad, e impulsar mejoras medibles en tiempo real con la recopilaci\u00f3n, el monitoreo y el an\u00e1lisis de datos las 24 horas del d\u00eda, los 7 d\u00edas de la semana.<\/p>\n\n\n\n<p>Conozca m\u00e1s acerca de nuestros <a href=\"https:\/\/www.epcm.com\/es\/industrias\/productos-quimicos-agricola\/servicios-de-ingenieria\/\">Servicios de Ingenieria<\/a> or <a href=\"https:\/\/www.epcm.com\/es\/industrias\/productos-quimicos-agricola\/automatizacion-del-manejo-de-materiales\/\"><a href=\"https:\/\/www.tecnologiascobra.cl\/servicios\/automatizacion-del-manejo-de-materiales\/\" target=\"_blank\" rel=\"noopener\">Soluciones de Automatizacion<\/a>.<\/a>. <\/p>\n<\/div>\n<\/div>\n<\/div><\/div>\n\n\n\n<div class=\"wp-block-group alignfull has-theme-light-background-color has-background\"><div class=\"wp-block-group__inner-container is-layout-flow wp-block-group-is-layout-flow\">\n<h2 class=\"wp-block-heading has-theme-primary-color has-text-color has-26-font-size\" id=\"solutions-customized-to-your-needs\">Soluciones Personalizadas a sus necesidades<\/h2>\n\n\n\n<div class=\"wp-block-columns mb-0 is-layout-flex wp-container-core-columns-is-layout-9d6595d7 wp-block-columns-is-layout-flex\">\n<div class=\"wp-block-column is-layout-flow wp-block-column-is-layout-flow\" style=\"flex-basis:50%\">\n<p>Podemos ayudar a garantizar que su producci\u00f3n y equipo funcionen de manera constante, eficiente y sin problemas durante todo el ciclo de vida, desde la puesta en marcha hasta las revisiones, las modernizaciones y el desmantelamiento. Nos complace personalizar un paquete seg\u00fan sus necesidades.<\/p>\n\n\n\n<p>Conozca m\u00e1s acerca de nuestros Servicios y Suministros COBRA: <a href=\"https:\/\/www.epcm.com\/es\/contactenos\/\" target=\"_blank\" rel=\"noreferrer noopener\"><a href=\"https:\/\/www.tecnologiascobra.cl\/contactenos\/\" target=\"_blank\" rel=\"noopener\">cont\u00e1ctenos<\/a><\/a><\/p>\n<\/div>\n<\/div>\n<\/div><\/div>\n\n\n\n<div class=\"wp-block-group alignfull is-style-default has-theme-white-color has-theme-primary-background-color has-text-color has-background\"><div class=\"wp-block-group__inner-container is-layout-flow wp-block-group-is-layout-flow\">\n<div class=\"wp-block-columns mb-0 is-style-w-50 is-layout-flex wp-container-core-columns-is-layout-9d6595d7 wp-block-columns-is-layout-flex\">\n<div class=\"wp-block-column is-layout-flow wp-block-column-is-layout-flow\">\n<hr class=\"wp-block-separator has-text-color has-theme-white-color has-css-opacity has-theme-white-background-color has-background is-style-wide mt-0\"\/>\n\n\n\n<blockquote class=\"wp-block-quote is-style-large is-layout-flow wp-block-quote-is-layout-flow\">\n<p><em><em>Al poder tener discusiones profundas, frustrantes a veces pero siempre agradables, pudimos llegar a la conclusi\u00f3n correcta. Todos sintieron que se escucharon sus opiniones y llegamos a un buen estado final<\/em><\/em><\/p>\n<cite>Fabricante NorteAmericano de Pinturas Especiales, Gerente Tecnico<\/cite><\/blockquote>\n<\/div>\n<\/div>\n<\/div><\/div>\n","protected":false},"excerpt":{"rendered":"<p>Soluciones comprobadas para ayudarlo a obtener mayores ganancias Tecnolog\u00edas COBRA y The EPCM Group ofrecen una gama completa de servicios&#8230;<\/p>\n","protected":false},"author":4,"featured_media":0,"parent":2927,"menu_order":0,"comment_status":"closed","ping_status":"closed","template":"","meta":{"_mo_disable_npp":"","footnotes":""},"class_list":["post-3113","page","type-page","status-publish","hentry"],"_links":{"self":[{"href":"https:\/\/www.epcm.com\/es\/wp-json\/wp\/v2\/pages\/3113","targetHints":{"allow":["GET"]}}],"collection":[{"href":"https:\/\/www.epcm.com\/es\/wp-json\/wp\/v2\/pages"}],"about":[{"href":"https:\/\/www.epcm.com\/es\/wp-json\/wp\/v2\/types\/page"}],"author":[{"embeddable":true,"href":"https:\/\/www.epcm.com\/es\/wp-json\/wp\/v2\/users\/4"}],"replies":[{"embeddable":true,"href":"https:\/\/www.epcm.com\/es\/wp-json\/wp\/v2\/comments?post=3113"}],"version-history":[{"count":4,"href":"https:\/\/www.epcm.com\/es\/wp-json\/wp\/v2\/pages\/3113\/revisions"}],"predecessor-version":[{"id":3419,"href":"https:\/\/www.epcm.com\/es\/wp-json\/wp\/v2\/pages\/3113\/revisions\/3419"}],"up":[{"embeddable":true,"href":"https:\/\/www.epcm.com\/es\/wp-json\/wp\/v2\/pages\/2927"}],"wp:attachment":[{"href":"https:\/\/www.epcm.com\/es\/wp-json\/wp\/v2\/media?parent=3113"}],"curies":[{"name":"wp","href":"https:\/\/api.w.org\/{rel}","templated":true}]}}