{"id":2981,"date":"2021-07-23T11:50:46","date_gmt":"2021-07-23T15:50:46","guid":{"rendered":"https:\/\/www.epcm.com\/resource-centre\/"},"modified":"2026-04-09T11:28:01","modified_gmt":"2026-04-09T15:28:01","slug":"centro-de-recursos","status":"publish","type":"page","link":"https:\/\/www.epcm.com\/es\/centro-de-recursos\/","title":{"rendered":"Recursos"},"content":{"rendered":"\n<div class=\"wp-block-group alignfull brochures-section has-theme-white-background-color has-background\"><div class=\"wp-block-group__inner-container is-layout-flow wp-block-group-is-layout-flow\">\n<h2 class=\"wp-block-heading has-24-font-size\"><strong>Brochures<\/strong><\/h2>\n\n\n\n<p>Ofertas y capacidades de EPCM en todas las industrias. <\/p>\n\n\n\n<div class=\"wp-block-columns is-layout-flex wp-container-core-columns-is-layout-9d6595d7 wp-block-columns-is-layout-flex\">\n<div class=\"wp-block-column is-layout-flow wp-block-column-is-layout-flow\">\n<figure class=\"wp-block-image size-large\" id=\"cathoderepairPDF\"><img loading=\"lazy\" decoding=\"async\" width=\"791\" height=\"1024\" src=\"https:\/\/www.epcm.com\/wp-content\/uploads\/2024\/04\/EPCM_Fabricacio\u0301n-de-Ca\u0301todos_folleto-791x1024.jpg\" alt=\"EPCM_Fabricacio\u0301n de Ca\u0301todos_folleto\" class=\"wp-image-3470\" title=\"Cathode Repair PDF\" srcset=\"https:\/\/www.epcm.com\/wp-content\/uploads\/2024\/04\/EPCM_Fabricacio\u0301n-de-Ca\u0301todos_folleto-791x1024.jpg 791w, https:\/\/www.epcm.com\/wp-content\/uploads\/2024\/04\/EPCM_Fabricacio\u0301n-de-Ca\u0301todos_folleto-232x300.jpg 232w, https:\/\/www.epcm.com\/wp-content\/uploads\/2024\/04\/EPCM_Fabricacio\u0301n-de-Ca\u0301todos_folleto-768x994.jpg 768w, https:\/\/www.epcm.com\/wp-content\/uploads\/2024\/04\/EPCM_Fabricacio\u0301n-de-Ca\u0301todos_folleto-1187x1536.jpg 1187w, https:\/\/www.epcm.com\/wp-content\/uploads\/2024\/04\/EPCM_Fabricacio\u0301n-de-Ca\u0301todos_folleto-1583x2048.jpg 1583w, https:\/\/www.epcm.com\/wp-content\/uploads\/2024\/04\/EPCM_Fabricacio\u0301n-de-Ca\u0301todos_folleto-scaled.jpg 1978w\" sizes=\"auto, (max-width: 791px) 100vw, 791px\" \/><figcaption class=\"wp-element-caption\"><a href=\"https:\/\/www.epcm.com\/wp-content\/uploads\/2026\/04\/EPCM_Fabricacion-de-Catodos_folleto-2026.pdf\" data-type=\"link\" data-id=\"https:\/\/www.epcm.com\/wp-content\/uploads\/2026\/04\/EPCM_Fabricacion-de-Catodos_folleto-2026.pdf\">Fabricacio\u0301n de Ca\u0301todos<\/a><\/figcaption><\/figure>\n<\/div>\n\n\n\n<div class=\"wp-block-column is-layout-flow wp-block-column-is-layout-flow\">\n<figure class=\"wp-block-image size-large\"><img loading=\"lazy\" decoding=\"async\" width=\"791\" height=\"1024\" src=\"https:\/\/www.epcm.com\/wp-content\/uploads\/2024\/04\/EPCM_Reparacion-de-Catodos_folleto-791x1024.jpg\" alt=\"EPCM_Reparaci\u00f3n de C\u00e1todos_folleto\" class=\"wp-image-3474\" title=\"- -\" srcset=\"https:\/\/www.epcm.com\/wp-content\/uploads\/2024\/04\/EPCM_Reparacion-de-Catodos_folleto-791x1024.jpg 791w, https:\/\/www.epcm.com\/wp-content\/uploads\/2024\/04\/EPCM_Reparacion-de-Catodos_folleto-232x300.jpg 232w, https:\/\/www.epcm.com\/wp-content\/uploads\/2024\/04\/EPCM_Reparacion-de-Catodos_folleto-768x994.jpg 768w, https:\/\/www.epcm.com\/wp-content\/uploads\/2024\/04\/EPCM_Reparacion-de-Catodos_folleto-1187x1536.jpg 1187w, https:\/\/www.epcm.com\/wp-content\/uploads\/2024\/04\/EPCM_Reparacion-de-Catodos_folleto-1583x2048.jpg 1583w, https:\/\/www.epcm.com\/wp-content\/uploads\/2024\/04\/EPCM_Reparacion-de-Catodos_folleto-scaled.jpg 1978w\" sizes=\"auto, (max-width: 791px) 100vw, 791px\" \/><figcaption class=\"wp-element-caption\"><a href=\"https:\/\/www.epcm.com\/wp-content\/uploads\/2026\/04\/EPCM_Reparacion-de-Catodos_folleto-2026.pdf\" data-type=\"link\" data-id=\"https:\/\/www.epcm.com\/wp-content\/uploads\/2026\/04\/EPCM_Reparacion-de-Catodos_folleto-2026.pdf\">Reparaci\u00f3n de C\u00e1todos<\/a><\/figcaption><\/figure>\n<\/div>\n\n\n\n<div class=\"wp-block-column is-layout-flow wp-block-column-is-layout-flow\">\n<figure class=\"wp-block-image size-large\"><img loading=\"lazy\" decoding=\"async\" width=\"788\" height=\"1024\" src=\"https:\/\/www.epcm.com\/wp-content\/uploads\/2026\/04\/Automatizacion-de-Naves-EW-788x1024.png\" alt=\"-\" class=\"wp-image-4752\" title=\"- -\" srcset=\"https:\/\/www.epcm.com\/wp-content\/uploads\/2026\/04\/Automatizacion-de-Naves-EW-788x1024.png 788w, https:\/\/www.epcm.com\/wp-content\/uploads\/2026\/04\/Automatizacion-de-Naves-EW-231x300.png 231w, https:\/\/www.epcm.com\/wp-content\/uploads\/2026\/04\/Automatizacion-de-Naves-EW-768x998.png 768w, https:\/\/www.epcm.com\/wp-content\/uploads\/2026\/04\/Automatizacion-de-Naves-EW.png 930w\" sizes=\"auto, (max-width: 788px) 100vw, 788px\" \/><figcaption class=\"wp-element-caption\"><a href=\"https:\/\/www.epcm.com\/wp-content\/uploads\/2026\/04\/EPCM_Automatizacion-de-Naves_folleto-2026.pdf\" data-type=\"link\" data-id=\"https:\/\/www.epcm.com\/wp-content\/uploads\/2026\/04\/EPCM_Automatizacion-de-Naves_folleto-2026.pdf\">Automatizacio\u0301n de Naves EW<\/a><\/figcaption><\/figure>\n<\/div>\n\n\n\n<div class=\"wp-block-column is-layout-flow wp-block-column-is-layout-flow\">\n<figure class=\"wp-block-image size-large\"><img loading=\"lazy\" decoding=\"async\" width=\"791\" height=\"1024\" src=\"https:\/\/www.epcm.com\/wp-content\/uploads\/2024\/04\/EPCM_Suministro-de-Piezas-de-Repuesto_folleto-791x1024.jpg\" alt=\"EPCM_Suministro de Piezas de Repuesto_folleto\" class=\"wp-image-3472\" title=\"- -\" srcset=\"https:\/\/www.epcm.com\/wp-content\/uploads\/2024\/04\/EPCM_Suministro-de-Piezas-de-Repuesto_folleto-791x1024.jpg 791w, https:\/\/www.epcm.com\/wp-content\/uploads\/2024\/04\/EPCM_Suministro-de-Piezas-de-Repuesto_folleto-232x300.jpg 232w, https:\/\/www.epcm.com\/wp-content\/uploads\/2024\/04\/EPCM_Suministro-de-Piezas-de-Repuesto_folleto-768x994.jpg 768w, https:\/\/www.epcm.com\/wp-content\/uploads\/2024\/04\/EPCM_Suministro-de-Piezas-de-Repuesto_folleto-1187x1536.jpg 1187w, https:\/\/www.epcm.com\/wp-content\/uploads\/2024\/04\/EPCM_Suministro-de-Piezas-de-Repuesto_folleto-1583x2048.jpg 1583w, https:\/\/www.epcm.com\/wp-content\/uploads\/2024\/04\/EPCM_Suministro-de-Piezas-de-Repuesto_folleto-scaled.jpg 1978w\" sizes=\"auto, (max-width: 791px) 100vw, 791px\" \/><figcaption class=\"wp-element-caption\"><a href=\"https:\/\/www.epcm.com\/wp-content\/uploads\/2026\/04\/EPCM_Suministro-de-Piezas-de-Repuesto_folleto-2026.pdf\" data-type=\"link\" data-id=\"https:\/\/www.epcm.com\/wp-content\/uploads\/2026\/04\/EPCM_Suministro-de-Piezas-de-Repuesto_folleto-2026.pdf\">Suministro de Piezas de Repuesto<\/a><\/figcaption><\/figure>\n<\/div>\n<\/div>\n<\/div><\/div>\n\n\n\n<div class=\"wp-block-group alignfull projects-section has-theme-light-background-color has-background\"><div class=\"wp-block-group__inner-container is-layout-flow wp-block-group-is-layout-flow\">\n<h2 class=\"wp-block-heading has-24-font-size\"><strong><strong>News &amp; Events<\/strong><\/strong><\/h2>\n\n\n<ul class=\"wp-block-latest-posts__list is-grid columns-2 wp-block-latest-posts\"><li><a class=\"wp-block-latest-posts__post-title\" href=\"https:\/\/www.epcm.com\/es\/noticias-y-eventos\/epcm-engineering-adjudicada-con-un-importante-contrato-para-expandir-la-produccion-de-antimonio-en-quince-veces\/\">EPCM Engineering adjudicada con un importante contrato para expandir la producci\u00f3n de antimonio en quince veces<\/a><div class=\"wp-block-latest-posts__post-excerpt\">EPCM Engineering\u00a0se complace en anunciar la adjudicaci\u00f3n de un contrato estrat\u00e9gico por parte de\u00a0Alchemy Dynamic Metals\u00a0para ampliar la capacidad de una planta existente de producci\u00f3n de antimonio en un factor de\u00a0quince veces. Este proyecto permitir\u00e1 incrementar significativamente el throughput e integrar nuevos circuitos de recuperaci\u00f3n para ampliar el portafolio de productos.<\/div><\/li>\n<li><a class=\"wp-block-latest-posts__post-title\" href=\"https:\/\/www.epcm.com\/es\/noticias-y-eventos\/adios-al-sandblasting-servicio-de-limpieza-laser-de-alta-precision-de-epcm-ahora-en-newfoundland\/\">Adi\u00f3s al Sandblasting: Servicio de Limpieza L\u00e1ser de Alta Precisi\u00f3n de EPCM ahora en Newfoundland<\/a><div class=\"wp-block-latest-posts__post-excerpt\">Desde astilleros y fabricantes de autom\u00f3viles hasta contratistas de mantenimiento industrial pesado, los clientes globales buscan cada vez m\u00e1s alternativas m\u00e1s r\u00e1pidas, seguras y sostenibles a los m\u00e9todos tradicionales de limpieza de superficies. En respuesta a esta demanda, EPCM ha lanzado un nuevo Servicio de Reacondicionamiento y Limpieza L\u00e1ser de Metales, adaptado a los sectores mar\u00edtimo, automotriz, mec\u00e1nico y de procesamiento de metales.<\/div><\/li>\n<li><a class=\"wp-block-latest-posts__post-title\" href=\"https:\/\/www.epcm.com\/es\/noticias-y-eventos\/epcm-consigue-un-prestigioso-contrato-con-freeport-mcmoran-para-avanzar-en-la-modernizacion-de-la-refineria-de-cobre-de-el-paso\/\">EPCM consigue un prestigioso contrato con Freeport-McMoRan para avanzar en la modernizaci\u00f3n de la refiner\u00eda de cobre de El Paso<\/a><div class=\"wp-block-latest-posts__post-excerpt\">Freeport-McMoRan ha adjudicado a EPCM un importante contrato para el suministro de 46.650 c\u00e1todos permanentes destinados a modernizar su refiner\u00eda de cobre de El Paso, en Texas (EE.UU.). Este proyecto transformador marca un cambio fundamental desde las l\u00e1minas de arranque de cobre tradicionales a la Tecnolog\u00eda de C\u00e1todos Permanentes de \u00faltima generaci\u00f3n. <\/div><\/li>\n<li><a class=\"wp-block-latest-posts__post-title\" href=\"https:\/\/www.epcm.com\/es\/noticias-y-eventos\/epcm-group-announces-acquisition-of-ancor-tecmin-expanding-capabilities-in-base-metal-refining-technologies\/\">El Grupo EPCM Anuncia la Adquisici\u00f3n de ANCOR TECMIN, Expandiendo Capacidades en Tecnolog\u00edas para Electrorefinaci\u00f3n y Electroobtenci\u00f3n de Metales No Ferrosos<\/a><div class=\"wp-block-latest-posts__post-excerpt\">Nos complace anunciar un importante avance hacia la mejora de nuestra capacidad para servir a la industria de refinaci\u00f3n de metales b\u00e1sicos: el Grupo EPCM ha completado la adquisici\u00f3n de ANCOR TECMIN, empresa global l\u00edder con sede en Santiago, Chile.<\/div><\/li>\n<\/ul>\n\n\n<div class=\"wp-block-buttons is-horizontal is-content-justification-right is-layout-flex wp-container-core-buttons-is-layout-ae2fe186 wp-block-buttons-is-layout-flex\">\n<div class=\"wp-block-button is-style-link\"><a class=\"wp-block-button__link has-theme-primary-color has-theme-primary-light-background-color has-text-color has-background wp-element-button\" href=\"\/category\/news-events\/\">All News<\/a><\/div>\n<\/div>\n<\/div><\/div>\n","protected":false},"excerpt":{"rendered":"<p>OEM Spare Parts<\/p>\n","protected":false},"author":4,"featured_media":2866,"parent":0,"menu_order":0,"comment_status":"closed","ping_status":"closed","template":"","meta":{"_mo_disable_npp":"","footnotes":""},"class_list":["post-2981","page","type-page","status-publish","has-post-thumbnail","hentry"],"_links":{"self":[{"href":"https:\/\/www.epcm.com\/es\/wp-json\/wp\/v2\/pages\/2981","targetHints":{"allow":["GET"]}}],"collection":[{"href":"https:\/\/www.epcm.com\/es\/wp-json\/wp\/v2\/pages"}],"about":[{"href":"https:\/\/www.epcm.com\/es\/wp-json\/wp\/v2\/types\/page"}],"author":[{"embeddable":true,"href":"https:\/\/www.epcm.com\/es\/wp-json\/wp\/v2\/users\/4"}],"replies":[{"embeddable":true,"href":"https:\/\/www.epcm.com\/es\/wp-json\/wp\/v2\/comments?post=2981"}],"version-history":[{"count":27,"href":"https:\/\/www.epcm.com\/es\/wp-json\/wp\/v2\/pages\/2981\/revisions"}],"predecessor-version":[{"id":4754,"href":"https:\/\/www.epcm.com\/es\/wp-json\/wp\/v2\/pages\/2981\/revisions\/4754"}],"wp:featuredmedia":[{"embeddable":true,"href":"https:\/\/www.epcm.com\/es\/wp-json\/wp\/v2\/media\/2866"}],"wp:attachment":[{"href":"https:\/\/www.epcm.com\/es\/wp-json\/wp\/v2\/media?parent=2981"}],"curies":[{"name":"wp","href":"https:\/\/api.w.org\/{rel}","templated":true}]}}