{"id":2954,"date":"2021-05-06T17:15:06","date_gmt":"2021-05-06T21:15:06","guid":{"rendered":"https:\/\/www.epcm.com\/services\/"},"modified":"2024-03-29T15:04:23","modified_gmt":"2024-03-29T19:04:23","slug":"servicios","status":"publish","type":"page","link":"https:\/\/www.epcm.com\/es\/servicios\/","title":{"rendered":"Servicios"},"content":{"rendered":"\n<div class=\"wp-block-group alignfull has-theme-white-background-color has-background\"><div class=\"wp-block-group__inner-container is-layout-flow wp-block-group-is-layout-flow\">\n<div class=\"wp-block-columns mb-0 is-layout-flex wp-container-core-columns-is-layout-9d6595d7 wp-block-columns-is-layout-flex\">\n<div class=\"wp-block-column is-layout-flow wp-block-column-is-layout-flow\" style=\"flex-basis:66.66%\">\n<h1 class=\"wp-block-heading has-theme-primary-color has-text-color has-30-font-size\" id=\"original-comprehensive-solutions-worldwide\"><strong>Soluciones integrales originales en todo el mundo<\/strong><\/h1>\n<\/div>\n<\/div>\n\n\n\n<div class=\"wp-block-columns are-vertically-aligned-top justify-content-between is-layout-flex wp-container-core-columns-is-layout-9d6595d7 wp-block-columns-is-layout-flex\">\n<div class=\"wp-block-column is-vertically-aligned-top is-layout-flow wp-block-column-is-layout-flow\" style=\"flex-basis:66.66%\">\n<p>En The EPCM Group, resolvemos los desaf\u00edos operativos y de fabricaci\u00f3n m\u00e1s dif\u00edciles de nuestros clientes aprovechando nuestro pensamiento inventivo, amplios conocimientos, servicios integrales y capacidad global.<\/p>\n\n\n\n<p>Nuestro grupo de expertos multidisciplinario re\u00fane a las mentes m\u00e1s agudas de nuestros equipos de&nbsp;<a href=\"https:\/\/epcm.com\/es\/servicios\/servicios-de-ingenieria\/\" target=\"_blank\" rel=\"noopener\">Ingenier\u00eda<\/a>,&nbsp;<a href=\"https:\/\/www.epcm.com\/es\/servicios\/automatizacion-del-manejo-de-materiales\/\">Automatizaci\u00f3n<\/a>,&nbsp;<a href=\"https:\/\/www.epcm.com\/es\/servicios\/servicio-y-suministro\/\">Servicio y Suministro<\/a>&nbsp;para visualizar soluciones que superan los est\u00e1ndares aceptados de la industria. Al ofrecer soluciones de ciclo de vida de fuente \u00fanica, ayudamos a los clientes a obtener y mantener una ventaja competitiva en sus industrias.<\/p>\n<\/div>\n\n\n\n<div class=\"wp-block-column is-vertically-aligned-top is-layout-flow wp-block-column-is-layout-flow\" style=\"flex-basis:20%\">\n<p>Consulte las novedades de The EPCM Group.<\/p>\n\n\n\n<div class=\"wp-block-buttons is-vertical is-content-justification-left is-layout-flex wp-container-core-buttons-is-layout-c0ca7d81 wp-block-buttons-is-layout-flex\">\n<div class=\"wp-block-button is-style-link\"><a class=\"wp-block-button__link has-theme-primary-color has-theme-primary-light-background-color has-text-color has-background wp-element-button\" href=\"https:\/\/www.epcm.com\/es\/noticias-y-eventos\">NOTICIAS Y EVENTOS<\/a><\/div>\n<\/div>\n<\/div>\n<\/div>\n\n\n\n<figure class=\"wp-block-gallery aligncenter has-nested-images columns-3 mt-5 wp-block-gallery-1 is-layout-flex wp-block-gallery-is-layout-flex\">\n<figure class=\"wp-block-image size-large\"><img loading=\"lazy\" decoding=\"async\" width=\"1000\" height=\"1000\" data-id=\"1112\" src=\"http:\/\/www.epcm.com\/wp-content\/uploads\/2021\/05\/EPCM_Engineering.jpg\" alt=\"-\" class=\"wp-image-1112\" title=\"- -\" srcset=\"https:\/\/www.epcm.com\/wp-content\/uploads\/2021\/05\/EPCM_Engineering.jpg 1000w, https:\/\/www.epcm.com\/wp-content\/uploads\/2021\/05\/EPCM_Engineering-300x300.jpg 300w, https:\/\/www.epcm.com\/wp-content\/uploads\/2021\/05\/EPCM_Engineering-150x150.jpg 150w, https:\/\/www.epcm.com\/wp-content\/uploads\/2021\/05\/EPCM_Engineering-768x768.jpg 768w\" sizes=\"auto, (max-width: 1000px) 100vw, 1000px\" \/><figcaption class=\"wp-element-caption\"><a href=\"https:\/\/www.epcm.com\/es\/servicios\/servicios-de-ingenieria\/\"><mark style=\"background-color:rgba(0, 0, 0, 0)\" class=\"has-inline-color has-theme-black-color\">Ingenier\u00eda<\/mark><\/a><\/figcaption><\/figure>\n\n\n\n<figure class=\"wp-block-image size-large\"><img loading=\"lazy\" decoding=\"async\" width=\"1000\" height=\"1000\" data-id=\"1114\" src=\"http:\/\/www.epcm.com\/wp-content\/uploads\/2021\/05\/EPCM_Automation.jpg\" alt=\"-\" class=\"wp-image-1114\" title=\"- -\" srcset=\"https:\/\/www.epcm.com\/wp-content\/uploads\/2021\/05\/EPCM_Automation.jpg 1000w, https:\/\/www.epcm.com\/wp-content\/uploads\/2021\/05\/EPCM_Automation-300x300.jpg 300w, https:\/\/www.epcm.com\/wp-content\/uploads\/2021\/05\/EPCM_Automation-150x150.jpg 150w, https:\/\/www.epcm.com\/wp-content\/uploads\/2021\/05\/EPCM_Automation-768x768.jpg 768w\" sizes=\"auto, (max-width: 1000px) 100vw, 1000px\" \/><figcaption class=\"wp-element-caption\"><a href=\"https:\/\/www.epcm.com\/es\/servicios\/automatizacion-del-manejo-de-materiales\/\"><mark style=\"background-color:rgba(0, 0, 0, 0)\" class=\"has-inline-color has-theme-black-color\">Automatizaci\u00f3n<\/mark><\/a><\/figcaption><\/figure>\n\n\n\n<figure class=\"wp-block-image size-full\"><img loading=\"lazy\" decoding=\"async\" width=\"900\" height=\"900\" data-id=\"2655\" src=\"https:\/\/www.epcm.com\/wp-content\/uploads\/2023\/05\/EPCM-Service-Supply.jpg\" alt=\"-\" class=\"wp-image-2655\" title=\"- -\" srcset=\"https:\/\/www.epcm.com\/wp-content\/uploads\/2023\/05\/EPCM-Service-Supply.jpg 900w, https:\/\/www.epcm.com\/wp-content\/uploads\/2023\/05\/EPCM-Service-Supply-300x300.jpg 300w, https:\/\/www.epcm.com\/wp-content\/uploads\/2023\/05\/EPCM-Service-Supply-150x150.jpg 150w, https:\/\/www.epcm.com\/wp-content\/uploads\/2023\/05\/EPCM-Service-Supply-768x768.jpg 768w\" sizes=\"auto, (max-width: 900px) 100vw, 900px\" \/><figcaption class=\"wp-element-caption\"><a href=\"https:\/\/www.epcm.com\/es\/servicios\/servicio-y-suministro\/\"><mark style=\"background-color:rgba(0, 0, 0, 0)\" class=\"has-inline-color has-theme-black-color\">Servicio y Suministro<\/mark><\/a><\/figcaption><\/figure>\n<\/figure>\n<\/div><\/div>\n\n\n\n<div class=\"wp-block-group alignfull is-style-default has-theme-white-color has-theme-primary-background-color has-text-color has-background\"><div class=\"wp-block-group__inner-container is-layout-flow wp-block-group-is-layout-flow\">\n<div class=\"wp-block-columns mb-0 is-style-w-50 is-layout-flex wp-container-core-columns-is-layout-9d6595d7 wp-block-columns-is-layout-flex\">\n<div class=\"wp-block-column is-layout-flow wp-block-column-is-layout-flow\">\n<hr class=\"wp-block-separator has-text-color has-theme-white-color has-css-opacity has-theme-white-background-color has-background is-style-wide mt-0\"\/>\n\n\n\n<blockquote class=\"wp-block-quote is-style-large is-layout-flow wp-block-quote-is-layout-flow\">\n<p><em><em>Llevamos 20 a\u00f1os reparando nuestros c\u00e1todos exclusivamente con The EPCM Group. Su tecnolog\u00eda y las reparaciones resultantes son insuperables por cualquier otra cosa en el mercado.<\/em><\/em><\/p>\n<cite>Sudamericano, SX-EW, Gerente de la Casa de Tanques<\/cite><\/blockquote>\n<\/div>\n<\/div>\n<\/div><\/div>\n","protected":false},"excerpt":{"rendered":"<p>Soluciones integrales originales en todo el mundo En The EPCM Group, resolvemos los desaf\u00edos operativos y de fabricaci\u00f3n m\u00e1s dif\u00edciles&#8230;<\/p>\n","protected":false},"author":4,"featured_media":0,"parent":0,"menu_order":0,"comment_status":"closed","ping_status":"closed","template":"","meta":{"_mo_disable_npp":"","footnotes":""},"class_list":["post-2954","page","type-page","status-publish","hentry"],"_links":{"self":[{"href":"https:\/\/www.epcm.com\/es\/wp-json\/wp\/v2\/pages\/2954","targetHints":{"allow":["GET"]}}],"collection":[{"href":"https:\/\/www.epcm.com\/es\/wp-json\/wp\/v2\/pages"}],"about":[{"href":"https:\/\/www.epcm.com\/es\/wp-json\/wp\/v2\/types\/page"}],"author":[{"embeddable":true,"href":"https:\/\/www.epcm.com\/es\/wp-json\/wp\/v2\/users\/4"}],"replies":[{"embeddable":true,"href":"https:\/\/www.epcm.com\/es\/wp-json\/wp\/v2\/comments?post=2954"}],"version-history":[{"count":5,"href":"https:\/\/www.epcm.com\/es\/wp-json\/wp\/v2\/pages\/2954\/revisions"}],"predecessor-version":[{"id":3382,"href":"https:\/\/www.epcm.com\/es\/wp-json\/wp\/v2\/pages\/2954\/revisions\/3382"}],"wp:attachment":[{"href":"https:\/\/www.epcm.com\/es\/wp-json\/wp\/v2\/media?parent=2954"}],"curies":[{"name":"wp","href":"https:\/\/api.w.org\/{rel}","templated":true}]}}