{"id":2941,"date":"2021-04-20T10:33:19","date_gmt":"2021-04-20T14:33:19","guid":{"rendered":"https:\/\/www.epcm.com\/industrias\/specialty-chemicals\/"},"modified":"2024-04-03T14:49:56","modified_gmt":"2024-04-03T18:49:56","slug":"productos-quimicos-especiales","status":"publish","type":"page","link":"https:\/\/www.epcm.com\/es\/industrias\/productos-quimicos-especiales\/","title":{"rendered":"Productos qu\u00edmicos especiales"},"content":{"rendered":"\n<div class=\"wp-block-group alignfull has-theme-white-background-color has-background\"><div class=\"wp-block-group__inner-container is-layout-flow wp-block-group-is-layout-flow\">\n<h2 class=\"wp-block-heading has-theme-primary-color has-text-color has-30-font-size\" id=\"specialty-chemicals-solutions\">Soluciones de productos qu\u00edmicos especiales<\/h2>\n\n\n\n<div class=\"wp-block-columns justify-content-between is-layout-flex wp-container-core-columns-is-layout-9d6595d7 wp-block-columns-is-layout-flex\">\n<div class=\"wp-block-column is-layout-flow wp-block-column-is-layout-flow\" style=\"flex-basis:50%\">\n<p>The EPCM Group tienen un historial establecido de trabajo con clientes l\u00edderes en productos qu\u00edmicos especializados en todo el mundo, sobresaliendo en el desarrollo de&nbsp;<a href=\"https:\/\/www.epcm.com\/es\/proyectos\/industria-4-0-aumento-del-rendimiento-en-la-fabricacion-utilizando-tecnologia-integrada\/\">soluciones innovadoras<\/a>&nbsp;que mejoran el rendimiento y la seguridad. Nuestros clientes internacionales incluyen aquellos en recubrimientos, tintas, resinas, adhesivos, selladores, lubricantes y productos qu\u00edmicos especiales diversos.<\/p>\n<\/div>\n\n\n\n<div class=\"wp-block-column is-layout-flow wp-block-column-is-layout-flow\" style=\"flex-basis:18%\">\n<div class=\"wp-block-buttons is-vertical is-content-justification-left is-layout-flex wp-container-core-buttons-is-layout-c0ca7d81 wp-block-buttons-is-layout-flex\">\n<div class=\"wp-block-button is-style-link\"><a class=\"wp-block-button__link has-theme-primary-color has-theme-primary-light-background-color has-text-color has-background wp-element-button\" href=\"https:\/\/www.epcm.com\/es\/blog\/\">BLOG<\/a><\/div>\n\n\n\n<div class=\"wp-block-button is-style-link\"><a class=\"wp-block-button__link has-theme-primary-color has-theme-primary-light-background-color has-text-color has-background wp-element-button\" href=\"https:\/\/www.epcm.com\/es\/proyectos\/\"><br>PROYECTOS<\/a><\/div>\n\n\n\n<div class=\"wp-block-button is-style-link\"><a class=\"wp-block-button__link has-theme-primary-color has-theme-primary-light-background-color has-text-color has-background wp-element-button\" href=\"https:\/\/www.epcm.com\/es\/contactenos\/\">CONT\u00c1CTENOS<\/a><\/div>\n<\/div>\n<\/div>\n<\/div>\n<\/div><\/div>\n\n\n\n<div class=\"wp-block-group alignfull is-style-image-overflow-left has-theme-light-background-color has-background\"><div class=\"wp-block-group__inner-container is-layout-flow wp-block-group-is-layout-flow\">\n<div class=\"wp-block-columns is-layout-flex wp-container-core-columns-is-layout-9d6595d7 wp-block-columns-is-layout-flex\">\n<div class=\"wp-block-column is-layout-flow wp-block-column-is-layout-flow\">\n<figure class=\"wp-block-image size-large\"><img loading=\"lazy\" decoding=\"async\" width=\"1024\" height=\"489\" src=\"http:\/\/www.epcm.com\/wp-content\/uploads\/2021\/05\/EPCM_SpecialtyChemicals-1024x489.jpg\" alt=\"Specialty Chemicals - Solutions - EPCM\" class=\"wp-image-1110\" title=\"- -\" srcset=\"https:\/\/www.epcm.com\/wp-content\/uploads\/2021\/05\/EPCM_SpecialtyChemicals-1024x489.jpg 1024w, https:\/\/www.epcm.com\/wp-content\/uploads\/2021\/05\/EPCM_SpecialtyChemicals-300x143.jpg 300w, https:\/\/www.epcm.com\/wp-content\/uploads\/2021\/05\/EPCM_SpecialtyChemicals-768x366.jpg 768w, https:\/\/www.epcm.com\/wp-content\/uploads\/2021\/05\/EPCM_SpecialtyChemicals.jpg 1400w\" sizes=\"auto, (max-width: 1024px) 100vw, 1024px\" \/><\/figure>\n<\/div>\n\n\n\n<div class=\"wp-block-column is-layout-flow wp-block-column-is-layout-flow\">\n<h2 class=\"wp-block-heading has-theme-primary-color has-text-color has-26-font-size\" id=\"benefit-from-our-wealth-of-plant-operations-expertise\">Benef\u00edciese de nuestra amplia experiencia en operaciones de planta<\/h2>\n\n\n\n<p>En EPCM, conocemos de primera mano las importantes presiones involucradas en las operaciones de la planta. Nuestra experiencia en la entrega de proyectos se basa en d\u00e9cadas de experiencia tanto en la operaci\u00f3n de nuestras propias plantas como en la optimizaci\u00f3n de las instalaciones de los clientes.<\/p>\n\n\n\n<p>Es por eso que comenzamos los proyectos de los clientes con objetivos y entregables claramente definidos, y adaptamos nuestro enfoque, dise\u00f1o y resultados para cumplir con los objetivos del cliente. Para garantizar el \u00e9xito del proyecto, nos aseguramos de que nuestro enfoque est\u00e9 alineado con el enfoque de nuestro cliente, desde el concepto hasta la finalizaci\u00f3n.<\/p>\n<\/div>\n<\/div>\n<\/div><\/div>\n\n\n\n<div class=\"wp-block-group alignfull has-theme-white-background-color has-background\"><div class=\"wp-block-group__inner-container is-layout-flow wp-block-group-is-layout-flow\">\n<h2 class=\"wp-block-heading has-theme-primary-color has-text-color has-26-font-size\" id=\"a-trusted-leader-in-specialty-chemicals\">Un l\u00edder confiable en productos qu\u00edmicos especiales<\/h2>\n\n\n\n<div class=\"wp-block-columns mb-0 is-layout-flex wp-container-core-columns-is-layout-9d6595d7 wp-block-columns-is-layout-flex\">\n<div class=\"wp-block-column is-layout-flow wp-block-column-is-layout-flow\">\n<p>EPCM ofrece una amplia gama de servicios de ingenier\u00eda al sector de productos qu\u00edmicos especializados, desde auditor\u00edas de seguridad y reacondicionamiento de plantas hasta dise\u00f1o de plantas totalmente nuevas. Nuestro equipo interno de expertos en procesos tiene experiencia espec\u00edfica en la industria, que incluye:<\/p>\n<\/div>\n\n\n\n<div class=\"wp-block-column is-layout-flow wp-block-column-is-layout-flow\">\n<ul class=\"mb-0 wp-block-list\">\n<li>Procesamiento por lotes<\/li>\n\n\n\n<li>Reducci\u00f3n del tiempo de ciclo<\/li>\n\n\n\n<li>Seguridad de procesos y plantas<\/li>\n\n\n\n<li>Minimizaci\u00f3n de residuos<\/li>\n\n\n\n<li>Almacenamiento y manejo de materiales peligrosos<\/li>\n\n\n\n<li>Distribuci\u00f3n de la planta<\/li>\n\n\n\n<li>Control y Automatizaci\u00f3n de Procesos<\/li>\n\n\n\n<li>Los requisitos reglamentarios<\/li>\n\n\n\n<li>Gesti\u00f3n de riesgos<\/li>\n<\/ul>\n<\/div>\n<\/div>\n<\/div><\/div>\n\n\n\n<div class=\"wp-block-group alignfull has-theme-light-background-color has-background\"><div class=\"wp-block-group__inner-container is-layout-flow wp-block-group-is-layout-flow\">\n<h2 class=\"wp-block-heading has-theme-primary-color has-text-color has-26-font-size\" id=\"turnkey-solutions\">Soluciones llave en mano<\/h2>\n\n\n\n<div class=\"wp-block-columns mb-0 is-layout-flex wp-container-core-columns-is-layout-9d6595d7 wp-block-columns-is-layout-flex\">\n<div class=\"wp-block-column is-layout-flow wp-block-column-is-layout-flow\">\n<p>Trabajando en estrecha colaboraci\u00f3n con nuestros equipos de Automatizaci\u00f3n y Servicio y Suministro, ofrecemos soluciones integrales llave en mano, que incluyen:<\/p>\n<\/div>\n\n\n\n<div class=\"wp-block-column is-layout-flow wp-block-column-is-layout-flow\">\n<ul class=\"mb-0 wp-block-list\">\n<li>Servicios de Ingenieria<\/li>\n\n\n\n<li>Automatizaci\u00f3n de procesos<\/li>\n\n\n\n<li>Automatizaci\u00f3n de dosificaci\u00f3n de aditivos<\/li>\n\n\n\n<li>Sistemas de visi\u00f3n<\/li>\n\n\n\n<li>Sistemas de pigging<\/li>\n\n\n\n<li>Optimizaci\u00f3n de Plantas de Proceso<\/li>\n<\/ul>\n\n\n\n<p><meta charset=\"utf-8\"><\/p>\n\n\n\n<p>Obtenga m\u00e1s informaci\u00f3n sobre nuestras soluciones qu\u00edmicas especiales EPCM: <a href=\"https:\/\/www.epcm.com\/contact-us\/\" target=\"_blank\" rel=\"noreferrer noopener\"><\/a><a href=\"https:\/\/www.epcm.com\/es\/contactenos\/\">cont\u00e1ctenos<\/a><\/p>\n<\/div>\n<\/div>\n<\/div><\/div>\n\n\n\n<div class=\"wp-block-group alignfull\"><div class=\"wp-block-group__inner-container is-layout-flow wp-block-group-is-layout-flow\">\n<div class=\"wp-block-columns my-5 is-style-default is-layout-flex wp-container-core-columns-is-layout-9d6595d7 wp-block-columns-is-layout-flex\">\n<div class=\"wp-block-column is-layout-flow wp-block-column-is-layout-flow\">\n<div class=\"wp-block-buttons is-layout-flex wp-block-buttons-is-layout-flex\">\n<div class=\"wp-block-button has-custom-width wp-block-button__width-100 is-style-industry\"><a class=\"wp-block-button__link has-theme-default-color has-theme-light-background-color has-text-color has-background no-border-radius wp-element-button\" href=\"https:\/\/www.epcm.com\/es\/industrias\/productos-quimicos-especiales\/servicios-de-ingenieria\/\">Ingenier\u00eda<\/a><\/div>\n<\/div>\n<\/div>\n\n\n\n<div class=\"wp-block-column is-layout-flow wp-block-column-is-layout-flow\">\n<div class=\"wp-block-buttons is-layout-flex wp-block-buttons-is-layout-flex\">\n<div class=\"wp-block-button has-custom-width wp-block-button__width-100 is-style-industry\"><a class=\"wp-block-button__link has-theme-default-color has-theme-light-background-color has-text-color has-background no-border-radius wp-element-button\" href=\"https:\/\/www.epcm.com\/es\/industrias\/productos-quimicos-especiales\/automatizacion-del-manejo-de-materiales\/\">Automatizaci\u00f3n<\/a><\/div>\n<\/div>\n<\/div>\n\n\n\n<div class=\"wp-block-column is-layout-flow wp-block-column-is-layout-flow\">\n<div class=\"wp-block-buttons is-layout-flex wp-block-buttons-is-layout-flex\">\n<div class=\"wp-block-button has-custom-width wp-block-button__width-100 is-style-industry\"><a class=\"wp-block-button__link has-theme-default-color has-theme-light-background-color has-text-color has-background no-border-radius wp-element-button\" href=\"https:\/\/www.epcm.com\/es\/industrias\/productos-quimicos-especiales\/servicio-y-suministro\/\">Servicio y suministro<\/a><\/div>\n<\/div>\n<\/div>\n<\/div>\n<\/div><\/div>\n\n\n\n<div class=\"wp-block-group alignfull is-style-default has-theme-white-color has-theme-primary-background-color has-text-color has-background\"><div class=\"wp-block-group__inner-container is-layout-flow wp-block-group-is-layout-flow\">\n<div class=\"wp-block-columns mb-0 is-style-w-50 is-layout-flex wp-container-core-columns-is-layout-9d6595d7 wp-block-columns-is-layout-flex\">\n<div class=\"wp-block-column is-layout-flow wp-block-column-is-layout-flow\">\n<hr class=\"wp-block-separator has-text-color has-theme-white-color has-css-opacity has-theme-white-background-color has-background is-style-wide mt-0\"\/>\n\n\n\n<blockquote class=\"wp-block-quote is-style-large is-layout-flow wp-block-quote-is-layout-flow\">\n<p><em><em>Al poder tener discusiones profundas, frustrantes a veces pero siempre agradables, pudimos llegar a la conclusi\u00f3n correcta. Todos sintieron que se escucharon sus opiniones y llegamos a un buen estado final<\/em>.<\/em><\/p>\n<cite>Fabricante Norte Americano de Pinturas Especiales, Gerente Tecnico<\/cite><\/blockquote>\n<\/div>\n<\/div>\n<\/div><\/div>\n\n\n\n<div class=\"wp-block-group alignfull has-theme-white-background-color has-background\"><div class=\"wp-block-group__inner-container is-layout-flow wp-block-group-is-layout-flow\"><\/div><\/div>\n","protected":false},"excerpt":{"rendered":"<p>Soluciones de productos qu\u00edmicos especiales The EPCM Group tienen un historial establecido de trabajo con clientes l\u00edderes en productos qu\u00edmicos&#8230;<\/p>\n","protected":false},"author":4,"featured_media":0,"parent":2914,"menu_order":0,"comment_status":"closed","ping_status":"closed","template":"","meta":{"_mo_disable_npp":"","footnotes":""},"class_list":["post-2941","page","type-page","status-publish","hentry"],"_links":{"self":[{"href":"https:\/\/www.epcm.com\/es\/wp-json\/wp\/v2\/pages\/2941","targetHints":{"allow":["GET"]}}],"collection":[{"href":"https:\/\/www.epcm.com\/es\/wp-json\/wp\/v2\/pages"}],"about":[{"href":"https:\/\/www.epcm.com\/es\/wp-json\/wp\/v2\/types\/page"}],"author":[{"embeddable":true,"href":"https:\/\/www.epcm.com\/es\/wp-json\/wp\/v2\/users\/4"}],"replies":[{"embeddable":true,"href":"https:\/\/www.epcm.com\/es\/wp-json\/wp\/v2\/comments?post=2941"}],"version-history":[{"count":7,"href":"https:\/\/www.epcm.com\/es\/wp-json\/wp\/v2\/pages\/2941\/revisions"}],"predecessor-version":[{"id":3414,"href":"https:\/\/www.epcm.com\/es\/wp-json\/wp\/v2\/pages\/2941\/revisions\/3414"}],"up":[{"embeddable":true,"href":"https:\/\/www.epcm.com\/es\/wp-json\/wp\/v2\/pages\/2914"}],"wp:attachment":[{"href":"https:\/\/www.epcm.com\/es\/wp-json\/wp\/v2\/media?parent=2941"}],"curies":[{"name":"wp","href":"https:\/\/api.w.org\/{rel}","templated":true}]}}