{"id":2935,"date":"2021-04-20T10:32:51","date_gmt":"2021-04-20T14:32:51","guid":{"rendered":"https:\/\/www.epcm.com\/industrias\/mining-mineral-processing\/"},"modified":"2024-04-03T14:46:53","modified_gmt":"2024-04-03T18:46:53","slug":"mineria-y-procesamiento-de-minerales-mmp","status":"publish","type":"page","link":"https:\/\/www.epcm.com\/es\/industrias\/mineria-y-procesamiento-de-minerales-mmp\/","title":{"rendered":"Miner\u00eda y procesamiento de minerales"},"content":{"rendered":"\n<div class=\"wp-block-group alignfull has-theme-white-background-color has-background\"><div class=\"wp-block-group__inner-container is-layout-flow wp-block-group-is-layout-flow\">\n<h2 class=\"wp-block-heading has-theme-primary-color has-text-color has-30-font-size\" id=\"mineral-processing-tankhouse-automation-solutions\">Soluciones de automatizaci\u00f3n de dep\u00f3sitos y procesamiento de minerales<\/h2>\n\n\n\n<div class=\"wp-block-columns justify-content-between mb-0 is-layout-flex wp-container-core-columns-is-layout-9d6595d7 wp-block-columns-is-layout-flex\">\n<div class=\"wp-block-column is-layout-flow wp-block-column-is-layout-flow\" style=\"flex-basis:50%\">\n<p>The EPCM Group es un proveedor l\u00edder para las industrias de electroobtenci\u00f3n y electrorefinaci\u00f3n a nivel mundial, que se especializa en soluciones de procesamiento de minerales y automatizaci\u00f3n de tanques. Con m\u00e1s de cuatro d\u00e9cadas de experiencia en miner\u00eda y procesamiento de minerales, tenemos una gran experiencia que abarca cobre, n\u00edquel, zinc, cobalto, cemento, yeso, cal, sal, magnesio y otros metales ligeros. Dise\u00f1amos, fabricamos y reparamos c\u00e1todos, con m\u00e1s de 1 mill\u00f3n de c\u00e1todos en funcionamiento en seis continentes en la actualidad<\/p>\n<\/div>\n\n\n\n<div class=\"wp-block-column is-layout-flow wp-block-column-is-layout-flow\" style=\"flex-basis:18%\">\n<div class=\"wp-block-buttons is-vertical is-content-justification-left is-layout-flex wp-container-core-buttons-is-layout-c0ca7d81 wp-block-buttons-is-layout-flex\">\n<div class=\"wp-block-button is-style-link\"><a class=\"wp-block-button__link has-theme-primary-color has-theme-primary-light-background-color has-text-color has-background wp-element-button\" href=\"https:\/\/www.epcm.com\/es\/blog\/\">BLOG<\/a><\/div>\n\n\n\n<div class=\"wp-block-button is-style-link\"><a class=\"wp-block-button__link has-theme-primary-color has-theme-primary-light-background-color has-text-color has-background wp-element-button\" href=\"https:\/\/www.epcm.com\/es\/proyectos\/\">PROYECTOS<\/a><\/div>\n\n\n\n<div class=\"wp-block-button is-style-link\"><a class=\"wp-block-button__link has-theme-primary-color has-theme-primary-light-background-color has-text-color has-background wp-element-button\" href=\"https:\/\/www.epcm.com\/es\/contactenos\/\">CONT\u00c1CTENOS<\/a><\/div>\n<\/div>\n<\/div>\n<\/div>\n<\/div><\/div>\n\n\n\n<div class=\"wp-block-group alignfull is-style-image-overflow-left has-theme-light-background-color has-background\"><div class=\"wp-block-group__inner-container is-layout-flow wp-block-group-is-layout-flow\">\n<div class=\"wp-block-columns is-layout-flex wp-container-core-columns-is-layout-9d6595d7 wp-block-columns-is-layout-flex\">\n<div class=\"wp-block-column is-layout-flow wp-block-column-is-layout-flow\">\n<figure class=\"wp-block-image size-large\"><img loading=\"lazy\" decoding=\"async\" width=\"1024\" height=\"768\" src=\"http:\/\/www.epcm.com\/wp-content\/uploads\/2021\/05\/EPCM_Mining-1024x768.jpg\" alt=\"Mining and Mineral Processing Solutions - EPCM\" class=\"wp-image-1106\" title=\"- -\" srcset=\"https:\/\/www.epcm.com\/wp-content\/uploads\/2021\/05\/EPCM_Mining-1024x768.jpg 1024w, https:\/\/www.epcm.com\/wp-content\/uploads\/2021\/05\/EPCM_Mining-300x225.jpg 300w, https:\/\/www.epcm.com\/wp-content\/uploads\/2021\/05\/EPCM_Mining-768x576.jpg 768w, https:\/\/www.epcm.com\/wp-content\/uploads\/2021\/05\/EPCM_Mining.jpg 1280w\" sizes=\"auto, (max-width: 1024px) 100vw, 1024px\" \/><\/figure>\n<\/div>\n\n\n\n<div class=\"wp-block-column is-layout-flow wp-block-column-is-layout-flow\">\n<h2 class=\"wp-block-heading has-theme-primary-color has-text-color has-26-font-size\" id=\"tankhouse-automation-modernization\">Automatizaci\u00f3n y modernizaci\u00f3n de la casa de tanques<\/h2>\n\n\n\n<p>Con 50 clientes de tanques de metal com\u00fan en 10 pa\u00edses y m\u00e1s de 60 sistemas de automatizaci\u00f3n en funcionamiento en todo el mundo, conocemos bien los desaf\u00edos relacionados con su entorno y sus operaciones. Combinamos los conocimientos que hemos adquirido en el camino con el pensamiento inventivo para enfrentar esos desaf\u00edos de frente. Para usted, eso significa lograr, o incluso superar, sus objetivos comerciales, operativos y de seguridad.<\/p>\n\n\n\n<p>Obtenga m\u00e1s informaci\u00f3n sobre&nbsp;<a href=\"https:\/\/www.epcm.com\/es\/industrias\/mineria-y-procesamiento-de-minerales-mmp\/automatizacion-del-manejo-de-materiales-mmp\/automatizacion-de-tanques\/\">nuestras soluciones de automatizaci\u00f3n de tanques<\/a>&nbsp;y c\u00f3mo resolvemos problemas como bajo OEE, cobre que no se puede pelar, control de calidad y m\u00e1quinas de pelado de c\u00e1todos (CSM) dif\u00edciles de mantener.<\/p>\n<\/div>\n<\/div>\n<\/div><\/div>\n\n\n\n<div class=\"wp-block-group alignfull has-theme-white-background-color has-background\"><div class=\"wp-block-group__inner-container is-layout-flow wp-block-group-is-layout-flow\">\n<h2 class=\"wp-block-heading has-theme-primary-color has-text-color has-26-font-size\" id=\"end-to-end-integrated-solutions\">Soluciones integradas de principio a fin<\/h2>\n\n\n\n<div class=\"wp-block-columns is-layout-flex wp-container-core-columns-is-layout-9d6595d7 wp-block-columns-is-layout-flex\">\n<div class=\"wp-block-column is-layout-flow wp-block-column-is-layout-flow\" style=\"flex-basis:53%\">\n<p>Nuestras soluciones completas est\u00e1n dise\u00f1adas para disminuir sus costos generales y reducir las transferencias, al mismo tiempo que aumentan la calidad, la seguridad y la velocidad de ejecuci\u00f3n. Nuestra oferta integral incluye:<\/p>\n\n\n\n<ul class=\"wp-block-list\">\n<li><a href=\"https:\/\/www.epcm.com\/industries\/mining-mineral-processing\/engineering-services\/\" data-type=\"page\"><\/a><a href=\"https:\/\/www.epcm.com\/es\/industrias\/mineria-y-procesamiento-de-minerales-mmp\/servicios-de-ingenieria-mmp\/\">Servicios de consultor\u00eda de ingenier\u00eda<\/a><\/li>\n\n\n\n<li><a href=\"https:\/\/www.epcm.com\/industries\/mining-mineral-processing\/service-supply\/permanent-cathode-manufacturing\/\" data-type=\"page\" data-id=\"1965\"><\/a><a href=\"https:\/\/www.epcm.com\/es\/industrias\/mineria-y-procesamiento-de-minerales-mmp\/servicio-y-suministro-mmp\/fabricacion-de-catodos-permanentes\/\">Fabricaci\u00f3n de c\u00e1todos<\/a><\/li>\n\n\n\n<li><a href=\"https:\/\/www.epcm.com\/es\/industrias\/mineria-y-procesamiento-de-minerales-mmp\/servicio-y-suministro-mmp\/fabricacion-de-catodos-permanentes\/\">Fabricaci\u00f3n de c\u00e1todos<\/a><\/li>\n\n\n\n<li><a href=\"https:\/\/www.epcm.com\/es\/industrias\/mineria-y-procesamiento-de-minerales-mmp\/automatizacion-del-manejo-de-materiales-mmp\/\">Automatizaci\u00f3n del manejo de materiales a granel<\/a><\/li>\n\n\n\n<li><a href=\"https:\/\/www.epcm.com\/es\/industrias\/mineria-y-procesamiento-de-minerales-mmp\/servicio-y-suministro-mmp\/programas-de-servicio-y-mantenimiento-de-equipos\/\">Programas de servicio y mantenimiento de equipos<\/a><\/li>\n\n\n\n<li><a href=\"https:\/\/www.epcm.com\/es\/servicios\/servicio-y-suministro\/suministro-de-piezas-de-repuesto-oem\/\">Suministro de repuestos OEM<\/a><\/li>\n<\/ul>\n\n\n\n<p>Descubra c\u00f3mo nuestra experiencia en miner\u00eda y procesamiento de minerales puede ayudarlo a mejorar los resultados y mantener una ventaja competitiva: <a href=\"https:\/\/www.epcm.com\/es\/contactenos\/\">cont\u00e1ctenos<\/a>.<\/p>\n<\/div>\n<\/div>\n<\/div><\/div>\n\n\n\n<div class=\"wp-block-group alignfull has-theme-light-background-color has-background\"><div class=\"wp-block-group__inner-container is-layout-flow wp-block-group-is-layout-flow\">\n<div class=\"wp-block-columns is-layout-flex wp-container-core-columns-is-layout-9d6595d7 wp-block-columns-is-layout-flex\">\n<div class=\"wp-block-column is-layout-flow wp-block-column-is-layout-flow\" style=\"flex-basis:53%\">\n<h2 class=\"wp-block-heading has-theme-primary-color has-text-color has-26-font-size\" id=\"outsource-dull-dirty-and-dangerous-activities\">Subcontratar actividades aburridas, sucias y peligrosas<\/h2>\n\n\n\n<p class=\"is-style-default\">Aumente el rendimiento y disminuya los costos al permitir que EPCM maneje las tareas aburridas, sucias y peligrosas en su proceso de fabricaci\u00f3n.<\/p>\n\n\n\n<p class=\"is-style-default\">Obtenga&nbsp;<a href=\"https:\/\/www.epcm.com\/es\/industrias\/mineria-y-procesamiento-de-minerales-mmp\/servicio-y-suministro-mmp\/\">m\u00e1s informaci\u00f3n<\/a>&nbsp;sobre nuestras opciones de subcontrataci\u00f3n.<\/p>\n<\/div>\n<\/div>\n<\/div><\/div>\n\n\n\n<div class=\"wp-block-columns my-5 is-style-default is-layout-flex wp-container-core-columns-is-layout-9d6595d7 wp-block-columns-is-layout-flex\">\n<div class=\"wp-block-column is-layout-flow wp-block-column-is-layout-flow\">\n<div class=\"wp-block-buttons is-layout-flex wp-block-buttons-is-layout-flex\">\n<div class=\"wp-block-button has-custom-width wp-block-button__width-100 is-style-industry\"><a class=\"wp-block-button__link has-theme-default-color has-theme-light-background-color has-text-color has-background no-border-radius wp-element-button\" href=\"https:\/\/www.epcm.com\/es\/industrias\/mineria-y-procesamiento-de-minerales-mmp\/servicios-de-ingenieria-mmp\/\">Ingenier\u00eda<\/a><\/div>\n<\/div>\n<\/div>\n\n\n\n<div class=\"wp-block-column is-layout-flow wp-block-column-is-layout-flow\">\n<div class=\"wp-block-buttons is-layout-flex wp-block-buttons-is-layout-flex\">\n<div class=\"wp-block-button has-custom-width wp-block-button__width-100 is-style-industry\"><a class=\"wp-block-button__link has-theme-default-color has-theme-light-background-color has-text-color has-background no-border-radius wp-element-button\" href=\"https:\/\/www.epcm.com\/es\/industrias\/mineria-y-procesamiento-de-minerales-mmp\/automatizacion-del-manejo-de-materiales-mmp\/\">Automatizaci\u00f3n<\/a><\/div>\n<\/div>\n<\/div>\n\n\n\n<div class=\"wp-block-column is-layout-flow wp-block-column-is-layout-flow\">\n<div class=\"wp-block-buttons is-layout-flex wp-block-buttons-is-layout-flex\">\n<div class=\"wp-block-button has-custom-width wp-block-button__width-100 is-style-industry\"><a class=\"wp-block-button__link has-theme-default-color has-theme-light-background-color has-text-color has-background no-border-radius wp-element-button\" href=\"https:\/\/www.epcm.com\/es\/industrias\/mineria-y-procesamiento-de-minerales-mmp\/servicio-y-suministro-mmp\/\">Servicio y Suministro<\/a><\/div>\n<\/div>\n<\/div>\n<\/div>\n\n\n\n<div class=\"wp-block-group alignfull is-style-default has-theme-white-color has-theme-primary-background-color has-text-color has-background\"><div class=\"wp-block-group__inner-container is-layout-flow wp-block-group-is-layout-flow\">\n<div class=\"wp-block-columns mb-0 is-style-w-50 is-layout-flex wp-container-core-columns-is-layout-9d6595d7 wp-block-columns-is-layout-flex\">\n<div class=\"wp-block-column is-layout-flow wp-block-column-is-layout-flow\">\n<hr class=\"wp-block-separator has-text-color has-theme-white-color has-css-opacity has-theme-white-background-color has-background is-style-wide mt-0\"\/>\n\n\n\n<blockquote class=\"wp-block-quote is-style-large is-layout-flow wp-block-quote-is-layout-flow\">\n<p>The EPCM Group <em><em>ha brindado soporte diario a nuestra m\u00e1quina desforradora de c\u00e1todos durante m\u00e1s de 10 a\u00f1os. Desde que comenzaron, han aumentado el OEEE y brindan soporte confiable de manera constante, incluidas revisiones importantes y actualizaciones de equipos\u201d.<\/em><\/em><\/p>\n<cite>Gerente de la Casa de Tanques de Am\u00e9rica del Sur<\/cite><\/blockquote>\n<\/div>\n<\/div>\n<\/div><\/div>\n\n\n\n<div class=\"wp-block-group alignfull has-theme-white-background-color has-background\"><div class=\"wp-block-group__inner-container is-layout-flow wp-block-group-is-layout-flow\"><\/div><\/div>\n","protected":false},"excerpt":{"rendered":"<p>Soluciones de automatizaci\u00f3n de dep\u00f3sitos y procesamiento de minerales The EPCM Group es un proveedor l\u00edder para las industrias de&#8230;<\/p>\n","protected":false},"author":4,"featured_media":0,"parent":2914,"menu_order":0,"comment_status":"closed","ping_status":"closed","template":"","meta":{"_mo_disable_npp":"","footnotes":""},"class_list":["post-2935","page","type-page","status-publish","hentry"],"_links":{"self":[{"href":"https:\/\/www.epcm.com\/es\/wp-json\/wp\/v2\/pages\/2935","targetHints":{"allow":["GET"]}}],"collection":[{"href":"https:\/\/www.epcm.com\/es\/wp-json\/wp\/v2\/pages"}],"about":[{"href":"https:\/\/www.epcm.com\/es\/wp-json\/wp\/v2\/types\/page"}],"author":[{"embeddable":true,"href":"https:\/\/www.epcm.com\/es\/wp-json\/wp\/v2\/users\/4"}],"replies":[{"embeddable":true,"href":"https:\/\/www.epcm.com\/es\/wp-json\/wp\/v2\/comments?post=2935"}],"version-history":[{"count":6,"href":"https:\/\/www.epcm.com\/es\/wp-json\/wp\/v2\/pages\/2935\/revisions"}],"predecessor-version":[{"id":3413,"href":"https:\/\/www.epcm.com\/es\/wp-json\/wp\/v2\/pages\/2935\/revisions\/3413"}],"up":[{"embeddable":true,"href":"https:\/\/www.epcm.com\/es\/wp-json\/wp\/v2\/pages\/2914"}],"wp:attachment":[{"href":"https:\/\/www.epcm.com\/es\/wp-json\/wp\/v2\/media?parent=2935"}],"curies":[{"name":"wp","href":"https:\/\/api.w.org\/{rel}","templated":true}]}}