{"id":2927,"date":"2021-04-20T10:32:09","date_gmt":"2021-04-20T14:32:09","guid":{"rendered":"https:\/\/www.epcm.com\/industrias\/agricultural-chemicals\/"},"modified":"2024-03-29T14:56:12","modified_gmt":"2024-03-29T18:56:12","slug":"productos-quimicos-agricola","status":"publish","type":"page","link":"https:\/\/www.epcm.com\/es\/industrias\/productos-quimicos-agricola\/","title":{"rendered":"Productos qu\u00edmicos agr\u00edcola"},"content":{"rendered":"\n<div class=\"wp-block-group alignfull has-theme-white-background-color has-background\"><div class=\"wp-block-group__inner-container is-layout-flow wp-block-group-is-layout-flow\">\n<h2 class=\"wp-block-heading has-theme-primary-color has-text-color has-30-font-size\" id=\"agricultural-chemicals-solutions\">Soluciones de productos qu\u00edmicos agr\u00edcola<\/h2>\n\n\n\n<div class=\"wp-block-columns justify-content-between is-layout-flex wp-container-core-columns-is-layout-9d6595d7 wp-block-columns-is-layout-flex\">\n<div class=\"wp-block-column is-layout-flow wp-block-column-is-layout-flow\" style=\"flex-basis:50%\">\n<p>Con m\u00e1s de 40 a\u00f1os de experiencia implementando y optimizando procesos industriales, The EPCM Group se destaca en el desarrollo de soluciones innovadoras que mejoran el rendimiento y la seguridad.<\/p>\n<\/div>\n\n\n\n<div class=\"wp-block-column is-layout-flow wp-block-column-is-layout-flow\" style=\"flex-basis:18%\">\n<div class=\"wp-block-buttons is-vertical is-content-justification-left is-layout-flex wp-container-core-buttons-is-layout-c0ca7d81 wp-block-buttons-is-layout-flex\">\n<div class=\"wp-block-button is-style-link\"><a class=\"wp-block-button__link has-theme-primary-color has-theme-primary-light-background-color has-text-color has-background wp-element-button\" href=\"https:\/\/www.epcm.com\/es\/blog\/\">BLOG<\/a><\/div>\n\n\n\n<div class=\"wp-block-button is-style-link\"><a class=\"wp-block-button__link has-theme-primary-color has-theme-primary-light-background-color has-text-color has-background wp-element-button\" href=\"https:\/\/www.epcm.com\/es\/proyectos\/\">PROYECTOS<\/a><\/div>\n\n\n\n<div class=\"wp-block-button is-style-link\"><a class=\"wp-block-button__link has-theme-primary-color has-theme-primary-light-background-color has-text-color has-background wp-element-button\" href=\"https:\/\/www.epcm.com\/es\/contactenos\/\">CONT\u00c1CTENOS<\/a><\/div>\n<\/div>\n<\/div>\n<\/div>\n<\/div><\/div>\n\n\n\n<div class=\"wp-block-group alignfull is-style-image-overflow-left has-theme-light-background-color has-background\"><div class=\"wp-block-group__inner-container is-layout-flow wp-block-group-is-layout-flow\">\n<div class=\"wp-block-columns is-layout-flex wp-container-core-columns-is-layout-9d6595d7 wp-block-columns-is-layout-flex\">\n<div class=\"wp-block-column is-layout-flow wp-block-column-is-layout-flow\">\n<figure class=\"wp-block-image size-large\"><img loading=\"lazy\" decoding=\"async\" width=\"640\" height=\"480\" src=\"http:\/\/www.epcm.com\/wp-content\/uploads\/2021\/05\/EPCM_AgriculturalChemicals.jpg\" alt=\"Agricultural Chemicals - Solutions from EPCM\" class=\"wp-image-1108\" title=\"- -\" srcset=\"https:\/\/www.epcm.com\/wp-content\/uploads\/2021\/05\/EPCM_AgriculturalChemicals.jpg 640w, https:\/\/www.epcm.com\/wp-content\/uploads\/2021\/05\/EPCM_AgriculturalChemicals-300x225.jpg 300w\" sizes=\"auto, (max-width: 640px) 100vw, 640px\" \/><\/figure>\n\n\n\n<p><\/p>\n<\/div>\n\n\n\n<div class=\"wp-block-column is-layout-flow wp-block-column-is-layout-flow\">\n<h2 class=\"wp-block-heading has-theme-primary-color has-text-color has-26-font-size\" id=\"benefit-from-our-wealth-of-plant-operations-expertise\">Benef\u00edciese de nuestra amplia experiencia en operaciones de planta<\/h2>\n\n\n\n<p>En The EPCM Group, conocemos de primera mano las importantes presiones involucradas en las operaciones de la planta. Nuestra experiencia en la entrega de proyectos se basa en d\u00e9cadas de experiencia tanto en la operaci\u00f3n de nuestras propias plantas como en la optimizaci\u00f3n de las instalaciones de los clientes.<\/p>\n\n\n\n<p>Es por eso que comenzamos los proyectos de los clientes con objetivos y entregables claramente definidos, y adaptamos nuestro enfoque, dise\u00f1o y resultados para cumplir con los objetivos del cliente. Para garantizar el \u00e9xito del proyecto, nos aseguramos de que nuestro enfoque est\u00e9 alineado con el enfoque de nuestro cliente, desde el concepto hasta la finalizaci\u00f3n.<\/p>\n<\/div>\n<\/div>\n<\/div><\/div>\n\n\n\n<div class=\"wp-block-group alignfull has-theme-white-background-color has-background\"><div class=\"wp-block-group__inner-container is-layout-flow wp-block-group-is-layout-flow\">\n<div class=\"wp-block-columns mb-0 is-layout-flex wp-container-core-columns-is-layout-9d6595d7 wp-block-columns-is-layout-flex\">\n<div class=\"wp-block-column is-layout-flow wp-block-column-is-layout-flow\" style=\"flex-basis:45%\">\n<h2 class=\"wp-block-heading has-theme-primary-color has-text-color has-26-font-size\" id=\"turnkey-solutions-that-optimize-performance-and-safety\">Soluciones llave en mano que optimizan el rendimiento y la seguridad<\/h2>\n<\/div>\n<\/div>\n\n\n\n<div class=\"wp-block-columns is-layout-flex wp-container-core-columns-is-layout-9d6595d7 wp-block-columns-is-layout-flex\">\n<div class=\"wp-block-column is-layout-flow wp-block-column-is-layout-flow\">\n<p>Trabajando en estrecha colaboraci\u00f3n con nuestros equipos de Automatizaci\u00f3n y Servicio y Suministro, ofrecemos soluciones integrales llave en mano, que incluyen:<\/p>\n\n\n\n<ul class=\"wp-block-list\">\n<li>Servicios de Ingenieria<\/li>\n\n\n\n<li>Automatizaci\u00f3n de procesos<\/li>\n\n\n\n<li>Escaneo l\u00e1ser 3D<\/li>\n\n\n\n<li>Sistemas de visi\u00f3n<\/li>\n\n\n\n<li>Optimizaci\u00f3n de Plantas de Proceso<\/li>\n<\/ul>\n\n\n\n<p><\/p>\n\n\n\n<p><\/p>\n<\/div>\n\n\n\n<div class=\"wp-block-column is-layout-flow wp-block-column-is-layout-flow\">\n<p>Nuestro equipo interno de expertos en procesos est\u00e1 equipado con experiencia espec\u00edfica de la industria para ayudar a los clientes con:<\/p>\n\n\n\n<ul class=\"wp-block-list\">\n<li>Mejora de la seguridad<\/li>\n\n\n\n<li>Aumentar el tiempo de actividad y el rendimiento general<\/li>\n\n\n\n<li>Disminuci\u00f3n de los costos operativos<\/li>\n\n\n\n<li>Control de peligros<\/li>\n\n\n\n<li>Paradas por modificaciones, mantenimiento y construcci\u00f3n<\/li>\n\n\n\n<li>Prolongaci\u00f3n de la vida de las plantas<\/li>\n<\/ul>\n\n\n\n<p>Conozca m\u00e1s sobre nuestras soluciones EPCM de productos qu\u00edmicos agr\u00edcolas: <a href=\"https:\/\/www.epcm.com\/es\/contactenos\/\" target=\"_blank\" rel=\"noreferrer noopener\">cont\u00e1ctenos<\/a><\/p>\n<\/div>\n<\/div>\n\n\n\n<div class=\"wp-block-columns my-5 is-layout-flex wp-container-core-columns-is-layout-9d6595d7 wp-block-columns-is-layout-flex\">\n<div class=\"wp-block-column is-layout-flow wp-block-column-is-layout-flow\">\n<div class=\"wp-block-buttons is-layout-flex wp-block-buttons-is-layout-flex\">\n<div class=\"wp-block-button has-custom-width wp-block-button__width-100 is-style-industry\"><a class=\"wp-block-button__link has-theme-default-color has-theme-light-background-color has-text-color has-background no-border-radius wp-element-button\" href=\"https:\/\/www.epcm.com\/es\/industrias\/productos-quimicos-agricola\/servicios-de-ingenieria\/\">Ingenier\u00eda<\/a><\/div>\n<\/div>\n<\/div>\n\n\n\n<div class=\"wp-block-column is-layout-flow wp-block-column-is-layout-flow\">\n<div class=\"wp-block-buttons is-layout-flex wp-block-buttons-is-layout-flex\">\n<div class=\"wp-block-button has-custom-width wp-block-button__width-100 is-style-industry\"><a class=\"wp-block-button__link has-theme-default-color has-theme-light-background-color has-text-color has-background no-border-radius wp-element-button\" href=\"https:\/\/www.epcm.com\/es\/industrias\/productos-quimicos-agricola\/automatizacion-del-manejo-de-materiales\/\">Automatizaci\u00f3n<\/a><\/div>\n<\/div>\n<\/div>\n\n\n\n<div class=\"wp-block-column is-layout-flow wp-block-column-is-layout-flow\">\n<div class=\"wp-block-buttons is-layout-flex wp-block-buttons-is-layout-flex\">\n<div class=\"wp-block-button has-custom-width wp-block-button__width-100 is-style-industry\"><a class=\"wp-block-button__link has-theme-default-color has-theme-light-background-color has-text-color has-background no-border-radius wp-element-button\" href=\"https:\/\/www.epcm.com\/es\/industrias\/productos-quimicos-agricola\/servicio-y-suministro\/\">Servicio y suministro<\/a><\/div>\n<\/div>\n<\/div>\n<\/div>\n<\/div><\/div>\n\n\n\n<div class=\"wp-block-group alignfull is-style-default has-theme-white-color has-theme-primary-background-color has-text-color has-background\"><div class=\"wp-block-group__inner-container is-layout-flow wp-block-group-is-layout-flow\">\n<div class=\"wp-block-columns mb-0 is-style-w-50 is-layout-flex wp-container-core-columns-is-layout-9d6595d7 wp-block-columns-is-layout-flex\">\n<div class=\"wp-block-column is-layout-flow wp-block-column-is-layout-flow\">\n<hr class=\"wp-block-separator has-text-color has-theme-white-color has-css-opacity has-theme-white-background-color has-background is-style-wide mt-0\"\/>\n\n\n\n<blockquote class=\"wp-block-quote is-style-large is-layout-flow wp-block-quote-is-layout-flow\">\n<p><em><em>Fue una buena experiencia. Las cosas fueron muy bien. Incluso cuando hab\u00edan obst\u00e1culos, EPCM siempre ten\u00eda una soluci\u00f3n.<\/em><\/em><\/p>\n<cite>Procesador de Petr\u00f3leo Rio Abajo de Am\u00e9rica del Norte, Ingeniero de Proyectos<\/cite><\/blockquote>\n<\/div>\n<\/div>\n<\/div><\/div>\n\n\n\n<div class=\"wp-block-group alignfull has-theme-white-background-color has-background\"><div class=\"wp-block-group__inner-container is-layout-flow wp-block-group-is-layout-flow\">\n<p class=\"has-text-align-center mb-0 has-26-font-size\"><\/p>\n<\/div><\/div>\n","protected":false},"excerpt":{"rendered":"<p>Soluciones de productos qu\u00edmicos agr\u00edcola Con m\u00e1s de 40 a\u00f1os de experiencia implementando y optimizando procesos industriales, The EPCM Group&#8230;<\/p>\n","protected":false},"author":4,"featured_media":0,"parent":2914,"menu_order":0,"comment_status":"closed","ping_status":"closed","template":"","meta":{"_mo_disable_npp":"","footnotes":""},"class_list":["post-2927","page","type-page","status-publish","hentry"],"_links":{"self":[{"href":"https:\/\/www.epcm.com\/es\/wp-json\/wp\/v2\/pages\/2927","targetHints":{"allow":["GET"]}}],"collection":[{"href":"https:\/\/www.epcm.com\/es\/wp-json\/wp\/v2\/pages"}],"about":[{"href":"https:\/\/www.epcm.com\/es\/wp-json\/wp\/v2\/types\/page"}],"author":[{"embeddable":true,"href":"https:\/\/www.epcm.com\/es\/wp-json\/wp\/v2\/users\/4"}],"replies":[{"embeddable":true,"href":"https:\/\/www.epcm.com\/es\/wp-json\/wp\/v2\/comments?post=2927"}],"version-history":[{"count":6,"href":"https:\/\/www.epcm.com\/es\/wp-json\/wp\/v2\/pages\/2927\/revisions"}],"predecessor-version":[{"id":3376,"href":"https:\/\/www.epcm.com\/es\/wp-json\/wp\/v2\/pages\/2927\/revisions\/3376"}],"up":[{"embeddable":true,"href":"https:\/\/www.epcm.com\/es\/wp-json\/wp\/v2\/pages\/2914"}],"wp:attachment":[{"href":"https:\/\/www.epcm.com\/es\/wp-json\/wp\/v2\/media?parent=2927"}],"curies":[{"name":"wp","href":"https:\/\/api.w.org\/{rel}","templated":true}]}}