{"id":2920,"date":"2021-04-14T17:58:42","date_gmt":"2021-04-14T21:58:42","guid":{"rendered":"https:\/\/www.epcm.com\/industries\/oil-gas\/"},"modified":"2024-03-29T14:53:54","modified_gmt":"2024-03-29T18:53:54","slug":"petroleo-y-gas","status":"publish","type":"page","link":"https:\/\/www.epcm.com\/es\/industrias\/petroleo-y-gas\/","title":{"rendered":"Petr\u00f3leo y gas"},"content":{"rendered":"\n<div class=\"wp-block-group alignfull has-theme-white-background-color has-background\"><div class=\"wp-block-group__inner-container is-layout-flow wp-block-group-is-layout-flow\">\n<h2 class=\"wp-block-heading has-theme-primary-color has-text-color has-30-font-size\" id=\"oil-gas-industry-solutions\">Soluciones para la industria del petr\u00f3leo y el gas<\/h2>\n\n\n\n<div class=\"wp-block-columns mb-0 is-layout-flex wp-container-core-columns-is-layout-9d6595d7 wp-block-columns-is-layout-flex\">\n<div class=\"wp-block-column is-layout-flow wp-block-column-is-layout-flow\" style=\"flex-basis:50%\">\n<p>The EPCM Group ha apoyado exitosamente a clientes en la Industria del Petr\u00f3leo y Gas y en las Industrias de Refinaci\u00f3n de Petr\u00f3leo por m\u00e1s de 40 a\u00f1os. Con nuestra amplia experiencia industrial, nos especializamos en brindar soluciones innovadoras que lo ayuden a optimizar las decisiones cr\u00edticas y mejorar el rendimiento.<\/p>\n<\/div>\n\n\n\n<div class=\"wp-block-column is-layout-flow wp-block-column-is-layout-flow\">\n<p>Nuestra experiencia en proyectos incluye:<\/p>\n\n\n\n<ul class=\"wp-block-list\">\n<li>Instalaciones de producci\u00f3n de petr\u00f3leo y gas<\/li>\n\n\n\n<li>Arenas petrol\u00edferas<\/li>\n\n\n\n<li>Procesamiento y tratamiento de gas<\/li>\n\n\n\n<li>Instalaciones de productos qu\u00edmicos b\u00e1sicos<\/li>\n\n\n\n<li>Refinaci\u00f3n del petr\u00f3leo<\/li>\n\n\n\n<li>Refinaci\u00f3n de pol\u00edmeros<\/li>\n\n\n\n<li>Oleoqu\u00edmicos<\/li>\n\n\n\n<li>Mejoramiento de bet\u00fan<\/li>\n\n\n\n<li>Infraestructura del sitio<\/li>\n\n\n\n<li>Instalaciones\/servicios p\u00fablicos<\/li>\n<\/ul>\n<\/div>\n\n\n\n<div class=\"wp-block-column is-layout-flow wp-block-column-is-layout-flow\" style=\"flex-basis:18%\">\n<div class=\"wp-block-buttons is-vertical is-content-justification-left is-layout-flex wp-container-core-buttons-is-layout-c0ca7d81 wp-block-buttons-is-layout-flex\">\n<div class=\"wp-block-button is-style-link\"><a class=\"wp-block-button__link has-theme-primary-color has-theme-primary-light-background-color has-text-color has-background wp-element-button\" href=\"https:\/\/www.epcm.com\/es\/blog\/\">Blog<\/a><\/div>\n\n\n\n<div class=\"wp-block-button is-style-link\"><a class=\"wp-block-button__link has-theme-primary-color has-theme-primary-light-background-color has-text-color has-background wp-element-button\" href=\"https:\/\/www.epcm.com\/es\/proyectos\/\">Proyectos<\/a><\/div>\n\n\n\n<div class=\"wp-block-button is-style-link\"><a class=\"wp-block-button__link has-theme-primary-color has-theme-primary-light-background-color has-text-color has-background wp-element-button\" href=\"https:\/\/www.epcm.com\/es\/contactenos\/\">CONT\u00c1CTENOS<\/a><\/div>\n<\/div>\n<\/div>\n<\/div>\n<\/div><\/div>\n\n\n\n<div class=\"wp-block-group alignfull is-style-image-overflow-left has-theme-light-background-color has-background\"><div class=\"wp-block-group__inner-container is-layout-flow wp-block-group-is-layout-flow\">\n<div class=\"wp-block-columns is-layout-flex wp-container-core-columns-is-layout-9d6595d7 wp-block-columns-is-layout-flex\">\n<div class=\"wp-block-column is-layout-flow wp-block-column-is-layout-flow\">\n<figure class=\"wp-block-image size-large\"><img loading=\"lazy\" decoding=\"async\" width=\"1024\" height=\"556\" src=\"http:\/\/www.epcm.com\/wp-content\/uploads\/2021\/05\/home-page-2-1-1024x556.jpg\" alt=\"Oil &amp; Gas Industry Solutions - EPCM\" class=\"wp-image-1104\" title=\"- -\" srcset=\"https:\/\/www.epcm.com\/wp-content\/uploads\/2021\/05\/home-page-2-1-1024x556.jpg 1024w, https:\/\/www.epcm.com\/wp-content\/uploads\/2021\/05\/home-page-2-1-300x163.jpg 300w, https:\/\/www.epcm.com\/wp-content\/uploads\/2021\/05\/home-page-2-1-768x417.jpg 768w, https:\/\/www.epcm.com\/wp-content\/uploads\/2021\/05\/home-page-2-1.jpg 1400w\" sizes=\"auto, (max-width: 1024px) 100vw, 1024px\" \/><\/figure>\n<\/div>\n\n\n\n<div class=\"wp-block-column is-layout-flow wp-block-column-is-layout-flow\">\n<h2 class=\"wp-block-heading has-theme-primary-color has-text-color has-26-font-size\" id=\"benefit-from-our-first-hand-plant-operations-expertise\">Benef\u00edciese de nuestra experiencia de primera mano en operaciones de planta<\/h2>\n\n\n\n<p>En The EPCM Group, tenemos conocimiento de primera mano de las presiones significativas del entorno de operaciones de una planta. Con d\u00e9cadas de experiencia tanto en la operaci\u00f3n de nuestras propias plantas como en la optimizaci\u00f3n de las instalaciones de los clientes, entendemos lo que implica un cambio exitoso.<\/p>\n\n\n\n<p>Es por eso que comenzamos los proyectos de los clientes con objetivos y entregables claramente definidos, y adaptamos nuestro enfoque, dise\u00f1o y resultados para cumplir con los objetivos del cliente. Para garantizar el \u00e9xito del proyecto, nos aseguramos de que nuestro enfoque est\u00e9 alineado con el enfoque de nuestro cliente, desde el concepto hasta la finalizaci\u00f3n.<\/p>\n<\/div>\n<\/div>\n<\/div><\/div>\n\n\n\n<div class=\"wp-block-group alignfull has-theme-white-background-color has-background\"><div class=\"wp-block-group__inner-container is-layout-flow wp-block-group-is-layout-flow\">\n<div class=\"wp-block-columns mb-0 is-layout-flex wp-container-core-columns-is-layout-9d6595d7 wp-block-columns-is-layout-flex\">\n<div class=\"wp-block-column is-layout-flow wp-block-column-is-layout-flow\" style=\"flex-basis:45%\">\n<h2 class=\"wp-block-heading is-style-default has-theme-primary-color has-text-color has-26-font-size\" id=\"turnkey-solutions-that-optimize-performance-and-safety\">Soluciones llave en mano que optimizan el rendimiento y la seguridad<\/h2>\n<\/div>\n<\/div>\n\n\n\n<div class=\"wp-block-columns is-layout-flex wp-container-core-columns-is-layout-9d6595d7 wp-block-columns-is-layout-flex\">\n<div class=\"wp-block-column is-layout-flow wp-block-column-is-layout-flow\">\n<p>Desde ingenier\u00eda de procesos hasta escaneo l\u00e1ser 3D, sistemas de visi\u00f3n y sistemas de automatizaci\u00f3n, ofrecemos soluciones integrales llave en mano. Trabajar estrechamente con nuestros equipos de Automatizaci\u00f3n y Servicio y Suministro. Nuestro equipo de expertos en procesos tiene experiencia espec\u00edfica en la industria para ayudar a los clientes a:<\/p>\n<\/div>\n\n\n\n<div class=\"wp-block-column is-layout-flow wp-block-column-is-layout-flow\">\n<ul class=\"wp-block-list\">\n<li>Reducir los costos operativos<\/li>\n\n\n\n<li>Mejorar la seguridad<\/li>\n\n\n\n<li>Procesos de descongesti\u00f3n<\/li>\n\n\n\n<li>Prolongar la vida de las plantas<\/li>\n\n\n\n<li>Mejorar el rendimiento y la confiabilidad de la planta<\/li>\n\n\n\n<li>Controlar los peligros<\/li>\n<\/ul>\n\n\n\n<p>Conozca m\u00e1s sobre nuestras soluciones petr\u00f3leo y gas EPCM: <a href=\"https:\/\/www.epcm.com\/es\/contactenos\/\" target=\"_blank\" rel=\"noreferrer noopener\">cont\u00e1ctenos<\/a><\/p>\n<\/div>\n<\/div>\n\n\n\n<div class=\"wp-block-columns my-5 is-layout-flex wp-container-core-columns-is-layout-9d6595d7 wp-block-columns-is-layout-flex\">\n<div class=\"wp-block-column is-layout-flow wp-block-column-is-layout-flow\">\n<div class=\"wp-block-buttons is-layout-flex wp-block-buttons-is-layout-flex\">\n<div class=\"wp-block-button has-custom-width wp-block-button__width-100 is-style-industry\"><a class=\"wp-block-button__link has-theme-default-color has-theme-light-background-color has-text-color has-background no-border-radius wp-element-button\" href=\"https:\/\/www.epcm.com\/es\/industrias\/petroleo-y-gas\/servicios-de-ingenieria\/\">Ingenier\u00eda<\/a><\/div>\n<\/div>\n<\/div>\n\n\n\n<div class=\"wp-block-column is-layout-flow wp-block-column-is-layout-flow\">\n<div class=\"wp-block-buttons is-layout-flex wp-block-buttons-is-layout-flex\">\n<div class=\"wp-block-button has-custom-width wp-block-button__width-100 is-style-industry\"><a class=\"wp-block-button__link has-theme-default-color has-theme-light-background-color has-text-color has-background no-border-radius wp-element-button\" href=\"https:\/\/www.epcm.com\/es\/industrias\/petroleo-y-gas\/automatizacion-del-manejo-de-materiales\/\">Automatizaci\u00f3n<\/a><\/div>\n<\/div>\n<\/div>\n\n\n\n<div class=\"wp-block-column is-layout-flow wp-block-column-is-layout-flow\">\n<div class=\"wp-block-buttons is-layout-flex wp-block-buttons-is-layout-flex\">\n<div class=\"wp-block-button has-custom-width wp-block-button__width-100 is-style-industry\"><a class=\"wp-block-button__link has-theme-default-color has-theme-light-background-color has-text-color has-background no-border-radius wp-element-button\" href=\"https:\/\/www.epcm.com\/es\/industrias\/petroleo-y-gas\/servicio-y-suministro\/\">Servicio y Suministro<\/a><\/div>\n<\/div>\n<\/div>\n<\/div>\n\n\n\n<div class=\"wp-block-group alignfull is-style-default has-theme-white-color has-theme-primary-background-color has-text-color has-background\"><div class=\"wp-block-group__inner-container is-layout-flow wp-block-group-is-layout-flow\">\n<div class=\"wp-block-columns mb-0 is-style-w-50 is-layout-flex wp-container-core-columns-is-layout-9d6595d7 wp-block-columns-is-layout-flex\">\n<div class=\"wp-block-column is-layout-flow wp-block-column-is-layout-flow\">\n<p><\/p>\n\n\n\n<blockquote class=\"wp-block-quote is-style-large is-layout-flow wp-block-quote-is-layout-flow\">\n<p><em><em><em><em>Una de las principales razones por las que optamos por EPCM es por su equipo de escaneo 3D. Es un verdadero diferenciador. Nos mostraron opciones sobre d\u00f3nde encajar\u00edan las cosas y d\u00f3nde se distribuir\u00eda todo<\/em><\/em>.<\/em><\/em><\/p>\n<cite>Procesador de Petr\u00f3leo Rio Abajo de Am\u00e9rica del Norte, Ingeniero de Proyectos<\/cite><\/blockquote>\n<\/div>\n<\/div>\n<\/div><\/div>\n<\/div><\/div>\n","protected":false},"excerpt":{"rendered":"<p>Soluciones para la industria del petr\u00f3leo y el gas The EPCM Group ha apoyado exitosamente a clientes en la Industria&#8230;<\/p>\n","protected":false},"author":4,"featured_media":0,"parent":2914,"menu_order":0,"comment_status":"closed","ping_status":"closed","template":"","meta":{"_mo_disable_npp":"","footnotes":""},"class_list":["post-2920","page","type-page","status-publish","hentry"],"_links":{"self":[{"href":"https:\/\/www.epcm.com\/es\/wp-json\/wp\/v2\/pages\/2920","targetHints":{"allow":["GET"]}}],"collection":[{"href":"https:\/\/www.epcm.com\/es\/wp-json\/wp\/v2\/pages"}],"about":[{"href":"https:\/\/www.epcm.com\/es\/wp-json\/wp\/v2\/types\/page"}],"author":[{"embeddable":true,"href":"https:\/\/www.epcm.com\/es\/wp-json\/wp\/v2\/users\/4"}],"replies":[{"embeddable":true,"href":"https:\/\/www.epcm.com\/es\/wp-json\/wp\/v2\/comments?post=2920"}],"version-history":[{"count":5,"href":"https:\/\/www.epcm.com\/es\/wp-json\/wp\/v2\/pages\/2920\/revisions"}],"predecessor-version":[{"id":3374,"href":"https:\/\/www.epcm.com\/es\/wp-json\/wp\/v2\/pages\/2920\/revisions\/3374"}],"up":[{"embeddable":true,"href":"https:\/\/www.epcm.com\/es\/wp-json\/wp\/v2\/pages\/2914"}],"wp:attachment":[{"href":"https:\/\/www.epcm.com\/es\/wp-json\/wp\/v2\/media?parent=2920"}],"curies":[{"name":"wp","href":"https:\/\/api.w.org\/{rel}","templated":true}]}}