{"id":2914,"date":"2021-04-14T10:18:50","date_gmt":"2021-04-14T14:18:50","guid":{"rendered":"https:\/\/www.epcm.com\/industries\/"},"modified":"2024-08-03T07:54:17","modified_gmt":"2024-08-03T11:54:17","slug":"industrias","status":"publish","type":"page","link":"https:\/\/www.epcm.com\/es\/industrias\/","title":{"rendered":"Industrias"},"content":{"rendered":"\n<div class=\"wp-block-group alignfull has-theme-white-background-color has-background\"><div class=\"wp-block-group__inner-container is-layout-flow wp-block-group-is-layout-flow\">\n<div class=\"wp-block-columns are-vertically-aligned-top justify-content-between is-layout-flex wp-container-core-columns-is-layout-9d6595d7 wp-block-columns-is-layout-flex\">\n<div class=\"wp-block-column is-vertically-aligned-top is-layout-flow wp-block-column-is-layout-flow\" style=\"flex-basis:66.66%\">\n<h1 class=\"wp-block-heading has-theme-primary-color has-text-color has-30-font-size\" id=\"end-to-end-solutions-with-global-capability\">Soluciones integrales con capacidad global<\/h1>\n\n\n\n<p>Brindamos ingenier\u00eda de consultor\u00eda, gesti\u00f3n de proyectos, sistemas de automatizaci\u00f3n integrados y soluciones de servicio y soporte de clase mundial en todo el mundo. Ya sea que trabaje de forma remota o en el sitio, nuestro enfoque est\u00e1 en el \u00e9xito del cliente.<\/p>\n\n\n\n<p>Como pensadores audaces, nos especializamos en desafiar las normas de la industria. Nuestro equipo multidisciplinario sobresale en la concepci\u00f3n y entrega de soluciones originales que mejoran la seguridad, la eficiencia y la rentabilidad en todas las industrias.<\/p>\n<\/div>\n\n\n\n<div class=\"wp-block-column is-vertically-aligned-top is-layout-flow wp-block-column-is-layout-flow\" style=\"flex-basis:20%\">\n<p><\/p>\n\n\n\n<div class=\"wp-block-buttons is-vertical is-content-justification-left is-layout-flex wp-container-core-buttons-is-layout-c0ca7d81 wp-block-buttons-is-layout-flex\">\n<div class=\"wp-block-button is-style-link\"><a class=\"wp-block-button__link has-theme-primary-color has-theme-primary-light-background-color has-text-color has-background wp-element-button\" href=\"https:\/\/www.epcm.com\/es\/proyectos\/\">Proyectos<\/a><\/div>\n\n\n\n<div class=\"wp-block-button is-style-link\"><a class=\"wp-block-button__link has-theme-primary-color has-theme-primary-light-background-color has-text-color has-background wp-element-button\" href=\"https:\/\/www.epcm.com\/es\/centro-de-recursos\/\">recursos<\/a><\/div>\n\n\n\n<div class=\"wp-block-button is-style-link\"><a class=\"wp-block-button__link has-theme-primary-color has-theme-primary-light-background-color has-text-color has-background wp-element-button\" href=\"https:\/\/www.epcm.com\/es\/proyectos\/\">CONT\u00c1CTENOS<\/a><\/div>\n<\/div>\n<\/div>\n<\/div>\n\n\n\n<div class=\"wp-block-group alignfull is-style-image-overflow-left overflow-hidden has-theme-light-background-color has-background\"><div class=\"wp-block-group__inner-container is-layout-flow wp-block-group-is-layout-flow\">\n<div class=\"wp-block-columns is-layout-flex wp-container-core-columns-is-layout-9d6595d7 wp-block-columns-is-layout-flex\">\n<div class=\"wp-block-column is-layout-flow wp-block-column-is-layout-flow\">\n<figure class=\"wp-block-image size-large\"><img loading=\"lazy\" decoding=\"async\" width=\"1000\" height=\"750\" src=\"http:\/\/www.epcm.com\/wp-content\/uploads\/2021\/05\/industry40.jpg\" alt=\"-\" class=\"wp-image-1147\" title=\"- -\" srcset=\"https:\/\/www.epcm.com\/wp-content\/uploads\/2021\/05\/industry40.jpg 1000w, https:\/\/www.epcm.com\/wp-content\/uploads\/2021\/05\/industry40-300x225.jpg 300w, https:\/\/www.epcm.com\/wp-content\/uploads\/2021\/05\/industry40-768x576.jpg 768w\" sizes=\"auto, (max-width: 1000px) 100vw, 1000px\" \/><\/figure>\n<\/div>\n\n\n\n<div class=\"wp-block-column is-layout-flow wp-block-column-is-layout-flow\">\n<h3 class=\"wp-block-heading has-theme-primary-color has-text-color has-26-font-size\" id=\"a-pioneer-in-natural-resource-automation\">Pionero en la automatizaci\u00f3n de recursos naturales<\/h3>\n\n\n\n<p>The EPCM Group introdujo hace d\u00e9cadas soluciones rob\u00f3ticas de manipulaci\u00f3n de materiales en la industria de los recursos naturales, revolucionando la productividad y la seguridad operativas. Basado en nuestro \u00e9xito inicial con&nbsp;<a href=\"https:\/\/www.tecnologiascobra.cl\/industries\/mining-mineral-processing\/material-handling-automation\/tankhouse-automation\/\" target=\"_blank\" rel=\"noopener\">la automatizaci\u00f3n de las casas de tanques<\/a>&nbsp;(m\u00e1quinas de extracci\u00f3n de c\u00e1todos (CSM), m\u00e1quinas de preparaci\u00f3n de \u00e1nodos (APM), lavado de chatarra de \u00e1nodos (ASW) y automatizaci\u00f3n de l\u00e1minas iniciales), las soluciones de automatizaci\u00f3n innovadoras de EPCM se utilizan en todos los aspectos de la electroobtenci\u00f3n global. y operaciones de electro-refinaci\u00f3n en la actualidad<\/p>\n<\/div>\n<\/div>\n<\/div><\/div>\n<\/div><\/div>\n\n\n\n<div class=\"wp-block-group alignfull p-0 has-theme-white-background-color has-background\"><div class=\"wp-block-group__inner-container is-layout-flow wp-block-group-is-layout-flow\">\n<div class=\"wp-block-columns is-layout-flex wp-container-core-columns-is-layout-9d6595d7 wp-block-columns-is-layout-flex\">\n<div class=\"wp-block-column is-layout-flow wp-block-column-is-layout-flow\" style=\"flex-basis:65%\">\n<h3 class=\"wp-block-heading has-theme-primary-color has-text-color has-26-font-size\" id=\"who-we-work-with\">Con qui\u00e9nes trabajamos<\/h3>\n\n\n\n<p>Tenemos d\u00e9cadas de experiencia en Miner\u00eda y Procesamiento de Minerales, Petr\u00f3leo y Gas, Productos Qu\u00edmicos Agr\u00edcolas y Especiales. Continuamos expandi\u00e9ndonos a mercados nuevos y emergentes, brindando conocimientos y soluciones comprobadas para impulsar la productividad operativa y la rentabilidad.<\/p>\n\n\n\n<p>Conozca c\u00f3mo nuestros conocimientos pueden ayudarlo a tener \u00e9xito en su industria: <a href=\"https:\/\/www.epcm.com\/contact-us\/\"><\/a><a href=\"https:\/\/www.tecnologiascobra.cl\/contact-us\/\" target=\"_blank\" rel=\"noopener\">Cont\u00e1ctenos<\/a><\/p>\n<\/div>\n<\/div>\n<\/div><\/div>\n\n\n\n<div class=\"wp-block-group pb-5\"><div class=\"wp-block-group__inner-container is-layout-flow wp-block-group-is-layout-flow\">\n<div class=\"wp-block-group pb-5\"><div class=\"wp-block-group__inner-container is-layout-flow wp-block-group-is-layout-flow\">\n<figure class=\"wp-block-gallery has-nested-images columns-4 mt-5 industry-gallery wp-block-gallery-1 is-layout-flex wp-block-gallery-is-layout-flex\">\n<figure class=\"wp-block-image size-large\"><img loading=\"lazy\" decoding=\"async\" width=\"1000\" height=\"1000\" data-id=\"1099\" src=\"http:\/\/www.tecnologiascobra.cl\/wp-content\/uploads\/2021\/05\/industries1.jpg\" alt=\"-\" class=\"wp-image-1099\" title=\"- -\" srcset=\"https:\/\/www.epcm.com\/wp-content\/uploads\/2021\/05\/industries1.jpg 1000w, https:\/\/www.epcm.com\/wp-content\/uploads\/2021\/05\/industries1-300x300.jpg 300w, https:\/\/www.epcm.com\/wp-content\/uploads\/2021\/05\/industries1-150x150.jpg 150w, https:\/\/www.epcm.com\/wp-content\/uploads\/2021\/05\/industries1-768x768.jpg 768w\" sizes=\"auto, (max-width: 1000px) 100vw, 1000px\" \/><figcaption class=\"wp-element-caption\"><a href=\"https:\/\/www.epcm.com\/es\/industrias\/petroleo-y-gas\/\" data-type=\"page\"><mark style=\"background-color:rgba(0, 0, 0, 0)\" class=\"has-inline-color has-theme-default-color\">Industria del petr\u00f3leo y el gas<\/mark><\/a><\/figcaption><\/figure>\n\n\n\n<figure class=\"wp-block-image size-large\"><img loading=\"lazy\" decoding=\"async\" width=\"1000\" height=\"1000\" data-id=\"1100\" src=\"http:\/\/www.tecnologiascobra.cl\/wp-content\/uploads\/2021\/05\/industries2.jpg\" alt=\"-\" class=\"wp-image-1100\" title=\"- -\" srcset=\"https:\/\/www.epcm.com\/wp-content\/uploads\/2021\/05\/industries2.jpg 1000w, https:\/\/www.epcm.com\/wp-content\/uploads\/2021\/05\/industries2-300x300.jpg 300w, https:\/\/www.epcm.com\/wp-content\/uploads\/2021\/05\/industries2-150x150.jpg 150w, https:\/\/www.epcm.com\/wp-content\/uploads\/2021\/05\/industries2-768x768.jpg 768w\" sizes=\"auto, (max-width: 1000px) 100vw, 1000px\" \/><figcaption class=\"wp-element-caption\"><a href=\"https:\/\/www.epcm.com\/es\/industrias\/productos-quimicos-agricola\/\" data-type=\"page\"><mark style=\"background-color:rgba(0, 0, 0, 0)\" class=\"has-inline-color has-theme-default-color\">Productos qu\u00edmicos agr\u00edcolas<\/mark><\/a><\/figcaption><\/figure>\n\n\n\n<figure class=\"wp-block-image size-large\"><img loading=\"lazy\" decoding=\"async\" width=\"1000\" height=\"1000\" data-id=\"1101\" src=\"http:\/\/www.tecnologiascobra.cl\/wp-content\/uploads\/2021\/05\/industries3.jpg\" alt=\"-\" class=\"wp-image-1101\" title=\"- -\" srcset=\"https:\/\/www.epcm.com\/wp-content\/uploads\/2021\/05\/industries3.jpg 1000w, https:\/\/www.epcm.com\/wp-content\/uploads\/2021\/05\/industries3-300x300.jpg 300w, https:\/\/www.epcm.com\/wp-content\/uploads\/2021\/05\/industries3-150x150.jpg 150w, https:\/\/www.epcm.com\/wp-content\/uploads\/2021\/05\/industries3-768x768.jpg 768w\" sizes=\"auto, (max-width: 1000px) 100vw, 1000px\" \/><figcaption class=\"wp-element-caption\"><a href=\"https:\/\/www.epcm.com\/es\/industrias\/mineria-y-procesamiento-de-minerales-mmp\/\" data-type=\"page\"><mark style=\"background-color:rgba(0, 0, 0, 0)\" class=\"has-inline-color has-theme-default-color\">Miner\u00eda y tratamiento de minerales<\/mark><\/a><\/figcaption><\/figure>\n\n\n\n<figure class=\"wp-block-image size-large\"><img loading=\"lazy\" decoding=\"async\" width=\"1000\" height=\"1000\" data-id=\"1103\" src=\"http:\/\/www.tecnologiascobra.cl\/wp-content\/uploads\/2021\/05\/industries4.jpg\" alt=\"-\" class=\"wp-image-1103\" title=\"- -\" srcset=\"https:\/\/www.epcm.com\/wp-content\/uploads\/2021\/05\/industries4.jpg 1000w, https:\/\/www.epcm.com\/wp-content\/uploads\/2021\/05\/industries4-300x300.jpg 300w, https:\/\/www.epcm.com\/wp-content\/uploads\/2021\/05\/industries4-150x150.jpg 150w, https:\/\/www.epcm.com\/wp-content\/uploads\/2021\/05\/industries4-768x768.jpg 768w\" sizes=\"auto, (max-width: 1000px) 100vw, 1000px\" \/><figcaption class=\"wp-element-caption\"><a href=\"https:\/\/www.epcm.com\/es\/industrias\/productos-quimicos-especiales\/\" data-type=\"page\"><mark style=\"background-color:rgba(0, 0, 0, 0)\" class=\"has-inline-color has-theme-default-color\">Productos qu\u00edmicos especiales<\/mark><\/a><\/figcaption><\/figure>\n<\/figure>\n<\/div><\/div>\n<\/div><\/div>\n\n\n\n<div class=\"wp-block-group alignfull is-style-default has-theme-white-color has-theme-primary-background-color has-text-color has-background\"><div class=\"wp-block-group__inner-container is-layout-flow wp-block-group-is-layout-flow\">\n<div class=\"wp-block-columns mb-0 is-style-w-50 is-layout-flex wp-container-core-columns-is-layout-9d6595d7 wp-block-columns-is-layout-flex\">\n<div class=\"wp-block-column is-layout-flow wp-block-column-is-layout-flow\">\n<hr class=\"wp-block-separator has-text-color has-theme-white-color has-css-opacity has-theme-white-background-color has-background is-style-wide mt-0\"\/>\n\n\n\n<blockquote class=\"wp-block-quote is-style-large is-layout-flow wp-block-quote-is-layout-flow\">\n<p><em><em>El sistema de EPCM se puso en servicio a tiempo y se aceler\u00f3 r\u00e1pidamente para cumplir con las especificaciones de dise\u00f1o<\/em>.<\/em><\/p>\n<cite>Gerente de Casa de Tanques de Refiner\u00eda, Cliente en Asia<\/cite><\/blockquote>\n<\/div>\n<\/div>\n<\/div><\/div>\n","protected":false},"excerpt":{"rendered":"<p>We deliver world-class consulting engineering, project management, integrated automation solutions, and service and support around the world. Whether working remotely or on-site, we have a clear focus on client success. Our multidisciplinary team excels at envisioning creative yet cost effective solutions, across industries.<\/p>\n","protected":false},"author":4,"featured_media":0,"parent":0,"menu_order":0,"comment_status":"closed","ping_status":"closed","template":"","meta":{"_mo_disable_npp":"","footnotes":""},"class_list":["post-2914","page","type-page","status-publish","hentry"],"_links":{"self":[{"href":"https:\/\/www.epcm.com\/es\/wp-json\/wp\/v2\/pages\/2914","targetHints":{"allow":["GET"]}}],"collection":[{"href":"https:\/\/www.epcm.com\/es\/wp-json\/wp\/v2\/pages"}],"about":[{"href":"https:\/\/www.epcm.com\/es\/wp-json\/wp\/v2\/types\/page"}],"author":[{"embeddable":true,"href":"https:\/\/www.epcm.com\/es\/wp-json\/wp\/v2\/users\/4"}],"replies":[{"embeddable":true,"href":"https:\/\/www.epcm.com\/es\/wp-json\/wp\/v2\/comments?post=2914"}],"version-history":[{"count":6,"href":"https:\/\/www.epcm.com\/es\/wp-json\/wp\/v2\/pages\/2914\/revisions"}],"predecessor-version":[{"id":3424,"href":"https:\/\/www.epcm.com\/es\/wp-json\/wp\/v2\/pages\/2914\/revisions\/3424"}],"wp:attachment":[{"href":"https:\/\/www.epcm.com\/es\/wp-json\/wp\/v2\/media?parent=2914"}],"curies":[{"name":"wp","href":"https:\/\/api.w.org\/{rel}","templated":true}]}}